{"id":68,"date":"2025-10-21T20:52:48","date_gmt":"2025-10-21T18:52:48","guid":{"rendered":"https:\/\/www.ernestotimor.com\/ernestotimor25\/?page_id=68"},"modified":"2025-12-21T17:26:42","modified_gmt":"2025-12-21T16:26:42","slug":"contact","status":"publish","type":"page","link":"https:\/\/www.ernestotimor.com\/ernestotimor25\/contact\/","title":{"rendered":"Contact"},"content":{"rendered":"<div class=\"row\"><div class=\"col-sm-6\">Ce formulaire de contact est l\u00e0 pour m&rsquo;\u00e9crire librement, r\u00e9agir \u00e0 ce que vous avez pu voir de mon travail\u2026 et bien s\u00fbr \u00e9voquer des envies de collaboration\u00a0!\n<p>Par ailleurs je diffuse tous les 3 mois la <strong>carte Saison Timor<\/strong> : photo originale en grand format, compl\u00e9t\u00e9e d&rsquo;un digest de mes news, les commandes et les plus artistiques. Pour la recevoir il suffit de demander en cochant la bonne case ci-contre&#8230;<\/p>\n<p>&nbsp;<\/p>\n<p><img loading=\"lazy\" decoding=\"async\" class=\"alignnone wp-image-620 size-large\" src=\"https:\/\/www.ernestotimor.com\/ernestotimor25\/wp-content\/uploads\/2025\/12\/carte-saison-timor-25-26-hiver-16-600x402.jpg\" alt=\"Derni\u00e8re carte Saison Timor parue.\" width=\"600\" height=\"402\" srcset=\"https:\/\/www.ernestotimor.com\/ernestotimor25\/wp-content\/uploads\/2025\/12\/carte-saison-timor-25-26-hiver-16-600x402.jpg 600w, https:\/\/www.ernestotimor.com\/ernestotimor25\/wp-content\/uploads\/2025\/12\/carte-saison-timor-25-26-hiver-16-400x268.jpg 400w, https:\/\/www.ernestotimor.com\/ernestotimor25\/wp-content\/uploads\/2025\/12\/carte-saison-timor-25-26-hiver-16-768x514.jpg 768w, https:\/\/www.ernestotimor.com\/ernestotimor25\/wp-content\/uploads\/2025\/12\/carte-saison-timor-25-26-hiver-16-1536x1028.jpg 1536w, https:\/\/www.ernestotimor.com\/ernestotimor25\/wp-content\/uploads\/2025\/12\/carte-saison-timor-25-26-hiver-16-299x200.jpg 299w, https:\/\/www.ernestotimor.com\/ernestotimor25\/wp-content\/uploads\/2025\/12\/carte-saison-timor-25-26-hiver-16.jpg 1600w\" sizes=\"auto, (max-width: 600px) 100vw, 600px\" \/><\/p>\n<div class=\"clearfix\">&nbsp;<\/div>\n<p>Par ici <a href=\"https:\/\/x91h4.mjt.lu\/nl3\/60c0m_P2hclQxo44MewHnQ?m=AMcAAIgfXCAAAc4kNhYAAJW2f6UAAAAAh_cAoDMwABhe_ABpSBxk8aVpnxmUSh63n0NULuLDQQAXzeM&amp;b=2a28d0d8&amp;e=9b70a386&amp;x=Y5HlgUiaadtIHB136sd5Ue5AUtVHusoMfGRClXPn0T8\">le dernier num\u00e9ro paru<\/a>\u2026<\/p>\n<p>Par ici la <a href=\"https:\/\/www.timor-rocks.com\/les-cartes-timor-rocks\/\">collection compl\u00e8te des cartes postales<\/a>.<\/p>\n<hr class=\"divider height-1 margin-top-20 margin-bottom-20\" \/>\n<\/div>\n<div class=\"col-sm-6\">\n\n<div class=\"wpcf7 no-js\" id=\"wpcf7-f69-o1\" lang=\"fr-FR\" dir=\"ltr\" data-wpcf7-id=\"69\">\n<div class=\"screen-reader-response\"><p role=\"status\" aria-live=\"polite\" aria-atomic=\"true\"><\/p> <ul><\/ul><\/div>\n<form action=\"\/ernestotimor25\/wp-json\/wp\/v2\/pages\/68#wpcf7-f69-o1\" method=\"post\" class=\"wpcf7-form init\" aria-label=\"Formulaire de contact\" novalidate=\"novalidate\" data-status=\"init\">\n<fieldset class=\"hidden-fields-container\"><input type=\"hidden\" name=\"_wpcf7\" value=\"69\" \/><input type=\"hidden\" name=\"_wpcf7_version\" value=\"6.1.5\" \/><input type=\"hidden\" name=\"_wpcf7_locale\" value=\"fr_FR\" \/><input type=\"hidden\" name=\"_wpcf7_unit_tag\" value=\"wpcf7-f69-o1\" \/><input type=\"hidden\" name=\"_wpcf7_container_post\" value=\"0\" \/><input type=\"hidden\" name=\"_wpcf7_posted_data_hash\" value=\"\" \/>\n<\/fieldset>\n<p><label> Votre nom et\/ou pr\u00e9nom (obligatoire)<br \/>\n<span class=\"wpcf7-form-control-wrap\" data-name=\"your-name\"><input size=\"40\" maxlength=\"400\" class=\"wpcf7-form-control wpcf7-text wpcf7-validates-as-required\" autocomplete=\"nom\" aria-required=\"true\" aria-invalid=\"false\" value=\"\" type=\"text\" name=\"your-name\" \/><\/span> <\/label>\n<\/p>\n<p><label> Votre adresse de messagerie (obligatoire)<br \/>\n<span class=\"wpcf7-form-control-wrap\" data-name=\"your-email\"><input size=\"40\" maxlength=\"400\" class=\"wpcf7-form-control wpcf7-email wpcf7-validates-as-required wpcf7-text wpcf7-validates-as-email\" autocomplete=\"email\" aria-required=\"true\" aria-invalid=\"false\" value=\"\" type=\"email\" name=\"your-email\" \/><\/span> <\/label>\n<\/p>\n<p><label> Votre site web<br \/>\n<span class=\"wpcf7-form-control-wrap\" data-name=\"url-557\"><input size=\"40\" maxlength=\"400\" class=\"wpcf7-form-control wpcf7-url wpcf7-text wpcf7-validates-as-url\" autocomplete=\"url\" aria-invalid=\"false\" placeholder=\"Votre site\" value=\"\" type=\"url\" name=\"url-557\" \/><\/span> <\/label>\n<\/p>\n<p><label> Objet<br \/>\n<span class=\"wpcf7-form-control-wrap\" data-name=\"your-subject\"><input size=\"40\" maxlength=\"400\" class=\"wpcf7-form-control wpcf7-text\" aria-invalid=\"false\" value=\"\" type=\"text\" name=\"your-subject\" \/><\/span> <\/label>\n<\/p>\n<p><label> Votre message<br \/>\n<span class=\"wpcf7-form-control-wrap\" data-name=\"your-message\"><textarea cols=\"40\" rows=\"10\" maxlength=\"2000\" class=\"wpcf7-form-control wpcf7-textarea\" aria-invalid=\"false\" name=\"your-message\"><\/textarea><\/span> <\/label>\n<\/p>\n<p><label> Souhaitez-vous recevoir la carte Saison Timor (newsletter trimestrielle) ?<\/label><br \/>\n<span class=\"wpcf7-form-control-wrap\" data-name=\"O-N\"><span class=\"wpcf7-form-control wpcf7-checkbox wpcf7-validates-as-required wpcf7-exclusive-checkbox\"><span class=\"wpcf7-list-item first\"><input type=\"checkbox\" name=\"O-N\" value=\"oui\" checked=\"checked\" \/><span class=\"wpcf7-list-item-label\">oui<\/span><\/span><span class=\"wpcf7-list-item last\"><input type=\"checkbox\" name=\"O-N\" value=\"non\" \/><span class=\"wpcf7-list-item-label\">non<\/span><\/span><\/span><\/span><br \/>\n<span class=\"wpcf7-form-control-wrap kc_captcha cf7ic-toggle\" data-name=\"kc_captcha\"><span class=\"wpcf7-form-control wpcf7-radio\"><span class=\"captcha-image\" style=\"display: none;\"><span class=\"cf7ic_instructions\">Veuillez prouver que vous \u00eates humain en s\u00e9lectionnant<span> la maison<\/span>.<\/span><label><input aria-label=\"1\" type=\"radio\" name=\"kc_captcha\" value=\"kc_human\" \/><svg aria-hidden=\"true\" role=\"img\" xmlns=\"http:\/\/www.w3.org\/2000\/svg\" viewBox=\"0 0 576 512\"><path fill=\"currentColor\" d=\"M488 313v143c0 13-11 24-24 24H348c-7 0-12-5-12-12V356c0-7-5-12-12-12h-72c-7 0-12 5-12 12v112c0 7-5 12-12 12H112c-13 0-24-11-24-24V313c0-4 2-7 4-10l188-154c5-4 11-4 16 0l188 154c2 3 4 6 4 10zm84-61l-84-69V44c0-6-5-12-12-12h-56c-7 0-12 6-12 12v73l-89-74a48 48 0 00-61 0L4 252c-5 4-5 12-1 17l25 31c5 5 12 5 17 1l235-193c5-4 11-4 16 0l235 193c5 5 13 4 17-1l25-31c4-6 4-13-1-17z\"><\/path><\/svg><\/label><label><input aria-label=\"2\" type=\"radio\" name=\"kc_captcha\" value=\"bot\" \/><svg aria-hidden=\"true\" role=\"img\" xmlns=\"http:\/\/www.w3.org\/2000\/svg\" viewBox=\"0 0 576 512\"><path fill=\"currentColor\" d=\"M259 18l-65 132-146 22c-26 3-37 36-18 54l106 103-25 146c-5 26 23 46 46 33l131-68 131 68c23 13 51-7 46-33l-25-146 106-103c19-18 8-51-18-54l-146-22-65-132a32 32 0 00-58 0z\"><\/path><\/svg><\/label><label><input aria-label=\"3\" type=\"radio\" name=\"kc_captcha\" value=\"bot\" \/><svg aria-hidden=\"true\" role=\"img\" xmlns=\"http:\/\/www.w3.org\/2000\/svg\" viewBox=\"0 0 512 512\"><path fill=\"currentColor\" d=\"M350 99c-54 0-98-35-166-35-25 0-47 4-68 12a56 56 0 004-24C118 24 95 1 66 0a56 56 0 00-34 102v386c0 13 11 24 24 24h16c13 0 24-11 24-24v-94c28-12 64-23 114-23 54 0 98 35 166 35 48 0 86-16 122-41 9-6 14-15 14-26V96c0-23-24-39-45-29-35 16-77 32-117 32z\"><\/path><\/svg><\/label>\r\n    <\/span>\r\n    <span style=\"display:none\">\r\n        <input type=\"text\" name=\"kc_honeypot\"\/>\r\n    <\/span><\/span><\/span>\n<\/p>\n<p><input class=\"wpcf7-form-control wpcf7-submit has-spinner\" type=\"submit\" value=\"Envoyer\" \/>\n<\/p><p style=\"display: none !important;\" class=\"akismet-fields-container\" data-prefix=\"_wpcf7_ak_\"><label>&#916;<textarea name=\"_wpcf7_ak_hp_textarea\" cols=\"45\" rows=\"8\" maxlength=\"100\"><\/textarea><\/label><input type=\"hidden\" id=\"ak_js_1\" name=\"_wpcf7_ak_js\" value=\"14\"\/><script>document.getElementById( \"ak_js_1\" ).setAttribute( \"value\", ( new Date() ).getTime() );<\/script><\/p><div class=\"wpcf7-response-output\" aria-hidden=\"true\"><\/div>\n<\/form>\n<\/div>\n<\/div>\n<\/div>\n","protected":false},"excerpt":{"rendered":"","protected":false},"author":1,"featured_media":0,"parent":0,"menu_order":0,"comment_status":"closed","ping_status":"closed","template":"","meta":{"footnotes":""},"folder":[],"class_list":["post-68","page","type-page","status-publish","hentry"],"yoast_head":"<!-- This site is optimized with the Yoast SEO plugin v27.2 - https:\/\/yoast.com\/product\/yoast-seo-wordpress\/ -->\n<title>Contact | Ernesto Timor - photographe<\/title>\n<meta name=\"robots\" content=\"index, follow, max-snippet:-1, max-image-preview:large, max-video-preview:-1\" \/>\n<link rel=\"canonical\" href=\"https:\/\/www.ernestotimor.com\/ernestotimor25\/contact\/\" \/>\n<meta property=\"og:locale\" content=\"fr_FR\" \/>\n<meta property=\"og:type\" content=\"article\" \/>\n<meta property=\"og:title\" content=\"Contact | Ernesto Timor - photographe\" \/>\n<meta property=\"og:url\" content=\"https:\/\/www.ernestotimor.com\/ernestotimor25\/contact\/\" \/>\n<meta property=\"og:site_name\" content=\"Ernesto Timor - photographe\" \/>\n<meta property=\"article:modified_time\" content=\"2025-12-21T16:26:42+00:00\" \/>\n<meta property=\"og:image\" content=\"https:\/\/www.ernestotimor.com\/ernestotimor25\/wp-content\/uploads\/2025\/12\/carte-saison-timor-25-26-hiver-16.jpg\" \/>\n\t<meta property=\"og:image:width\" content=\"1600\" \/>\n\t<meta property=\"og:image:height\" content=\"1071\" \/>\n\t<meta property=\"og:image:type\" content=\"image\/jpeg\" \/>\n<meta name=\"twitter:card\" content=\"summary_large_image\" \/>\n<meta name=\"twitter:label1\" content=\"Dur\u00e9e de lecture estim\u00e9e\" \/>\n\t<meta name=\"twitter:data1\" content=\"1 minute\" \/>\n<script type=\"application\/ld+json\" class=\"yoast-schema-graph\">{\"@context\":\"https:\/\/schema.org\",\"@graph\":[{\"@type\":\"WebPage\",\"@id\":\"https:\/\/www.ernestotimor.com\/ernestotimor25\/contact\/\",\"url\":\"https:\/\/www.ernestotimor.com\/ernestotimor25\/contact\/\",\"name\":\"Contact | Ernesto Timor - photographe\",\"isPartOf\":{\"@id\":\"https:\/\/www.ernestotimor.com\/ernestotimor25\/#website\"},\"primaryImageOfPage\":{\"@id\":\"https:\/\/www.ernestotimor.com\/ernestotimor25\/contact\/#primaryimage\"},\"image\":{\"@id\":\"https:\/\/www.ernestotimor.com\/ernestotimor25\/contact\/#primaryimage\"},\"thumbnailUrl\":\"https:\/\/www.ernestotimor.com\/ernestotimor25\/wp-content\/uploads\/2025\/12\/carte-saison-timor-25-26-hiver-16-600x402.jpg\",\"datePublished\":\"2025-10-21T18:52:48+00:00\",\"dateModified\":\"2025-12-21T16:26:42+00:00\",\"breadcrumb\":{\"@id\":\"https:\/\/www.ernestotimor.com\/ernestotimor25\/contact\/#breadcrumb\"},\"inLanguage\":\"fr-FR\",\"potentialAction\":[{\"@type\":\"ReadAction\",\"target\":[\"https:\/\/www.ernestotimor.com\/ernestotimor25\/contact\/\"]}]},{\"@type\":\"ImageObject\",\"inLanguage\":\"fr-FR\",\"@id\":\"https:\/\/www.ernestotimor.com\/ernestotimor25\/contact\/#primaryimage\",\"url\":\"https:\/\/www.ernestotimor.com\/ernestotimor25\/wp-content\/uploads\/2025\/12\/carte-saison-timor-25-26-hiver-16.jpg\",\"contentUrl\":\"https:\/\/www.ernestotimor.com\/ernestotimor25\/wp-content\/uploads\/2025\/12\/carte-saison-timor-25-26-hiver-16.jpg\",\"width\":1600,\"height\":1071},{\"@type\":\"BreadcrumbList\",\"@id\":\"https:\/\/www.ernestotimor.com\/ernestotimor25\/contact\/#breadcrumb\",\"itemListElement\":[{\"@type\":\"ListItem\",\"position\":1,\"name\":\"Accueil\",\"item\":\"https:\/\/www.ernestotimor.com\/ernestotimor25\/\"},{\"@type\":\"ListItem\",\"position\":2,\"name\":\"Contact\"}]},{\"@type\":\"WebSite\",\"@id\":\"https:\/\/www.ernestotimor.com\/ernestotimor25\/#website\",\"url\":\"https:\/\/www.ernestotimor.com\/ernestotimor25\/\",\"name\":\"Ernesto Timor photographe\",\"description\":\"\",\"publisher\":{\"@id\":\"https:\/\/www.ernestotimor.com\/ernestotimor25\/#organization\"},\"potentialAction\":[{\"@type\":\"SearchAction\",\"target\":{\"@type\":\"EntryPoint\",\"urlTemplate\":\"https:\/\/www.ernestotimor.com\/ernestotimor25\/?s={search_term_string}\"},\"query-input\":{\"@type\":\"PropertyValueSpecification\",\"valueRequired\":true,\"valueName\":\"search_term_string\"}}],\"inLanguage\":\"fr-FR\"},{\"@type\":\"Organization\",\"@id\":\"https:\/\/www.ernestotimor.com\/ernestotimor25\/#organization\",\"name\":\"Ernesto Timor\",\"url\":\"https:\/\/www.ernestotimor.com\/ernestotimor25\/\",\"logo\":{\"@type\":\"ImageObject\",\"inLanguage\":\"fr-FR\",\"@id\":\"https:\/\/www.ernestotimor.com\/ernestotimor25\/#\/schema\/logo\/image\/\",\"url\":\"https:\/\/www.ernestotimor.com\/ernestotimor25\/wp-content\/uploads\/2025\/10\/cropped-Ernesto2025-fav-2.jpg\",\"contentUrl\":\"https:\/\/www.ernestotimor.com\/ernestotimor25\/wp-content\/uploads\/2025\/10\/cropped-Ernesto2025-fav-2.jpg\",\"width\":512,\"height\":512,\"caption\":\"Ernesto Timor\"},\"image\":{\"@id\":\"https:\/\/www.ernestotimor.com\/ernestotimor25\/#\/schema\/logo\/image\/\"},\"sameAs\":[\"https:\/\/www.linkedin.com\/in\/bertrand-sampeur-\ud83d\udea9aka-ernesto-timor-310a02256\/\"]}]}<\/script>\n<!-- \/ Yoast SEO plugin. -->","yoast_head_json":{"title":"Contact | Ernesto Timor - photographe","robots":{"index":"index","follow":"follow","max-snippet":"max-snippet:-1","max-image-preview":"max-image-preview:large","max-video-preview":"max-video-preview:-1"},"canonical":"https:\/\/www.ernestotimor.com\/ernestotimor25\/contact\/","og_locale":"fr_FR","og_type":"article","og_title":"Contact | Ernesto Timor - photographe","og_url":"https:\/\/www.ernestotimor.com\/ernestotimor25\/contact\/","og_site_name":"Ernesto Timor - photographe","article_modified_time":"2025-12-21T16:26:42+00:00","og_image":[{"width":1600,"height":1071,"url":"https:\/\/www.ernestotimor.com\/ernestotimor25\/wp-content\/uploads\/2025\/12\/carte-saison-timor-25-26-hiver-16.jpg","type":"image\/jpeg"}],"twitter_card":"summary_large_image","twitter_misc":{"Dur\u00e9e de lecture estim\u00e9e":"1 minute"},"schema":{"@context":"https:\/\/schema.org","@graph":[{"@type":"WebPage","@id":"https:\/\/www.ernestotimor.com\/ernestotimor25\/contact\/","url":"https:\/\/www.ernestotimor.com\/ernestotimor25\/contact\/","name":"Contact | Ernesto Timor - photographe","isPartOf":{"@id":"https:\/\/www.ernestotimor.com\/ernestotimor25\/#website"},"primaryImageOfPage":{"@id":"https:\/\/www.ernestotimor.com\/ernestotimor25\/contact\/#primaryimage"},"image":{"@id":"https:\/\/www.ernestotimor.com\/ernestotimor25\/contact\/#primaryimage"},"thumbnailUrl":"https:\/\/www.ernestotimor.com\/ernestotimor25\/wp-content\/uploads\/2025\/12\/carte-saison-timor-25-26-hiver-16-600x402.jpg","datePublished":"2025-10-21T18:52:48+00:00","dateModified":"2025-12-21T16:26:42+00:00","breadcrumb":{"@id":"https:\/\/www.ernestotimor.com\/ernestotimor25\/contact\/#breadcrumb"},"inLanguage":"fr-FR","potentialAction":[{"@type":"ReadAction","target":["https:\/\/www.ernestotimor.com\/ernestotimor25\/contact\/"]}]},{"@type":"ImageObject","inLanguage":"fr-FR","@id":"https:\/\/www.ernestotimor.com\/ernestotimor25\/contact\/#primaryimage","url":"https:\/\/www.ernestotimor.com\/ernestotimor25\/wp-content\/uploads\/2025\/12\/carte-saison-timor-25-26-hiver-16.jpg","contentUrl":"https:\/\/www.ernestotimor.com\/ernestotimor25\/wp-content\/uploads\/2025\/12\/carte-saison-timor-25-26-hiver-16.jpg","width":1600,"height":1071},{"@type":"BreadcrumbList","@id":"https:\/\/www.ernestotimor.com\/ernestotimor25\/contact\/#breadcrumb","itemListElement":[{"@type":"ListItem","position":1,"name":"Accueil","item":"https:\/\/www.ernestotimor.com\/ernestotimor25\/"},{"@type":"ListItem","position":2,"name":"Contact"}]},{"@type":"WebSite","@id":"https:\/\/www.ernestotimor.com\/ernestotimor25\/#website","url":"https:\/\/www.ernestotimor.com\/ernestotimor25\/","name":"Ernesto Timor photographe","description":"","publisher":{"@id":"https:\/\/www.ernestotimor.com\/ernestotimor25\/#organization"},"potentialAction":[{"@type":"SearchAction","target":{"@type":"EntryPoint","urlTemplate":"https:\/\/www.ernestotimor.com\/ernestotimor25\/?s={search_term_string}"},"query-input":{"@type":"PropertyValueSpecification","valueRequired":true,"valueName":"search_term_string"}}],"inLanguage":"fr-FR"},{"@type":"Organization","@id":"https:\/\/www.ernestotimor.com\/ernestotimor25\/#organization","name":"Ernesto Timor","url":"https:\/\/www.ernestotimor.com\/ernestotimor25\/","logo":{"@type":"ImageObject","inLanguage":"fr-FR","@id":"https:\/\/www.ernestotimor.com\/ernestotimor25\/#\/schema\/logo\/image\/","url":"https:\/\/www.ernestotimor.com\/ernestotimor25\/wp-content\/uploads\/2025\/10\/cropped-Ernesto2025-fav-2.jpg","contentUrl":"https:\/\/www.ernestotimor.com\/ernestotimor25\/wp-content\/uploads\/2025\/10\/cropped-Ernesto2025-fav-2.jpg","width":512,"height":512,"caption":"Ernesto Timor"},"image":{"@id":"https:\/\/www.ernestotimor.com\/ernestotimor25\/#\/schema\/logo\/image\/"},"sameAs":["https:\/\/www.linkedin.com\/in\/bertrand-sampeur-\ud83d\udea9aka-ernesto-timor-310a02256\/"]}]}},"_links":{"self":[{"href":"https:\/\/www.ernestotimor.com\/ernestotimor25\/wp-json\/wp\/v2\/pages\/68","targetHints":{"allow":["GET"]}}],"collection":[{"href":"https:\/\/www.ernestotimor.com\/ernestotimor25\/wp-json\/wp\/v2\/pages"}],"about":[{"href":"https:\/\/www.ernestotimor.com\/ernestotimor25\/wp-json\/wp\/v2\/types\/page"}],"author":[{"embeddable":true,"href":"https:\/\/www.ernestotimor.com\/ernestotimor25\/wp-json\/wp\/v2\/users\/1"}],"replies":[{"embeddable":true,"href":"https:\/\/www.ernestotimor.com\/ernestotimor25\/wp-json\/wp\/v2\/comments?post=68"}],"version-history":[{"count":2,"href":"https:\/\/www.ernestotimor.com\/ernestotimor25\/wp-json\/wp\/v2\/pages\/68\/revisions"}],"predecessor-version":[{"id":632,"href":"https:\/\/www.ernestotimor.com\/ernestotimor25\/wp-json\/wp\/v2\/pages\/68\/revisions\/632"}],"wp:attachment":[{"href":"https:\/\/www.ernestotimor.com\/ernestotimor25\/wp-json\/wp\/v2\/media?parent=68"}],"wp:term":[{"taxonomy":"folder","embeddable":true,"href":"https:\/\/www.ernestotimor.com\/ernestotimor25\/wp-json\/wp\/v2\/folder?post=68"}],"curies":[{"name":"wp","href":"https:\/\/api.w.org\/{rel}","templated":true}]}}