{"id":10834,"date":"2012-06-21T06:39:21","date_gmt":"2012-06-21T04:39:21","guid":{"rendered":"http:\/\/www.ernestotimor.com\/irregular\/?page_id=10834"},"modified":"2025-10-28T11:01:01","modified_gmt":"2025-10-28T10:01:01","slug":"les-limites-nous-regardent","status":"publish","type":"page","link":"https:\/\/www.ernestotimor.com\/irregular\/expositions\/retrospective-en-affiches\/les-limites-nous-regardent\/","title":{"rendered":"<em>Les limites nous regardent<\/em> : un projet \u00e9volutif et collaboratif"},"content":{"rendered":"<h4>Projet n\u00e9 d&rsquo;une commande pour donner la couleur d&rsquo;une saison culturelle en 2009, <em>Les limites nous regardent<\/em> n&rsquo;a cess\u00e9 de rebondir et se d\u00e9ployer ensuite, accroch\u00e9, projet\u00e9 et perform\u00e9 sous maintes formes, avec des invit\u00e9s pr\u00e9cieux&#8230;<\/h4>\n<blockquote>\n<figure id=\"attachment_18105\" aria-describedby=\"caption-attachment-18105\" style=\"width: 300px\" class=\"wp-caption alignright\"><a href=\"http:\/\/www.ernestotimor.com\/irregular\/wp-content\/uploads\/2012\/06\/timor-limites-soiree-antreautre-flyer.jpg\"><img loading=\"lazy\" decoding=\"async\" class=\"wp-image-18105 size-medium\" title=\"Cliquer pour agrandir\" src=\"http:\/\/www.ernestotimor.com\/irregular\/wp-content\/uploads\/2012\/06\/timor-limites-soiree-antreautre-flyer-300x300.jpg\" alt=\"Photo \u00a9 Ernesto Timor\" width=\"300\" height=\"300\" srcset=\"https:\/\/www.ernestotimor.com\/irregular\/wp-content\/uploads\/2012\/06\/timor-limites-soiree-antreautre-flyer-300x300.jpg 300w, https:\/\/www.ernestotimor.com\/irregular\/wp-content\/uploads\/2012\/06\/timor-limites-soiree-antreautre-flyer-150x150.jpg 150w, https:\/\/www.ernestotimor.com\/irregular\/wp-content\/uploads\/2012\/06\/timor-limites-soiree-antreautre-flyer-512x512.jpg 512w, https:\/\/www.ernestotimor.com\/irregular\/wp-content\/uploads\/2012\/06\/timor-limites-soiree-antreautre-flyer-120x120.jpg 120w, https:\/\/www.ernestotimor.com\/irregular\/wp-content\/uploads\/2012\/06\/timor-limites-soiree-antreautre-flyer.jpg 779w\" sizes=\"auto, (max-width: 300px) 100vw, 300px\" \/><\/a><figcaption id=\"caption-attachment-18105\" class=\"wp-caption-text\">Flyer d&rsquo;une soir\u00e9e Ernesto &amp; Friends dans le cadre d&rsquo;une exposition du cycle <em>Les limites nous regardent<\/em> (Lyon, mars 2013).<\/figcaption><\/figure>\n<p><br class=\"spacer\">Ingr\u00e9dients n\u00e9cessaires : un paysage (rural ou urbain), un habitant qui en explore les bornes, enclin \u00e0 laisser le photographe se pencher par dessus son \u00e9paule. Le cadre est dict\u00e9 par ce que je connais ou per\u00e7ois de chacune de ces personnes, il s\u2019agit de portraits que j\u2019esp\u00e8re le plus \u00ab&nbsp;justes&nbsp;\u00bb possible. <em>Les limites nous regardent<\/em> est un projet au long cours que j&rsquo;ai men\u00e9 pendant plusieurs ann\u00e9es, une mani\u00e8re d\u2019appr\u00e9hender les gens sur leurs \u00ab&nbsp;terres&nbsp;\u00bb ou, plus largement, dans des d\u00e9cors charg\u00e9s de sens pour chacun. Des limites impr\u00e9vues se sont dessin\u00e9es, seuils qu\u2019on h\u00e9site \u00e0 franchir, pointill\u00e9s que parfois on est seul \u00e0 voir.<br \/>\nLe&nbsp;cadre de l\u2019image unique ne sort pas indemne de ce voyage&nbsp;: o\u00f9\u202fsommes-nous exactement\u2008? Le\u202fdoute est permis\u2026 C\u2019est aussi pour moi un travail sur l&rsquo;incertitude qui impr\u00e8gne plus que jamais la vision photographique&nbsp;: format, focus, subjectivit\u00e9 du point de vue\u2026 toutes questions de regard auxquelles je tente \u00e0 chaque fois de donner une r\u00e9ponse \u00e0 l\u2019\u00e9quilibre fragile.<br \/>\nJ\u2019ai&nbsp;sous-titr\u00e9 ces faux panoramiques <em>Panoptiques naturels<\/em> en clin d\u2019\u0153il \u00e0 cette exp\u00e9rimentation optique, mais aussi en allusion critique \u00e0 certains principes politiques ou dispositifs architecturaux qui r\u00e9gentent notre vie sociale sous haute surveillance. Cela rel\u00e8ve de l\u2019exorcisme, car ces contemplations partag\u00e9es sont autant d\u2019utopies de fronti\u00e8res poreuses, et de libert\u00e9 d\u00e9multipli\u00e9e.<\/p><\/blockquote>\nngg_shortcode_0_placeholderLe c\u0153ur du projet est un ensemble de diptyques de grand format dont la galerie ci-dessus donne un bon aper\u00e7u. Il existe au total un peu plus d&rsquo;une quarantaine d&rsquo;images, dont une s\u00e9lection est expos\u00e9e sous forme de tirages, de nombre variable selon le lieu, tandis que souvent le reste est projet\u00e9. Depuis 2008, le projet a connu autant de rebonds que de saisons, s&rsquo;est expos\u00e9 par bribes ou en grand, a continu\u00e9 de s&rsquo;\u00e9toffer, de se projeter, d&rsquo;\u00e9veiller vocations et \u00e9chos sonores&#8230;<\/p>\n<div class=\"encadretsp\">\n<p><br class=\"spacer\"><iframe loading=\"lazy\" src=\"https:\/\/player.vimeo.com\/video\/127702581?title=0&amp;byline=0&amp;portrait=0\" width=\"300\" height=\"169\" frameborder=\"0\" allowfullscreen=\"allowfullscreen\"><\/iframe>Les amateurs d&rsquo;int\u00e9grale peuvent compl\u00e9ter la visite gr\u00e2ce \u00e0 ce <a href=\"https:\/\/vimeo.com\/127702581\">diaporama<\/a>, qui d\u00e9file un peu vite pour une approche contemplative mais permet d&rsquo;absolument TOUT voir !<\/p>\n<p>Les amateurs d&rsquo;images qui bougent en musique iront se projeter <em>Les limites nous \u00e9coutent<\/em> dans la <a href=\"http:\/\/www.ernestotimor.com\/irregular\/echographies\/cinema-paradisio-salle-1\/\">Salle 1 du Cinema Paradisio<\/a>&#8230;<br \/>\n<br class=\"spacer\"><\/p>\n<\/div>\n<p>&nbsp;<\/p>\n<h5>Dossier professionnel t\u00e9l\u00e9chargeable : <a title=\"pdf, 2,5 Mo\" href=\"http:\/\/www.ernestotimor.com\/pdf\/dossier-limites-antreautre-2013.pdf\" target=\"_blank\" rel=\"noopener noreferrer\">Clic !<\/a><\/h5>\n<hr>\n<p>&nbsp;<\/p>\n<p>&nbsp;<br \/>\n<div class=\"short-cry col-sm-6\">\n<h5>Principales \u00e9tapes et apparitions publiques de ce projet<\/h5>\n<p>&nbsp;<\/p>\n<ul>\n<li><strong>La Norville (91), mai-juin 2008.<\/strong> Cr\u00e9ation. Accrochage de plein air dans les jardins de la m\u00e9diath\u00e8que, vernissage-parcours en voix et musique, publication tout au long des pages de la plaquette de saison th\u00e9\u00e2trale 2007-2008.<\/li>\n<li><strong>Montreuil (93), octobre 2008.<\/strong> Accrochage de plein air, dans le cadre des portes ouvertes des ateliers d\u2019artistes.<\/li>\n<li><strong>Paris, Th\u00e9\u00e2tre de l\u2019Opprim\u00e9, janvier 2009.<\/strong> Accrochage et projections dans le cadre du festival <em>Passer l\u2019hiver ?<\/em>.<\/li>\n<li><strong>Paris, Soci\u00e9t\u00e9 de curiosit\u00e9s, f\u00e9vrier 2010.<\/strong> Soir\u00e9e d\u00e9-concertante, projection-performance en association avec C\u00e9line Liger (voix) et Ga\u00ebl Ascal (musique).<\/li>\n<li><strong>Roanne (42), m\u00e9diath\u00e8que, janvier-f\u00e9vrier 2010.<\/strong> Grand accrochage, projections de <em>Face A<\/em> et <em>Face B<\/em> (clips sur la musique de Ga\u00ebl Ascal), parcours-visite en voix et performance.<\/li>\n<li><strong>Briis-sous-forges (91), Maison de la CCPL, avril 2011.<\/strong> Accrochage de l\u2019\u00e9tape 2011, projection de l\u2019int\u00e9grale.<\/li>\n<li><strong>Sainte-Genevi\u00e8ve-des-Bois (91), septembre-d\u00e9cembre 2011.<\/strong> Accrochage de grands formats en plein air + expo \u00e0 la m\u00e9diath\u00e8que. <em>Correspondances panoptiques,<\/em> ateliers d&rsquo;\u00e9criture photographique men\u00e9s avec des d\u00e9tenus de Fleury-M\u00e9rogis et des lyc\u00e9ens voisins.<\/li>\n<li><strong>Les Ap\u00e9ros Pollen, La Petite Madeleine (Lyon), mai 2012.<\/strong> Projection performance.<\/li>\n<li><strong>Balades photographiques de Seyssel (74), juillet 2012.<\/strong> Expo.<\/li>\n<li><strong>Les Nuits photographiques de Pierrevert (04), juillet 2012.<\/strong> Expo et projection sur \u00e9cran g\u00e9ant.<\/li>\n<li><strong>L&rsquo;Antre Autre, Lyon, mars 2013.<\/strong> Expo et projection.<\/li>\n<li><strong>Festival Play Mobile (Bellastock), Tremblay-en-France, mai 2015.<\/strong> Projection et performance dans\u00e9e.<\/li>\n<\/ul>\n<\/div>\n<div class=\"short-cry col-sm-6\">\n<h5>Voir des aper\u00e7us g\u00e9n\u00e9reux de pr\u00e9c\u00e9dentes \u00e9tapes du projet<\/h5>\n<p>&nbsp;<\/p>\n<ul>\n<li style=\"list-style-type: none;\">\n<ul>\n<li><strong>Jardins du Centre culturel Le Marque-page, La Norville<\/strong> (91), mai-juin 2008 (cr\u00e9ation). <a title=\"La Norville, mai-juin 2008 : traces !\" href=\"http:\/\/www.ernestotimor.com\/irregular\/expositions\/retrospective-en-affiches\/les-limites-nous-regardent\/la-norville-mai-juin-2008-traces\/\">Voir la page sp\u00e9ciale<\/a> (traces photo de l&rsquo;accrochage et clips \u00ab\u00a0face A\u00a0\u00bb et \u00ab\u00a0face B\u00a0\u00bb)<\/li>\n<li><strong>M\u00e9diath\u00e8que de Roanne<\/strong>, janvier-f\u00e9vrier 2010. <a title=\"Roanne, janvier-f\u00e9vrier 2010 : annonce et traces !\" href=\"http:\/\/www.ernestotimor.com\/irregular\/expositions\/retrospective-en-affiches\/les-limites-nous-regardent\/roanne-janvier-fevrier-2010\/\">Voir la page sp\u00e9ciale<\/a> (pr\u00e9sentation d\u00e9taill\u00e9e, presse, vid\u00e9o, photos de l&rsquo;expo&#8230;)<\/li>\n<li><strong>La Soci\u00e9t\u00e9 de Curiosit\u00e9s \u00e0 Paris<\/strong>, f\u00e9vrier 2010. <a title=\"Paris, Soci\u00e9t\u00e9 de Curiosit\u00e9s : traces !\" href=\"http:\/\/www.ernestotimor.com\/irregular\/expositions\/retrospective-en-affiches\/les-limites-nous-regardent\/paris-societe-de-curiosites-fevrier-2010\/\">Voir la page sp\u00e9ciale<\/a> (pr\u00e9sentation d\u00e9taill\u00e9e, vid\u00e9o \u00ab\u00a0la face cach\u00e9e\u00a0\u00bb&#8230;)<\/li>\n<li><strong>Variations boug\u00e9es et sonoris\u00e9es<\/strong> cr\u00e9\u00e9es pour des festivals de 2012. Sur le fil du son concret et de la musique, en pleine r\u00e9interpr\u00e9tation libre et sans paroles. Sur la base d&rsquo;une bande-son originale de Valeria Pacella, une nouvelle navigation visuelle dans les panoptiques voit le jour, un film photographique s\u2019invente, avec la complicit\u00e9 pr\u00e9cieuse de Fran\u00e7ois Nagir au montage\u2026 Voir la vid\u00e9o sur la page <a href=\"http:\/\/www.ernestotimor.com\/irregular\/echographies\/cinema-paradisio-salle-1\/\">Cin\u00e9ma Paradisio<\/a>, salle 1 !<\/li>\n<li><strong>L&rsquo;Antre Autre, Lyon<\/strong>, mars 2013. <a title=\"Limites 2013 : souvenirs magn\u00e9tiques\" href=\"http:\/\/www.ernestotimor.com\/irregular\/expositions\/retrospective-en-affiches\/les-limites-nous-regardent\/limites-2013-souvenirs-magnetiques\/\">Voir la page sp\u00e9ciale<\/a> (pr\u00e9sentation d\u00e9taill\u00e9e, presse, vid\u00e9o, photos de l&rsquo;expo&#8230;)<\/li>\n<\/ul>\n<\/li>\n<\/ul>\n<\/div>\n","protected":false},"excerpt":{"rendered":"<p>Projet n\u00e9 d&rsquo;une commande pour donner la couleur d&rsquo;une saison culturelle en 2009, Les limites nous regardent n&rsquo;a cess\u00e9 de rebondir et se d\u00e9ployer ensuite, accroch\u00e9, projet\u00e9 et perform\u00e9 sous maintes formes, avec des invit\u00e9s pr\u00e9cieux&#8230; Ingr\u00e9dients n\u00e9cessaires : un paysage (rural ou urbain), un habitant qui en explore les&hellip;<\/p>\n","protected":false},"author":2,"featured_media":0,"parent":12893,"menu_order":0,"comment_status":"closed","ping_status":"closed","template":"","meta":{"ngg_post_thumbnail":0,"footnotes":""},"categories":[1],"tags":[98,182,209,180,51,82,104,55,50],"class_list":["post-10834","page","type-page","status-publish","hentry","category-non-classe","tag-corps","tag-echo","tag-ecriture","tag-les-limites-nous-regardent","tag-nature","tag-optique","tag-paysage","tag-performance","tag-portrait"],"yoast_head":"<!-- This site is optimized with the Yoast SEO plugin v27.1.1 - https:\/\/yoast.com\/product\/yoast-seo-wordpress\/ -->\n<title>Les limites nous regardent : un projet \u00e9volutif et collaboratif &#8902; Ernesto Timor, photographe auteur<\/title>\n<meta name=\"description\" content=\"Ingr\u00e9dients n\u00e9cessaires : un paysage (rural ou urbain), un habitant qui en explore les bornes, enclin \u00e0 laisser le photographe se pencher par dessus son \u00e9paule.\" \/>\n<meta name=\"robots\" content=\"index, follow, max-snippet:-1, max-image-preview:large, max-video-preview:-1\" \/>\n<link rel=\"canonical\" href=\"https:\/\/www.ernestotimor.com\/irregular\/expositions\/retrospective-en-affiches\/les-limites-nous-regardent\/\" \/>\n<meta property=\"og:locale\" content=\"fr_FR\" \/>\n<meta property=\"og:type\" content=\"article\" \/>\n<meta property=\"og:title\" content=\"Les limites nous regardent : un projet \u00e9volutif et collaboratif &#8902; Ernesto Timor, photographe auteur\" \/>\n<meta property=\"og:description\" content=\"Ingr\u00e9dients n\u00e9cessaires : un paysage (rural ou urbain), un habitant qui en explore les bornes, enclin \u00e0 laisser le photographe se pencher par dessus son \u00e9paule.\" \/>\n<meta property=\"og:url\" content=\"https:\/\/www.ernestotimor.com\/irregular\/expositions\/retrospective-en-affiches\/les-limites-nous-regardent\/\" \/>\n<meta property=\"og:site_name\" content=\"Ernesto Timor, photographe auteur\" \/>\n<meta property=\"article:publisher\" content=\"https:\/\/www.facebook.com\/Timor.Rocks\/\" \/>\n<meta property=\"article:modified_time\" content=\"2025-10-28T10:01:01+00:00\" \/>\n<meta property=\"og:image\" content=\"https:\/\/www.ernestotimor.com\/irregular\/wp-content\/uploads\/2012\/06\/timor-limites-soiree-antreautre-flyer.jpg\" \/>\n\t<meta property=\"og:image:width\" content=\"779\" \/>\n\t<meta property=\"og:image:height\" content=\"779\" \/>\n\t<meta property=\"og:image:type\" content=\"image\/jpeg\" \/>\n<meta name=\"twitter:card\" content=\"summary_large_image\" \/>\n<meta name=\"twitter:label1\" content=\"Dur\u00e9e de lecture estim\u00e9e\" \/>\n\t<meta name=\"twitter:data1\" content=\"3 minutes\" \/>\n<script type=\"application\/ld+json\" class=\"yoast-schema-graph\">{\"@context\":\"https:\/\/schema.org\",\"@graph\":[{\"@type\":\"WebPage\",\"@id\":\"https:\/\/www.ernestotimor.com\/irregular\/expositions\/retrospective-en-affiches\/les-limites-nous-regardent\/\",\"url\":\"https:\/\/www.ernestotimor.com\/irregular\/expositions\/retrospective-en-affiches\/les-limites-nous-regardent\/\",\"name\":\"Les limites nous regardent : un projet \u00e9volutif et collaboratif &#8902; Ernesto Timor, photographe auteur\",\"isPartOf\":{\"@id\":\"https:\/\/www.ernestotimor.com\/irregular\/#website\"},\"primaryImageOfPage\":{\"@id\":\"https:\/\/www.ernestotimor.com\/irregular\/expositions\/retrospective-en-affiches\/les-limites-nous-regardent\/#primaryimage\"},\"image\":{\"@id\":\"https:\/\/www.ernestotimor.com\/irregular\/expositions\/retrospective-en-affiches\/les-limites-nous-regardent\/#primaryimage\"},\"thumbnailUrl\":\"http:\/\/www.ernestotimor.com\/irregular\/wp-content\/uploads\/2012\/06\/timor-limites-soiree-antreautre-flyer-300x300.jpg\",\"datePublished\":\"2012-06-21T04:39:21+00:00\",\"dateModified\":\"2025-10-28T10:01:01+00:00\",\"description\":\"Ingr\u00e9dients n\u00e9cessaires : un paysage (rural ou urbain), un habitant qui en explore les bornes, enclin \u00e0 laisser le photographe se pencher par dessus son \u00e9paule.\",\"breadcrumb\":{\"@id\":\"https:\/\/www.ernestotimor.com\/irregular\/expositions\/retrospective-en-affiches\/les-limites-nous-regardent\/#breadcrumb\"},\"inLanguage\":\"fr-FR\",\"potentialAction\":[{\"@type\":\"ReadAction\",\"target\":[\"https:\/\/www.ernestotimor.com\/irregular\/expositions\/retrospective-en-affiches\/les-limites-nous-regardent\/\"]}]},{\"@type\":\"ImageObject\",\"inLanguage\":\"fr-FR\",\"@id\":\"https:\/\/www.ernestotimor.com\/irregular\/expositions\/retrospective-en-affiches\/les-limites-nous-regardent\/#primaryimage\",\"url\":\"https:\/\/www.ernestotimor.com\/irregular\/wp-content\/uploads\/2012\/06\/timor-limites-soiree-antreautre-flyer.jpg\",\"contentUrl\":\"https:\/\/www.ernestotimor.com\/irregular\/wp-content\/uploads\/2012\/06\/timor-limites-soiree-antreautre-flyer.jpg\",\"width\":779,\"height\":779},{\"@type\":\"BreadcrumbList\",\"@id\":\"https:\/\/www.ernestotimor.com\/irregular\/expositions\/retrospective-en-affiches\/les-limites-nous-regardent\/#breadcrumb\",\"itemListElement\":[{\"@type\":\"ListItem\",\"position\":1,\"name\":\"Accueil\",\"item\":\"https:\/\/www.ernestotimor.com\/irregular\/\"},{\"@type\":\"ListItem\",\"position\":2,\"name\":\"Expositions\",\"item\":\"https:\/\/www.ernestotimor.com\/irregular\/expositions\/\"},{\"@type\":\"ListItem\",\"position\":3,\"name\":\"R\u00e9trospective en affiches\",\"item\":\"https:\/\/www.ernestotimor.com\/irregular\/expositions\/retrospective-en-affiches\/\"},{\"@type\":\"ListItem\",\"position\":4,\"name\":\"Les limites nous regardent : un projet \u00e9volutif et collaboratif\"}]},{\"@type\":\"WebSite\",\"@id\":\"https:\/\/www.ernestotimor.com\/irregular\/#website\",\"url\":\"https:\/\/www.ernestotimor.com\/irregular\/\",\"name\":\"Ernesto Timor, photographe auteur\",\"description\":\"Travaux personnels, galeries d&#039;art et d&#039;essai\",\"publisher\":{\"@id\":\"https:\/\/www.ernestotimor.com\/irregular\/#organization\"},\"potentialAction\":[{\"@type\":\"SearchAction\",\"target\":{\"@type\":\"EntryPoint\",\"urlTemplate\":\"https:\/\/www.ernestotimor.com\/irregular\/?s={search_term_string}\"},\"query-input\":{\"@type\":\"PropertyValueSpecification\",\"valueRequired\":true,\"valueName\":\"search_term_string\"}}],\"inLanguage\":\"fr-FR\"},{\"@type\":\"Organization\",\"@id\":\"https:\/\/www.ernestotimor.com\/irregular\/#organization\",\"name\":\"Timor Rocks !\",\"url\":\"https:\/\/www.ernestotimor.com\/irregular\/\",\"logo\":{\"@type\":\"ImageObject\",\"inLanguage\":\"fr-FR\",\"@id\":\"https:\/\/www.ernestotimor.com\/irregular\/#\/schema\/logo\/image\/\",\"url\":\"https:\/\/www.ernestotimor.com\/irregular\/wp-content\/uploads\/2019\/09\/irregular-2019-logo-wp-2.png\",\"contentUrl\":\"https:\/\/www.ernestotimor.com\/irregular\/wp-content\/uploads\/2019\/09\/irregular-2019-logo-wp-2.png\",\"width\":240,\"height\":120,\"caption\":\"Timor Rocks !\"},\"image\":{\"@id\":\"https:\/\/www.ernestotimor.com\/irregular\/#\/schema\/logo\/image\/\"},\"sameAs\":[\"https:\/\/www.facebook.com\/Timor.Rocks\/\",\"http:\/\/fr.linkedin.com\/in\/timorrocks\",\"https:\/\/www.youtube.com\/user\/Theatredumenteur\"]}]}<\/script>\n<!-- \/ Yoast SEO plugin. -->","yoast_head_json":{"title":"Les limites nous regardent : un projet \u00e9volutif et collaboratif &#8902; Ernesto Timor, photographe auteur","description":"Ingr\u00e9dients n\u00e9cessaires : un paysage (rural ou urbain), un habitant qui en explore les bornes, enclin \u00e0 laisser le photographe se pencher par dessus son \u00e9paule.","robots":{"index":"index","follow":"follow","max-snippet":"max-snippet:-1","max-image-preview":"max-image-preview:large","max-video-preview":"max-video-preview:-1"},"canonical":"https:\/\/www.ernestotimor.com\/irregular\/expositions\/retrospective-en-affiches\/les-limites-nous-regardent\/","og_locale":"fr_FR","og_type":"article","og_title":"Les limites nous regardent : un projet \u00e9volutif et collaboratif &#8902; Ernesto Timor, photographe auteur","og_description":"Ingr\u00e9dients n\u00e9cessaires : un paysage (rural ou urbain), un habitant qui en explore les bornes, enclin \u00e0 laisser le photographe se pencher par dessus son \u00e9paule.","og_url":"https:\/\/www.ernestotimor.com\/irregular\/expositions\/retrospective-en-affiches\/les-limites-nous-regardent\/","og_site_name":"Ernesto Timor, photographe auteur","article_publisher":"https:\/\/www.facebook.com\/Timor.Rocks\/","article_modified_time":"2025-10-28T10:01:01+00:00","og_image":[{"width":779,"height":779,"url":"https:\/\/www.ernestotimor.com\/irregular\/wp-content\/uploads\/2012\/06\/timor-limites-soiree-antreautre-flyer.jpg","type":"image\/jpeg"}],"twitter_card":"summary_large_image","twitter_misc":{"Dur\u00e9e de lecture estim\u00e9e":"3 minutes"},"schema":{"@context":"https:\/\/schema.org","@graph":[{"@type":"WebPage","@id":"https:\/\/www.ernestotimor.com\/irregular\/expositions\/retrospective-en-affiches\/les-limites-nous-regardent\/","url":"https:\/\/www.ernestotimor.com\/irregular\/expositions\/retrospective-en-affiches\/les-limites-nous-regardent\/","name":"Les limites nous regardent : un projet \u00e9volutif et collaboratif &#8902; Ernesto Timor, photographe auteur","isPartOf":{"@id":"https:\/\/www.ernestotimor.com\/irregular\/#website"},"primaryImageOfPage":{"@id":"https:\/\/www.ernestotimor.com\/irregular\/expositions\/retrospective-en-affiches\/les-limites-nous-regardent\/#primaryimage"},"image":{"@id":"https:\/\/www.ernestotimor.com\/irregular\/expositions\/retrospective-en-affiches\/les-limites-nous-regardent\/#primaryimage"},"thumbnailUrl":"http:\/\/www.ernestotimor.com\/irregular\/wp-content\/uploads\/2012\/06\/timor-limites-soiree-antreautre-flyer-300x300.jpg","datePublished":"2012-06-21T04:39:21+00:00","dateModified":"2025-10-28T10:01:01+00:00","description":"Ingr\u00e9dients n\u00e9cessaires : un paysage (rural ou urbain), un habitant qui en explore les bornes, enclin \u00e0 laisser le photographe se pencher par dessus son \u00e9paule.","breadcrumb":{"@id":"https:\/\/www.ernestotimor.com\/irregular\/expositions\/retrospective-en-affiches\/les-limites-nous-regardent\/#breadcrumb"},"inLanguage":"fr-FR","potentialAction":[{"@type":"ReadAction","target":["https:\/\/www.ernestotimor.com\/irregular\/expositions\/retrospective-en-affiches\/les-limites-nous-regardent\/"]}]},{"@type":"ImageObject","inLanguage":"fr-FR","@id":"https:\/\/www.ernestotimor.com\/irregular\/expositions\/retrospective-en-affiches\/les-limites-nous-regardent\/#primaryimage","url":"https:\/\/www.ernestotimor.com\/irregular\/wp-content\/uploads\/2012\/06\/timor-limites-soiree-antreautre-flyer.jpg","contentUrl":"https:\/\/www.ernestotimor.com\/irregular\/wp-content\/uploads\/2012\/06\/timor-limites-soiree-antreautre-flyer.jpg","width":779,"height":779},{"@type":"BreadcrumbList","@id":"https:\/\/www.ernestotimor.com\/irregular\/expositions\/retrospective-en-affiches\/les-limites-nous-regardent\/#breadcrumb","itemListElement":[{"@type":"ListItem","position":1,"name":"Accueil","item":"https:\/\/www.ernestotimor.com\/irregular\/"},{"@type":"ListItem","position":2,"name":"Expositions","item":"https:\/\/www.ernestotimor.com\/irregular\/expositions\/"},{"@type":"ListItem","position":3,"name":"R\u00e9trospective en affiches","item":"https:\/\/www.ernestotimor.com\/irregular\/expositions\/retrospective-en-affiches\/"},{"@type":"ListItem","position":4,"name":"Les limites nous regardent : un projet \u00e9volutif et collaboratif"}]},{"@type":"WebSite","@id":"https:\/\/www.ernestotimor.com\/irregular\/#website","url":"https:\/\/www.ernestotimor.com\/irregular\/","name":"Ernesto Timor, photographe auteur","description":"Travaux personnels, galeries d&#039;art et d&#039;essai","publisher":{"@id":"https:\/\/www.ernestotimor.com\/irregular\/#organization"},"potentialAction":[{"@type":"SearchAction","target":{"@type":"EntryPoint","urlTemplate":"https:\/\/www.ernestotimor.com\/irregular\/?s={search_term_string}"},"query-input":{"@type":"PropertyValueSpecification","valueRequired":true,"valueName":"search_term_string"}}],"inLanguage":"fr-FR"},{"@type":"Organization","@id":"https:\/\/www.ernestotimor.com\/irregular\/#organization","name":"Timor Rocks !","url":"https:\/\/www.ernestotimor.com\/irregular\/","logo":{"@type":"ImageObject","inLanguage":"fr-FR","@id":"https:\/\/www.ernestotimor.com\/irregular\/#\/schema\/logo\/image\/","url":"https:\/\/www.ernestotimor.com\/irregular\/wp-content\/uploads\/2019\/09\/irregular-2019-logo-wp-2.png","contentUrl":"https:\/\/www.ernestotimor.com\/irregular\/wp-content\/uploads\/2019\/09\/irregular-2019-logo-wp-2.png","width":240,"height":120,"caption":"Timor Rocks !"},"image":{"@id":"https:\/\/www.ernestotimor.com\/irregular\/#\/schema\/logo\/image\/"},"sameAs":["https:\/\/www.facebook.com\/Timor.Rocks\/","http:\/\/fr.linkedin.com\/in\/timorrocks","https:\/\/www.youtube.com\/user\/Theatredumenteur"]}]}},"_links":{"self":[{"href":"https:\/\/www.ernestotimor.com\/irregular\/wp-json\/wp\/v2\/pages\/10834","targetHints":{"allow":["GET"]}}],"collection":[{"href":"https:\/\/www.ernestotimor.com\/irregular\/wp-json\/wp\/v2\/pages"}],"about":[{"href":"https:\/\/www.ernestotimor.com\/irregular\/wp-json\/wp\/v2\/types\/page"}],"author":[{"embeddable":true,"href":"https:\/\/www.ernestotimor.com\/irregular\/wp-json\/wp\/v2\/users\/2"}],"replies":[{"embeddable":true,"href":"https:\/\/www.ernestotimor.com\/irregular\/wp-json\/wp\/v2\/comments?post=10834"}],"version-history":[{"count":3,"href":"https:\/\/www.ernestotimor.com\/irregular\/wp-json\/wp\/v2\/pages\/10834\/revisions"}],"predecessor-version":[{"id":25493,"href":"https:\/\/www.ernestotimor.com\/irregular\/wp-json\/wp\/v2\/pages\/10834\/revisions\/25493"}],"up":[{"embeddable":true,"href":"https:\/\/www.ernestotimor.com\/irregular\/wp-json\/wp\/v2\/pages\/12893"}],"wp:attachment":[{"href":"https:\/\/www.ernestotimor.com\/irregular\/wp-json\/wp\/v2\/media?parent=10834"}],"wp:term":[{"taxonomy":"category","embeddable":true,"href":"https:\/\/www.ernestotimor.com\/irregular\/wp-json\/wp\/v2\/categories?post=10834"},{"taxonomy":"post_tag","embeddable":true,"href":"https:\/\/www.ernestotimor.com\/irregular\/wp-json\/wp\/v2\/tags?post=10834"}],"curies":[{"name":"wp","href":"https:\/\/api.w.org\/{rel}","templated":true}]}}