{"id":14196,"date":"2013-04-18T21:39:02","date_gmt":"2013-04-18T19:39:02","guid":{"rendered":"http:\/\/www.ernestotimor.com\/irregular\/?page_id=14196"},"modified":"2015-01-29T14:17:14","modified_gmt":"2015-01-29T13:17:14","slug":"limites-2013-souvenirs-magnetiques","status":"publish","type":"page","link":"https:\/\/www.ernestotimor.com\/irregular\/expositions\/retrospective-en-affiches\/les-limites-nous-regardent\/limites-2013-souvenirs-magnetiques\/","title":{"rendered":"Limites 2013 : souvenirs magn\u00e9tiques"},"content":{"rendered":"<h5>La derni\u00e8re expo des <em>Limites nous regardent<\/em> s&rsquo;est tenue du 1<sup>er<\/sup> au 30 mars 2013 \u00e0 Lyon, \u00e0 L\u2019Antre-Autre.<br \/>\nCette page en regroupe des traces partielles.<\/h5>\n<figure id=\"attachment_14161\" aria-describedby=\"caption-attachment-14161\" style=\"width: 512px\" class=\"wp-caption alignnone\"><a href=\"http:\/\/www.ernestotimor.com\/irregular\/wp-content\/uploads\/2012\/06\/timor-limites-antreautre-flyer-recto.jpg\"><img loading=\"lazy\" decoding=\"async\" class=\"size-large wp-image-14161\" title=\"Cliquez pour agrandir\" src=\"http:\/\/www.ernestotimor.com\/irregular\/wp-content\/uploads\/2012\/06\/timor-limites-antreautre-flyer-recto-512x256.jpg\" alt=\"Flyer mars 2013\" width=\"512\" height=\"256\" srcset=\"https:\/\/www.ernestotimor.com\/irregular\/wp-content\/uploads\/2012\/06\/timor-limites-antreautre-flyer-recto-512x256.jpg 512w, https:\/\/www.ernestotimor.com\/irregular\/wp-content\/uploads\/2012\/06\/timor-limites-antreautre-flyer-recto-300x150.jpg 300w, https:\/\/www.ernestotimor.com\/irregular\/wp-content\/uploads\/2012\/06\/timor-limites-antreautre-flyer-recto.jpg 1000w\" sizes=\"auto, (max-width: 512px) 100vw, 512px\" \/><\/a><figcaption id=\"caption-attachment-14161\" class=\"wp-caption-text\">Flyer mars 2013 (recto)<\/figcaption><\/figure>\n<figure id=\"attachment_14162\" aria-describedby=\"caption-attachment-14162\" style=\"width: 512px\" class=\"wp-caption alignnone\"><a href=\"http:\/\/www.ernestotimor.com\/irregular\/wp-content\/uploads\/2012\/06\/timor-limites-antreautre-flyer-verso.jpg\"><img loading=\"lazy\" decoding=\"async\" class=\"size-large wp-image-14162\" title=\"Cliquez pour agrandir\" src=\"http:\/\/www.ernestotimor.com\/irregular\/wp-content\/uploads\/2012\/06\/timor-limites-antreautre-flyer-verso-512x256.jpg\" alt=\"Flyer mars 2013\" width=\"512\" height=\"256\" srcset=\"https:\/\/www.ernestotimor.com\/irregular\/wp-content\/uploads\/2012\/06\/timor-limites-antreautre-flyer-verso-512x256.jpg 512w, https:\/\/www.ernestotimor.com\/irregular\/wp-content\/uploads\/2012\/06\/timor-limites-antreautre-flyer-verso-300x150.jpg 300w, https:\/\/www.ernestotimor.com\/irregular\/wp-content\/uploads\/2012\/06\/timor-limites-antreautre-flyer-verso.jpg 1000w\" sizes=\"auto, (max-width: 512px) 100vw, 512px\" \/><\/a><figcaption id=\"caption-attachment-14162\" class=\"wp-caption-text\">Flyer mars 2013 (verso)<\/figcaption><\/figure>\n<p><!--nextpage--><\/p>\n<figure id=\"attachment_14216\" aria-describedby=\"caption-attachment-14216\" style=\"width: 512px\" class=\"wp-caption alignnone\"><a href=\"http:\/\/www.ernestotimor.com\/irregular\/wp-content\/uploads\/2013\/04\/timor-limites-soiree-antreautre-feuille-de-salle.jpg\"><img loading=\"lazy\" decoding=\"async\" class=\"size-large wp-image-14216 \" src=\"http:\/\/www.ernestotimor.com\/irregular\/wp-content\/uploads\/2013\/04\/timor-limites-soiree-antreautre-feuille-de-salle-512x363.jpg\" alt=\"Programme de la soir\u00e9e sp\u00e9ciale du  22 mars\" width=\"512\" height=\"363\" srcset=\"https:\/\/www.ernestotimor.com\/irregular\/wp-content\/uploads\/2013\/04\/timor-limites-soiree-antreautre-feuille-de-salle-512x363.jpg 512w, https:\/\/www.ernestotimor.com\/irregular\/wp-content\/uploads\/2013\/04\/timor-limites-soiree-antreautre-feuille-de-salle-300x212.jpg 300w, https:\/\/www.ernestotimor.com\/irregular\/wp-content\/uploads\/2013\/04\/timor-limites-soiree-antreautre-feuille-de-salle.jpg 1200w\" sizes=\"auto, (max-width: 512px) 100vw, 512px\" \/><\/a><figcaption id=\"caption-attachment-14216\" class=\"wp-caption-text\">Programme de la soir\u00e9e sp\u00e9ciale du 22 mars<\/figcaption><\/figure>\nngg_shortcode_0_placeholder\n<p>Quelques photos r\u00e9alis\u00e9es lors de cette soir\u00e9e par Mister <a title=\"Hop, l\u00e0-bas !\" href=\"http:\/\/tomspianti.com\/\">Tom Spianti<\/a> lui-m\u00eame, le virtuose de la vision tri-focale !<\/p>\n","protected":false},"excerpt":{"rendered":"<p>La derni\u00e8re expo des Limites nous regardent s&rsquo;est tenue du 1er au 30 mars 2013 \u00e0 Lyon, \u00e0 L\u2019Antre-Autre. Cette page en regroupe des traces partielles.<\/p>\n","protected":false},"author":2,"featured_media":0,"parent":10834,"menu_order":0,"comment_status":"closed","ping_status":"open","template":"templates\/template-onecolumn.php","meta":{"ngg_post_thumbnail":0,"footnotes":""},"categories":[],"tags":[73,182,180,54,55,34],"class_list":["post-14196","page","type-page","status-publish","hentry","tag-actualite","tag-echo","tag-les-limites-nous-regardent","tag-parcours-en-marge","tag-performance","tag-rencontre"],"yoast_head":"<!-- This site is optimized with the Yoast SEO plugin v27.1.1 - https:\/\/yoast.com\/product\/yoast-seo-wordpress\/ -->\n<title>Limites 2013 : souvenirs magn\u00e9tiques &#8902; Ernesto Timor, photographe auteur<\/title>\n<meta name=\"description\" content=\"La derni\u00e8re expo des Limites nous regardent s&#039;est tenue du 1er au 30 mars 2013 \u00e0 Lyon, \u00e0 L\u2019Antre-Autre. Cette page en regroupe des traces partielles.\" \/>\n<meta name=\"robots\" content=\"index, follow, max-snippet:-1, max-image-preview:large, max-video-preview:-1\" \/>\n<link rel=\"canonical\" href=\"https:\/\/www.ernestotimor.com\/irregular\/expositions\/retrospective-en-affiches\/les-limites-nous-regardent\/limites-2013-souvenirs-magnetiques\/\" \/>\n<link rel=\"next\" href=\"https:\/\/www.ernestotimor.com\/irregular\/expositions\/retrospective-en-affiches\/les-limites-nous-regardent\/limites-2013-souvenirs-magnetiques\/2\/\" \/>\n<meta property=\"og:locale\" content=\"fr_FR\" \/>\n<meta property=\"og:type\" content=\"article\" \/>\n<meta property=\"og:title\" content=\"Limites 2013 : souvenirs magn\u00e9tiques &#8902; Ernesto Timor, photographe auteur\" \/>\n<meta property=\"og:description\" content=\"La derni\u00e8re expo des Limites nous regardent s&#039;est tenue du 1er au 30 mars 2013 \u00e0 Lyon, \u00e0 L\u2019Antre-Autre. Cette page en regroupe des traces partielles.\" \/>\n<meta property=\"og:url\" content=\"https:\/\/www.ernestotimor.com\/irregular\/expositions\/retrospective-en-affiches\/les-limites-nous-regardent\/limites-2013-souvenirs-magnetiques\/\" \/>\n<meta property=\"og:site_name\" content=\"Ernesto Timor, photographe auteur\" \/>\n<meta property=\"article:publisher\" content=\"https:\/\/www.facebook.com\/Timor.Rocks\/\" \/>\n<meta property=\"article:modified_time\" content=\"2015-01-29T13:17:14+00:00\" \/>\n<meta property=\"og:image\" content=\"http:\/\/www.ernestotimor.com\/irregular\/wp-content\/uploads\/2012\/06\/timor-limites-antreautre-flyer-recto-512x256.jpg\" \/>\n<meta name=\"twitter:card\" content=\"summary_large_image\" \/>\n<script type=\"application\/ld+json\" class=\"yoast-schema-graph\">{\"@context\":\"https:\/\/schema.org\",\"@graph\":[{\"@type\":\"WebPage\",\"@id\":\"https:\/\/www.ernestotimor.com\/irregular\/expositions\/retrospective-en-affiches\/les-limites-nous-regardent\/limites-2013-souvenirs-magnetiques\/\",\"url\":\"https:\/\/www.ernestotimor.com\/irregular\/expositions\/retrospective-en-affiches\/les-limites-nous-regardent\/limites-2013-souvenirs-magnetiques\/\",\"name\":\"Limites 2013 : souvenirs magn\u00e9tiques &#8902; Ernesto Timor, photographe auteur\",\"isPartOf\":{\"@id\":\"https:\/\/www.ernestotimor.com\/irregular\/#website\"},\"primaryImageOfPage\":{\"@id\":\"https:\/\/www.ernestotimor.com\/irregular\/expositions\/retrospective-en-affiches\/les-limites-nous-regardent\/limites-2013-souvenirs-magnetiques\/#primaryimage\"},\"image\":{\"@id\":\"https:\/\/www.ernestotimor.com\/irregular\/expositions\/retrospective-en-affiches\/les-limites-nous-regardent\/limites-2013-souvenirs-magnetiques\/#primaryimage\"},\"thumbnailUrl\":\"http:\/\/www.ernestotimor.com\/irregular\/wp-content\/uploads\/2012\/06\/timor-limites-antreautre-flyer-recto-512x256.jpg\",\"datePublished\":\"2013-04-18T19:39:02+00:00\",\"dateModified\":\"2015-01-29T13:17:14+00:00\",\"description\":\"La derni\u00e8re expo des Limites nous regardent s'est tenue du 1er au 30 mars 2013 \u00e0 Lyon, \u00e0 L\u2019Antre-Autre. Cette page en regroupe des traces partielles.\",\"breadcrumb\":{\"@id\":\"https:\/\/www.ernestotimor.com\/irregular\/expositions\/retrospective-en-affiches\/les-limites-nous-regardent\/limites-2013-souvenirs-magnetiques\/#breadcrumb\"},\"inLanguage\":\"fr-FR\",\"potentialAction\":[{\"@type\":\"ReadAction\",\"target\":[\"https:\/\/www.ernestotimor.com\/irregular\/expositions\/retrospective-en-affiches\/les-limites-nous-regardent\/limites-2013-souvenirs-magnetiques\/\"]}]},{\"@type\":\"ImageObject\",\"inLanguage\":\"fr-FR\",\"@id\":\"https:\/\/www.ernestotimor.com\/irregular\/expositions\/retrospective-en-affiches\/les-limites-nous-regardent\/limites-2013-souvenirs-magnetiques\/#primaryimage\",\"url\":\"https:\/\/www.ernestotimor.com\/irregular\/wp-content\/uploads\/2012\/06\/timor-limites-antreautre-flyer-recto.jpg\",\"contentUrl\":\"https:\/\/www.ernestotimor.com\/irregular\/wp-content\/uploads\/2012\/06\/timor-limites-antreautre-flyer-recto.jpg\",\"width\":\"1000\",\"height\":\"500\",\"caption\":\"Flyer mars 2013 (recto)\"},{\"@type\":\"BreadcrumbList\",\"@id\":\"https:\/\/www.ernestotimor.com\/irregular\/expositions\/retrospective-en-affiches\/les-limites-nous-regardent\/limites-2013-souvenirs-magnetiques\/#breadcrumb\",\"itemListElement\":[{\"@type\":\"ListItem\",\"position\":1,\"name\":\"Accueil\",\"item\":\"https:\/\/www.ernestotimor.com\/irregular\/\"},{\"@type\":\"ListItem\",\"position\":2,\"name\":\"Expositions\",\"item\":\"https:\/\/www.ernestotimor.com\/irregular\/expositions\/\"},{\"@type\":\"ListItem\",\"position\":3,\"name\":\"R\u00e9trospective en affiches\",\"item\":\"https:\/\/www.ernestotimor.com\/irregular\/expositions\/retrospective-en-affiches\/\"},{\"@type\":\"ListItem\",\"position\":4,\"name\":\"Les limites nous regardent : un projet \u00e9volutif et collaboratif\"}]},{\"@type\":\"WebSite\",\"@id\":\"https:\/\/www.ernestotimor.com\/irregular\/#website\",\"url\":\"https:\/\/www.ernestotimor.com\/irregular\/\",\"name\":\"Ernesto Timor, photographe auteur\",\"description\":\"Travaux personnels, galeries d&#039;art et d&#039;essai\",\"publisher\":{\"@id\":\"https:\/\/www.ernestotimor.com\/irregular\/#organization\"},\"potentialAction\":[{\"@type\":\"SearchAction\",\"target\":{\"@type\":\"EntryPoint\",\"urlTemplate\":\"https:\/\/www.ernestotimor.com\/irregular\/?s={search_term_string}\"},\"query-input\":{\"@type\":\"PropertyValueSpecification\",\"valueRequired\":true,\"valueName\":\"search_term_string\"}}],\"inLanguage\":\"fr-FR\"},{\"@type\":\"Organization\",\"@id\":\"https:\/\/www.ernestotimor.com\/irregular\/#organization\",\"name\":\"Timor Rocks !\",\"url\":\"https:\/\/www.ernestotimor.com\/irregular\/\",\"logo\":{\"@type\":\"ImageObject\",\"inLanguage\":\"fr-FR\",\"@id\":\"https:\/\/www.ernestotimor.com\/irregular\/#\/schema\/logo\/image\/\",\"url\":\"https:\/\/www.ernestotimor.com\/irregular\/wp-content\/uploads\/2019\/09\/irregular-2019-logo-wp-2.png\",\"contentUrl\":\"https:\/\/www.ernestotimor.com\/irregular\/wp-content\/uploads\/2019\/09\/irregular-2019-logo-wp-2.png\",\"width\":240,\"height\":120,\"caption\":\"Timor Rocks !\"},\"image\":{\"@id\":\"https:\/\/www.ernestotimor.com\/irregular\/#\/schema\/logo\/image\/\"},\"sameAs\":[\"https:\/\/www.facebook.com\/Timor.Rocks\/\",\"http:\/\/fr.linkedin.com\/in\/timorrocks\",\"https:\/\/www.youtube.com\/user\/Theatredumenteur\"]}]}<\/script>\n<!-- \/ Yoast SEO plugin. -->","yoast_head_json":{"title":"Limites 2013 : souvenirs magn\u00e9tiques &#8902; Ernesto Timor, photographe auteur","description":"La derni\u00e8re expo des Limites nous regardent s'est tenue du 1er au 30 mars 2013 \u00e0 Lyon, \u00e0 L\u2019Antre-Autre. Cette page en regroupe des traces partielles.","robots":{"index":"index","follow":"follow","max-snippet":"max-snippet:-1","max-image-preview":"max-image-preview:large","max-video-preview":"max-video-preview:-1"},"canonical":"https:\/\/www.ernestotimor.com\/irregular\/expositions\/retrospective-en-affiches\/les-limites-nous-regardent\/limites-2013-souvenirs-magnetiques\/","next":"https:\/\/www.ernestotimor.com\/irregular\/expositions\/retrospective-en-affiches\/les-limites-nous-regardent\/limites-2013-souvenirs-magnetiques\/2\/","og_locale":"fr_FR","og_type":"article","og_title":"Limites 2013 : souvenirs magn\u00e9tiques &#8902; Ernesto Timor, photographe auteur","og_description":"La derni\u00e8re expo des Limites nous regardent s'est tenue du 1er au 30 mars 2013 \u00e0 Lyon, \u00e0 L\u2019Antre-Autre. Cette page en regroupe des traces partielles.","og_url":"https:\/\/www.ernestotimor.com\/irregular\/expositions\/retrospective-en-affiches\/les-limites-nous-regardent\/limites-2013-souvenirs-magnetiques\/","og_site_name":"Ernesto Timor, photographe auteur","article_publisher":"https:\/\/www.facebook.com\/Timor.Rocks\/","article_modified_time":"2015-01-29T13:17:14+00:00","og_image":[{"url":"http:\/\/www.ernestotimor.com\/irregular\/wp-content\/uploads\/2012\/06\/timor-limites-antreautre-flyer-recto-512x256.jpg","type":"","width":"","height":""}],"twitter_card":"summary_large_image","schema":{"@context":"https:\/\/schema.org","@graph":[{"@type":"WebPage","@id":"https:\/\/www.ernestotimor.com\/irregular\/expositions\/retrospective-en-affiches\/les-limites-nous-regardent\/limites-2013-souvenirs-magnetiques\/","url":"https:\/\/www.ernestotimor.com\/irregular\/expositions\/retrospective-en-affiches\/les-limites-nous-regardent\/limites-2013-souvenirs-magnetiques\/","name":"Limites 2013 : souvenirs magn\u00e9tiques &#8902; Ernesto Timor, photographe auteur","isPartOf":{"@id":"https:\/\/www.ernestotimor.com\/irregular\/#website"},"primaryImageOfPage":{"@id":"https:\/\/www.ernestotimor.com\/irregular\/expositions\/retrospective-en-affiches\/les-limites-nous-regardent\/limites-2013-souvenirs-magnetiques\/#primaryimage"},"image":{"@id":"https:\/\/www.ernestotimor.com\/irregular\/expositions\/retrospective-en-affiches\/les-limites-nous-regardent\/limites-2013-souvenirs-magnetiques\/#primaryimage"},"thumbnailUrl":"http:\/\/www.ernestotimor.com\/irregular\/wp-content\/uploads\/2012\/06\/timor-limites-antreautre-flyer-recto-512x256.jpg","datePublished":"2013-04-18T19:39:02+00:00","dateModified":"2015-01-29T13:17:14+00:00","description":"La derni\u00e8re expo des Limites nous regardent s'est tenue du 1er au 30 mars 2013 \u00e0 Lyon, \u00e0 L\u2019Antre-Autre. Cette page en regroupe des traces partielles.","breadcrumb":{"@id":"https:\/\/www.ernestotimor.com\/irregular\/expositions\/retrospective-en-affiches\/les-limites-nous-regardent\/limites-2013-souvenirs-magnetiques\/#breadcrumb"},"inLanguage":"fr-FR","potentialAction":[{"@type":"ReadAction","target":["https:\/\/www.ernestotimor.com\/irregular\/expositions\/retrospective-en-affiches\/les-limites-nous-regardent\/limites-2013-souvenirs-magnetiques\/"]}]},{"@type":"ImageObject","inLanguage":"fr-FR","@id":"https:\/\/www.ernestotimor.com\/irregular\/expositions\/retrospective-en-affiches\/les-limites-nous-regardent\/limites-2013-souvenirs-magnetiques\/#primaryimage","url":"https:\/\/www.ernestotimor.com\/irregular\/wp-content\/uploads\/2012\/06\/timor-limites-antreautre-flyer-recto.jpg","contentUrl":"https:\/\/www.ernestotimor.com\/irregular\/wp-content\/uploads\/2012\/06\/timor-limites-antreautre-flyer-recto.jpg","width":"1000","height":"500","caption":"Flyer mars 2013 (recto)"},{"@type":"BreadcrumbList","@id":"https:\/\/www.ernestotimor.com\/irregular\/expositions\/retrospective-en-affiches\/les-limites-nous-regardent\/limites-2013-souvenirs-magnetiques\/#breadcrumb","itemListElement":[{"@type":"ListItem","position":1,"name":"Accueil","item":"https:\/\/www.ernestotimor.com\/irregular\/"},{"@type":"ListItem","position":2,"name":"Expositions","item":"https:\/\/www.ernestotimor.com\/irregular\/expositions\/"},{"@type":"ListItem","position":3,"name":"R\u00e9trospective en affiches","item":"https:\/\/www.ernestotimor.com\/irregular\/expositions\/retrospective-en-affiches\/"},{"@type":"ListItem","position":4,"name":"Les limites nous regardent : un projet \u00e9volutif et collaboratif"}]},{"@type":"WebSite","@id":"https:\/\/www.ernestotimor.com\/irregular\/#website","url":"https:\/\/www.ernestotimor.com\/irregular\/","name":"Ernesto Timor, photographe auteur","description":"Travaux personnels, galeries d&#039;art et d&#039;essai","publisher":{"@id":"https:\/\/www.ernestotimor.com\/irregular\/#organization"},"potentialAction":[{"@type":"SearchAction","target":{"@type":"EntryPoint","urlTemplate":"https:\/\/www.ernestotimor.com\/irregular\/?s={search_term_string}"},"query-input":{"@type":"PropertyValueSpecification","valueRequired":true,"valueName":"search_term_string"}}],"inLanguage":"fr-FR"},{"@type":"Organization","@id":"https:\/\/www.ernestotimor.com\/irregular\/#organization","name":"Timor Rocks !","url":"https:\/\/www.ernestotimor.com\/irregular\/","logo":{"@type":"ImageObject","inLanguage":"fr-FR","@id":"https:\/\/www.ernestotimor.com\/irregular\/#\/schema\/logo\/image\/","url":"https:\/\/www.ernestotimor.com\/irregular\/wp-content\/uploads\/2019\/09\/irregular-2019-logo-wp-2.png","contentUrl":"https:\/\/www.ernestotimor.com\/irregular\/wp-content\/uploads\/2019\/09\/irregular-2019-logo-wp-2.png","width":240,"height":120,"caption":"Timor Rocks !"},"image":{"@id":"https:\/\/www.ernestotimor.com\/irregular\/#\/schema\/logo\/image\/"},"sameAs":["https:\/\/www.facebook.com\/Timor.Rocks\/","http:\/\/fr.linkedin.com\/in\/timorrocks","https:\/\/www.youtube.com\/user\/Theatredumenteur"]}]}},"_links":{"self":[{"href":"https:\/\/www.ernestotimor.com\/irregular\/wp-json\/wp\/v2\/pages\/14196","targetHints":{"allow":["GET"]}}],"collection":[{"href":"https:\/\/www.ernestotimor.com\/irregular\/wp-json\/wp\/v2\/pages"}],"about":[{"href":"https:\/\/www.ernestotimor.com\/irregular\/wp-json\/wp\/v2\/types\/page"}],"author":[{"embeddable":true,"href":"https:\/\/www.ernestotimor.com\/irregular\/wp-json\/wp\/v2\/users\/2"}],"replies":[{"embeddable":true,"href":"https:\/\/www.ernestotimor.com\/irregular\/wp-json\/wp\/v2\/comments?post=14196"}],"version-history":[{"count":0,"href":"https:\/\/www.ernestotimor.com\/irregular\/wp-json\/wp\/v2\/pages\/14196\/revisions"}],"up":[{"embeddable":true,"href":"https:\/\/www.ernestotimor.com\/irregular\/wp-json\/wp\/v2\/pages\/10834"}],"wp:attachment":[{"href":"https:\/\/www.ernestotimor.com\/irregular\/wp-json\/wp\/v2\/media?parent=14196"}],"wp:term":[{"taxonomy":"category","embeddable":true,"href":"https:\/\/www.ernestotimor.com\/irregular\/wp-json\/wp\/v2\/categories?post=14196"},{"taxonomy":"post_tag","embeddable":true,"href":"https:\/\/www.ernestotimor.com\/irregular\/wp-json\/wp\/v2\/tags?post=14196"}],"curies":[{"name":"wp","href":"https:\/\/api.w.org\/{rel}","templated":true}]}}