{"id":15388,"date":"2014-03-13T16:30:10","date_gmt":"2014-03-13T15:30:10","guid":{"rendered":"http:\/\/www.ernestotimor.com\/irregular\/?page_id=15388"},"modified":"2025-11-01T09:44:19","modified_gmt":"2025-11-01T08:44:19","slug":"echographies","status":"publish","type":"page","link":"https:\/\/www.ernestotimor.com\/irregular\/echographies\/","title":{"rendered":"Echographies : Ernesto Timor &#038; friends"},"content":{"rendered":"<div class=\"su-row\">\n<div class=\"su-column su-column-size-1-2\"><div class=\"su-column-inner su-u-clearfix su-u-trim\"> &nbsp;<\/p>\n<figure id=\"attachment_15391\" aria-describedby=\"caption-attachment-15391\" style=\"width: 340px\" class=\"wp-caption alignnone\"><a href=\"https:\/\/www.ernestotimor.com\/irregular\/wp-content\/uploads\/2014\/03\/1202-freyentier2357.jpg\"><img loading=\"lazy\" decoding=\"async\" class=\"wp-image-15391 size-large\" title=\"Cliquez pour agrandir\" src=\"https:\/\/www.ernestotimor.com\/irregular\/wp-content\/uploads\/2014\/03\/1202-freyentier2357-340x512.jpg\" alt=\"Photo \u00a9 Ernesto Timor\" width=\"340\" height=\"512\" srcset=\"https:\/\/www.ernestotimor.com\/irregular\/wp-content\/uploads\/2014\/03\/1202-freyentier2357-340x512.jpg 340w, https:\/\/www.ernestotimor.com\/irregular\/wp-content\/uploads\/2014\/03\/1202-freyentier2357-199x300.jpg 199w, https:\/\/www.ernestotimor.com\/irregular\/wp-content\/uploads\/2014\/03\/1202-freyentier2357.jpg 466w\" sizes=\"auto, (max-width: 340px) 100vw, 340px\" \/><\/a><figcaption id=\"caption-attachment-15391\" class=\"wp-caption-text\">Avec qui \u00e7a fait \u00e9cho ?<\/figcaption><\/figure>\n<p>&nbsp;<\/p>\n<\/div><\/div>\n<div class=\"su-column su-column-size-1-2\"><div class=\"su-column-inner su-u-clearfix su-u-trim\">\n<h5>\u00c0 la section <em>Echographies,&nbsp;<\/em>vous trouverez regroup\u00e9es certaines de mes expositions r\u00e9alis\u00e9es en \u00e9cho, en dialogue&#8230; avec d&rsquo;autres artistes : \u00e9crivains, com\u00e9diens, musiciens, plasticiens, j&rsquo;en passe&#8230;&nbsp;<\/h5>\n<h6>Acc\u00e8s direct aux diff\u00e9rentes collaborations en d\u00e9roulant les menus, ou par le sommaire ci-dessous&#8230;<\/h6>\n<p>&nbsp;<\/p>\n<ul>\n<li><a href=\"http:\/\/www.ernestotimor.com\/irregular\/echographies\/pour-que-tu-ne-perdes-pas-le-fil\/\"><em>Pour que tu ne perdes pas le fil<\/em><\/a> : saga de courts films photographiques sur des performances au cordeau, mises en musique par Jeff Duschek, 2017.<\/li>\n<li><a href=\"http:\/\/www.ernestotimor.com\/irregular\/echographies\/quelque-chose-suit-son-cours\/\"><em>Quelque chose suit son cours<\/em> <\/a>(avec un texte de Jean-Louis Baille)&nbsp;: recueil in\u00e9dit (2016-2017).<\/li>\n<li><a title=\"Black Variations : un side-project pour Entretiens avec la mer, 2014-2015\" href=\"http:\/\/www.ernestotimor.com\/irregular\/echographies\/les-salles-dattente-un-side-project-pour-je-suis-contre-la-mort-2015-2016\/\"><em>Les salles d&rsquo;attente<\/em><\/a> : grand mix entre des s\u00e9quences photographiques sign\u00e9es Timor et les mots de Fran\u00e7ois Chaffin (extraits de son texte <em>Je suis contre la mort<\/em>), avec musique du groupe Appat203. Vid\u00e9os en ligne, bonus multim\u00e9dia \u00e0 un travail d&rsquo;\u00e9dition en livre. 2015-2016.<\/li>\n<li><a title=\"Black Variations : un side-project pour Entretiens avec la mer, 2014-2015\" href=\"http:\/\/www.ernestotimor.com\/irregular\/echographies\/entretiens-avec-la-mer-variations-photographiques-2014\/\"><em>Black variations<\/em><\/a> : grand mix exp\u00e9rimental entre certaines de mes s\u00e9quences photographiques et des mots de Fran\u00e7ois Chaffin (extraits de son texte <em>Entretiens avec la mer<\/em>), avec musique de Benjamin Coursier. Lectures-projections publiques, vid\u00e9os en ligne. 2014-2015.<\/li>\n<li><a href=\"http:\/\/www.ernestotimor.com\/irregular\/echographies\/cinema-paradisio-salle-1\/\">Cinema Paradisio, salle 1<\/a> : au programme, les films photographiques r\u00e9alis\u00e9s autour des <em>Limites nous regardent<\/em>.<\/li>\n<li><em><a title=\"Toi Tu : Ferme de Bel Ebat, Guyancourt (78), mars 2014\" href=\"http:\/\/www.ernestotimor.com\/irregular\/echographies\/toi-tu-guyancourt-pres-de-paris-mars-2014\/\">Toi tu<\/a><\/em> : avec l&rsquo;\u00e9criture de Dominique Sampiero et la voix de C\u00e9line Liger. Projection-performance \u00e0 La Ferme de Bel Ebat (Guyancourt, 78) le 22 mars 2014.<\/li>\n<li><a title=\"Supplique pour une r\u00e9unification des songes : Paris, 2011\" href=\"http:\/\/www.ernestotimor.com\/irregular\/echographies\/songes\/\"><em>Supplique pour une r\u00e9unification des songes<\/em><\/a> : exp\u00e9rimentation photo-pl\u00e2tri\u00e8re avec Nelly Cazal en libre \u00e9cho \u00e0 la cr\u00e9ation de la pi\u00e8ce <em>La s\u00e9paration des songes <\/em>de Jean Delabroy. Performance et expo au Vent se l\u00e8ve, Paris, 2011.<\/li>\n<li><em><a href=\"http:\/\/www.ernestotimor.com\/irregular\/echographies\/bavardages-comment-photographier-entre-les-lignes\/\">Bavardages : comment photographier entre les lignes<\/a>.<\/em> Petit digest de mes collaborations photographico-litt\u00e9raires, toutes \u00e9poques confondues.<\/li>\n<\/ul>\n<\/div><\/div>\n<\/div>\n","protected":false},"excerpt":{"rendered":"","protected":false},"author":2,"featured_media":0,"parent":0,"menu_order":0,"comment_status":"closed","ping_status":"closed","template":"","meta":{"ngg_post_thumbnail":0,"footnotes":""},"categories":[],"tags":[73,90,209,104,55,50,34,18],"class_list":["post-15388","page","type-page","status-publish","hentry","tag-actualite","tag-architecture","tag-ecriture","tag-paysage","tag-performance","tag-portrait","tag-rencontre","tag-rue"],"yoast_head":"<!-- This site is optimized with the Yoast SEO plugin v27.1.1 - https:\/\/yoast.com\/product\/yoast-seo-wordpress\/ -->\n<title>Collaborations artistiques pluridisciplinaires - Ernesto Timor<\/title>\n<meta name=\"robots\" content=\"index, follow, max-snippet:-1, max-image-preview:large, max-video-preview:-1\" \/>\n<link rel=\"canonical\" href=\"https:\/\/www.ernestotimor.com\/irregular\/echographies\/\" \/>\n<meta property=\"og:locale\" content=\"fr_FR\" \/>\n<meta property=\"og:type\" content=\"article\" \/>\n<meta property=\"og:title\" content=\"Collaborations artistiques pluridisciplinaires - Ernesto Timor\" \/>\n<meta property=\"og:url\" content=\"https:\/\/www.ernestotimor.com\/irregular\/echographies\/\" \/>\n<meta property=\"og:site_name\" content=\"Ernesto Timor, photographe auteur\" \/>\n<meta property=\"article:publisher\" content=\"https:\/\/www.facebook.com\/Timor.Rocks\/\" \/>\n<meta property=\"article:modified_time\" content=\"2025-11-01T08:44:19+00:00\" \/>\n<meta property=\"og:image\" content=\"https:\/\/www.ernestotimor.com\/irregular\/wp-content\/uploads\/2014\/03\/1202-freyentier2357.jpg\" \/>\n\t<meta property=\"og:image:width\" content=\"466\" \/>\n\t<meta property=\"og:image:height\" content=\"700\" \/>\n\t<meta property=\"og:image:type\" content=\"image\/jpeg\" \/>\n<meta name=\"twitter:card\" content=\"summary_large_image\" \/>\n<meta name=\"twitter:label1\" content=\"Dur\u00e9e de lecture estim\u00e9e\" \/>\n\t<meta name=\"twitter:data1\" content=\"2 minutes\" \/>\n<script type=\"application\/ld+json\" class=\"yoast-schema-graph\">{\"@context\":\"https:\/\/schema.org\",\"@graph\":[{\"@type\":\"WebPage\",\"@id\":\"https:\/\/www.ernestotimor.com\/irregular\/echographies\/\",\"url\":\"https:\/\/www.ernestotimor.com\/irregular\/echographies\/\",\"name\":\"Collaborations artistiques pluridisciplinaires - Ernesto Timor\",\"isPartOf\":{\"@id\":\"https:\/\/www.ernestotimor.com\/irregular\/#website\"},\"primaryImageOfPage\":{\"@id\":\"https:\/\/www.ernestotimor.com\/irregular\/echographies\/#primaryimage\"},\"image\":{\"@id\":\"https:\/\/www.ernestotimor.com\/irregular\/echographies\/#primaryimage\"},\"thumbnailUrl\":\"https:\/\/www.ernestotimor.com\/irregular\/wp-content\/uploads\/2014\/03\/1202-freyentier2357-340x512.jpg\",\"datePublished\":\"2014-03-13T15:30:10+00:00\",\"dateModified\":\"2025-11-01T08:44:19+00:00\",\"breadcrumb\":{\"@id\":\"https:\/\/www.ernestotimor.com\/irregular\/echographies\/#breadcrumb\"},\"inLanguage\":\"fr-FR\",\"potentialAction\":[{\"@type\":\"ReadAction\",\"target\":[\"https:\/\/www.ernestotimor.com\/irregular\/echographies\/\"]}]},{\"@type\":\"ImageObject\",\"inLanguage\":\"fr-FR\",\"@id\":\"https:\/\/www.ernestotimor.com\/irregular\/echographies\/#primaryimage\",\"url\":\"https:\/\/www.ernestotimor.com\/irregular\/wp-content\/uploads\/2014\/03\/1202-freyentier2357.jpg\",\"contentUrl\":\"https:\/\/www.ernestotimor.com\/irregular\/wp-content\/uploads\/2014\/03\/1202-freyentier2357.jpg\",\"width\":466,\"height\":700},{\"@type\":\"BreadcrumbList\",\"@id\":\"https:\/\/www.ernestotimor.com\/irregular\/echographies\/#breadcrumb\",\"itemListElement\":[{\"@type\":\"ListItem\",\"position\":1,\"name\":\"Accueil\",\"item\":\"https:\/\/www.ernestotimor.com\/irregular\/\"},{\"@type\":\"ListItem\",\"position\":2,\"name\":\"Echographies : Ernesto Timor &#038; friends\"}]},{\"@type\":\"WebSite\",\"@id\":\"https:\/\/www.ernestotimor.com\/irregular\/#website\",\"url\":\"https:\/\/www.ernestotimor.com\/irregular\/\",\"name\":\"Ernesto Timor, photographe auteur\",\"description\":\"Travaux personnels, galeries d&#039;art et d&#039;essai\",\"publisher\":{\"@id\":\"https:\/\/www.ernestotimor.com\/irregular\/#organization\"},\"potentialAction\":[{\"@type\":\"SearchAction\",\"target\":{\"@type\":\"EntryPoint\",\"urlTemplate\":\"https:\/\/www.ernestotimor.com\/irregular\/?s={search_term_string}\"},\"query-input\":{\"@type\":\"PropertyValueSpecification\",\"valueRequired\":true,\"valueName\":\"search_term_string\"}}],\"inLanguage\":\"fr-FR\"},{\"@type\":\"Organization\",\"@id\":\"https:\/\/www.ernestotimor.com\/irregular\/#organization\",\"name\":\"Timor Rocks !\",\"url\":\"https:\/\/www.ernestotimor.com\/irregular\/\",\"logo\":{\"@type\":\"ImageObject\",\"inLanguage\":\"fr-FR\",\"@id\":\"https:\/\/www.ernestotimor.com\/irregular\/#\/schema\/logo\/image\/\",\"url\":\"https:\/\/www.ernestotimor.com\/irregular\/wp-content\/uploads\/2019\/09\/irregular-2019-logo-wp-2.png\",\"contentUrl\":\"https:\/\/www.ernestotimor.com\/irregular\/wp-content\/uploads\/2019\/09\/irregular-2019-logo-wp-2.png\",\"width\":240,\"height\":120,\"caption\":\"Timor Rocks !\"},\"image\":{\"@id\":\"https:\/\/www.ernestotimor.com\/irregular\/#\/schema\/logo\/image\/\"},\"sameAs\":[\"https:\/\/www.facebook.com\/Timor.Rocks\/\",\"http:\/\/fr.linkedin.com\/in\/timorrocks\",\"https:\/\/www.youtube.com\/user\/Theatredumenteur\"]}]}<\/script>\n<!-- \/ Yoast SEO plugin. -->","yoast_head_json":{"title":"Collaborations artistiques pluridisciplinaires - Ernesto Timor","robots":{"index":"index","follow":"follow","max-snippet":"max-snippet:-1","max-image-preview":"max-image-preview:large","max-video-preview":"max-video-preview:-1"},"canonical":"https:\/\/www.ernestotimor.com\/irregular\/echographies\/","og_locale":"fr_FR","og_type":"article","og_title":"Collaborations artistiques pluridisciplinaires - Ernesto Timor","og_url":"https:\/\/www.ernestotimor.com\/irregular\/echographies\/","og_site_name":"Ernesto Timor, photographe auteur","article_publisher":"https:\/\/www.facebook.com\/Timor.Rocks\/","article_modified_time":"2025-11-01T08:44:19+00:00","og_image":[{"width":466,"height":700,"url":"https:\/\/www.ernestotimor.com\/irregular\/wp-content\/uploads\/2014\/03\/1202-freyentier2357.jpg","type":"image\/jpeg"}],"twitter_card":"summary_large_image","twitter_misc":{"Dur\u00e9e de lecture estim\u00e9e":"2 minutes"},"schema":{"@context":"https:\/\/schema.org","@graph":[{"@type":"WebPage","@id":"https:\/\/www.ernestotimor.com\/irregular\/echographies\/","url":"https:\/\/www.ernestotimor.com\/irregular\/echographies\/","name":"Collaborations artistiques pluridisciplinaires - Ernesto Timor","isPartOf":{"@id":"https:\/\/www.ernestotimor.com\/irregular\/#website"},"primaryImageOfPage":{"@id":"https:\/\/www.ernestotimor.com\/irregular\/echographies\/#primaryimage"},"image":{"@id":"https:\/\/www.ernestotimor.com\/irregular\/echographies\/#primaryimage"},"thumbnailUrl":"https:\/\/www.ernestotimor.com\/irregular\/wp-content\/uploads\/2014\/03\/1202-freyentier2357-340x512.jpg","datePublished":"2014-03-13T15:30:10+00:00","dateModified":"2025-11-01T08:44:19+00:00","breadcrumb":{"@id":"https:\/\/www.ernestotimor.com\/irregular\/echographies\/#breadcrumb"},"inLanguage":"fr-FR","potentialAction":[{"@type":"ReadAction","target":["https:\/\/www.ernestotimor.com\/irregular\/echographies\/"]}]},{"@type":"ImageObject","inLanguage":"fr-FR","@id":"https:\/\/www.ernestotimor.com\/irregular\/echographies\/#primaryimage","url":"https:\/\/www.ernestotimor.com\/irregular\/wp-content\/uploads\/2014\/03\/1202-freyentier2357.jpg","contentUrl":"https:\/\/www.ernestotimor.com\/irregular\/wp-content\/uploads\/2014\/03\/1202-freyentier2357.jpg","width":466,"height":700},{"@type":"BreadcrumbList","@id":"https:\/\/www.ernestotimor.com\/irregular\/echographies\/#breadcrumb","itemListElement":[{"@type":"ListItem","position":1,"name":"Accueil","item":"https:\/\/www.ernestotimor.com\/irregular\/"},{"@type":"ListItem","position":2,"name":"Echographies : Ernesto Timor &#038; friends"}]},{"@type":"WebSite","@id":"https:\/\/www.ernestotimor.com\/irregular\/#website","url":"https:\/\/www.ernestotimor.com\/irregular\/","name":"Ernesto Timor, photographe auteur","description":"Travaux personnels, galeries d&#039;art et d&#039;essai","publisher":{"@id":"https:\/\/www.ernestotimor.com\/irregular\/#organization"},"potentialAction":[{"@type":"SearchAction","target":{"@type":"EntryPoint","urlTemplate":"https:\/\/www.ernestotimor.com\/irregular\/?s={search_term_string}"},"query-input":{"@type":"PropertyValueSpecification","valueRequired":true,"valueName":"search_term_string"}}],"inLanguage":"fr-FR"},{"@type":"Organization","@id":"https:\/\/www.ernestotimor.com\/irregular\/#organization","name":"Timor Rocks !","url":"https:\/\/www.ernestotimor.com\/irregular\/","logo":{"@type":"ImageObject","inLanguage":"fr-FR","@id":"https:\/\/www.ernestotimor.com\/irregular\/#\/schema\/logo\/image\/","url":"https:\/\/www.ernestotimor.com\/irregular\/wp-content\/uploads\/2019\/09\/irregular-2019-logo-wp-2.png","contentUrl":"https:\/\/www.ernestotimor.com\/irregular\/wp-content\/uploads\/2019\/09\/irregular-2019-logo-wp-2.png","width":240,"height":120,"caption":"Timor Rocks !"},"image":{"@id":"https:\/\/www.ernestotimor.com\/irregular\/#\/schema\/logo\/image\/"},"sameAs":["https:\/\/www.facebook.com\/Timor.Rocks\/","http:\/\/fr.linkedin.com\/in\/timorrocks","https:\/\/www.youtube.com\/user\/Theatredumenteur"]}]}},"_links":{"self":[{"href":"https:\/\/www.ernestotimor.com\/irregular\/wp-json\/wp\/v2\/pages\/15388","targetHints":{"allow":["GET"]}}],"collection":[{"href":"https:\/\/www.ernestotimor.com\/irregular\/wp-json\/wp\/v2\/pages"}],"about":[{"href":"https:\/\/www.ernestotimor.com\/irregular\/wp-json\/wp\/v2\/types\/page"}],"author":[{"embeddable":true,"href":"https:\/\/www.ernestotimor.com\/irregular\/wp-json\/wp\/v2\/users\/2"}],"replies":[{"embeddable":true,"href":"https:\/\/www.ernestotimor.com\/irregular\/wp-json\/wp\/v2\/comments?post=15388"}],"version-history":[{"count":1,"href":"https:\/\/www.ernestotimor.com\/irregular\/wp-json\/wp\/v2\/pages\/15388\/revisions"}],"predecessor-version":[{"id":25524,"href":"https:\/\/www.ernestotimor.com\/irregular\/wp-json\/wp\/v2\/pages\/15388\/revisions\/25524"}],"wp:attachment":[{"href":"https:\/\/www.ernestotimor.com\/irregular\/wp-json\/wp\/v2\/media?parent=15388"}],"wp:term":[{"taxonomy":"category","embeddable":true,"href":"https:\/\/www.ernestotimor.com\/irregular\/wp-json\/wp\/v2\/categories?post=15388"},{"taxonomy":"post_tag","embeddable":true,"href":"https:\/\/www.ernestotimor.com\/irregular\/wp-json\/wp\/v2\/tags?post=15388"}],"curies":[{"name":"wp","href":"https:\/\/api.w.org\/{rel}","templated":true}]}}