{"id":20607,"date":"2015-09-27T09:23:17","date_gmt":"2015-09-27T07:23:17","guid":{"rendered":"http:\/\/www.ernestotimor.com\/irregular\/?page_id=20607"},"modified":"2025-10-26T18:24:27","modified_gmt":"2025-10-26T17:24:27","slug":"les-salles-dattente-un-side-project-pour-je-suis-contre-la-mort-2015-2016","status":"publish","type":"page","link":"https:\/\/www.ernestotimor.com\/irregular\/echographies\/les-salles-dattente-un-side-project-pour-je-suis-contre-la-mort-2015-2016\/","title":{"rendered":"<em>Les salles d&rsquo;attente<\/em> : suites de films <br\/> photographiques en \u00e9cho \u00e0 <em>Je suis contre la mort<\/em>, 2015-2016"},"content":{"rendered":"<div class=\"short-cry col-sm-6\">\n<div class=\"encadre2015\">\n<h4>Apr\u00e8s le cycle des <a href=\"http:\/\/www.ernestotimor.com\/irregular\/echographies\/entretiens-avec-la-mer-variations-photographiques-2014\/\"><em>Black Variations<\/em><\/a> qui avait fait \u00e9cho \u00e0 la cr\u00e9ation th\u00e9\u00e2trale d&rsquo;<em>Entretiens avec la mer<\/em>, voici <em>Les salles d&rsquo;attente<\/em> ! Accompagnant \u00e0 sa fa\u00e7on la cr\u00e9ation en cours de <em>Je suis contre la mort<\/em>, cette aventure est pr\u00e9vue pour s&rsquo;\u00e9taler d&rsquo;octobre 2015 \u00e0 l&rsquo;\u00e9t\u00e9 2016, date de la pr\u00e9sentation du spectacle par le Th\u00e9\u00e2tre du Menteur \u00e0 Avignon.<\/h4>\n<\/div>\n<p><br class=\"spacer\"\/><\/p>\n<p>Renouvelant l\u2019exp\u00e9rience des <a href=\"http:\/\/www.ernestotimor.com\/irregular\/echographies\/entretiens-avec-la-mer-variations-photographiques-2014\/\"><em>Black Variations<\/em><\/a> qui avait fait \u00e9cho \u00e0 la cr\u00e9ation d\u2019<em>Entretiens avec la mer<\/em>, voici les <em>Salles d\u2019attente<\/em>. Con\u00e7ue comme une libre r\u00e9-interpr\u00e9tation de <em>Je suis contre la mort<\/em>, ce \u00ab&nbsp;side-project&nbsp;\u00bb a couru pendant plusieurs mois, le temps de la cr\u00e9ation du spectacle. \u00c0&nbsp;mesure de leur production, <em>les Salles d\u2019attente<\/em> ont \u00e9t\u00e9 post\u00e9es sur le web comme un feuilleton non identifi\u00e9.<br \/>\nLa formule est celle du mix exp\u00e9rimental entre les mots de Fran\u00e7ois Chaffin et les images d\u2019Ernesto Timor, enrichie par la cr\u00e9ation musicale de Nico\u00adlas Verger et Olivier M\u00e9tayer (Appat203). Nous cherchions \u00e0 faire sonner des bribes de ce texte fra\u00eechement \u00e9crit, en privil\u00e9giant sa musicalit\u00e9 : cinq \u00e9pisodes, autant que de \u00ab&nbsp;morceaux&nbsp;\u00bb pour ne pas dire \u00ab&nbsp;chansons&nbsp;\u00bb dans le spectacle, selon la m\u00eame progression. La bande son colle aux \u00e9tapes de travail, elle dit la recherche, ne cache pas l\u2019approximation. C\u00f4t\u00e9 visuel, des images hors champ th\u00e9\u00e2tral, exploration toute personnelle de cette piste de la vitalit\u00e9 qui s\u2019applique, non sans peine, \u00e0 \u00eatre plus forte que les noirceurs\u2026<br \/>\nOn y voit des dehors plut\u00f4t qu\u2019un plateau, on y croise des silhouettes qui ne sont pas des com\u00e9diens, on s\u2019y frotte plus s\u00fbrement \u00e0 des manques et des absences\u2026 on attend !<br \/>\n\u00ab&nbsp;Si l\u2019on b\u00e2tissait la maison du bonheur, la plus grande pi\u00e8ce serait la salle d\u2019attente&nbsp;\u00bb, notait le fac\u00e9tieux Jules Renard\u2026<\/p>\n<p>&nbsp;<\/p>\n<div class=\"encadre2015\">\n<p>&nbsp;<\/p>\n<p><strong>salle d&rsquo;attente #1<\/strong>, 3&rsquo;10, octobre 2015<br \/>\n<em>Il y a quelque chose quelque part qui joue avec ta vie\u2026<\/em><\/p>\n<p><strong>salle d&rsquo;attente #2<\/strong>, 3&rsquo;30, novembre 2015<br \/>\n<em>Je ne vivrai jamais plus comme avant\u2026<\/em><\/p>\n<p><strong>salle d&rsquo;attente #3<\/strong>, 3&rsquo;50, janvier 2016<br \/>\n<em>Je me coltinerai des&nbsp;ciels inou\u00efs\u2026<\/em><\/p>\n<p><strong>salle d&rsquo;attente #4<\/strong>, 4&rsquo;00, mars 2016<br \/>\n<em>En sautillant bordel en sautillant\u2026<\/em><\/p>\n<p><strong>salle d&rsquo;attente #5<\/strong>, 5&rsquo;10, juin 2016<br \/>\n<em>On est au monde \u00e9videmment\u2026<\/em><\/p>\n<p><strong>salle d&rsquo;attente #X<\/strong> (bonus track), 2&rsquo;43, juillet 2016<br \/>\n<em>Je ne vis que pour jouir\u2026<\/em><\/p>\n<p><br class=\"spacer\"\/><br class=\"spacer\"\/>Tous \u00e9pisodes &gt; texte : fran\u00e7ois chaffin \/ voix : julien defaye et fran\u00e7ois chaffin \/ voix off : c\u00e9line liger \/ musique : nicolas verger et olivier m\u00e9tayer (appat203) \/ photos et montage : ernesto timor<\/p>\n<\/div>\n<\/div>\n<div class=\"short-cry col-sm-6\">\n<h5>Laissez-vous embarquer (en montant le son, plein \u00e9cran et en HD de pr\u00e9f\u00e9rence) !<\/h5>\n<p><br class=\"spacer\"\/><iframe loading=\"lazy\" src=\"https:\/\/www.youtube-nocookie.com\/embed\/DgN03PTKlQw?rel=0&amp;showinfo=0\" width=\"560\" height=\"315\" frameborder=\"0\" allowfullscreen=\"allowfullscreen\"><\/iframe><\/p>\n<p><iframe loading=\"lazy\" src=\"https:\/\/www.youtube-nocookie.com\/embed\/ODonX1-ph0s?rel=0&amp;showinfo=0\" width=\"560\" height=\"315\" frameborder=\"0\" allowfullscreen=\"allowfullscreen\"><\/iframe><\/p>\n<p><iframe loading=\"lazy\" src=\"https:\/\/www.youtube-nocookie.com\/embed\/DPEpMbGmwVk?rel=0&amp;showinfo=0\" width=\"560\" height=\"315\" frameborder=\"0\" allowfullscreen=\"allowfullscreen\"><\/iframe><\/p>\n<p><iframe loading=\"lazy\" src=\"https:\/\/www.youtube-nocookie.com\/embed\/doI-apJEHbU?rel=0&amp;showinfo=0\" width=\"560\" height=\"315\" frameborder=\"0\" allowfullscreen=\"allowfullscreen\"><\/iframe><\/p>\n<p><iframe loading=\"lazy\" src=\"https:\/\/www.youtube-nocookie.com\/embed\/HJnbdWr6v-U?showinfo=0\" width=\"560\" height=\"315\" frameborder=\"0\" allowfullscreen=\"allowfullscreen\"><\/iframe><\/p>\n<p><iframe loading=\"lazy\" src=\"https:\/\/www.youtube-nocookie.com\/embed\/nH0eQ9sJr9I?rel=0&amp;showinfo=0\" width=\"560\" height=\"315\" frameborder=\"0\" allowfullscreen=\"allowfullscreen\"><\/iframe><br \/>\n<\/p><\/div>\n","protected":false},"excerpt":{"rendered":"","protected":false},"author":2,"featured_media":21936,"parent":15388,"menu_order":0,"comment_status":"closed","ping_status":"closed","template":"","meta":{"ngg_post_thumbnail":0,"footnotes":""},"categories":[],"tags":[73,49,48,182,209,65,33,76,94,55,34],"class_list":["post-20607","page","type-page","status-publish","has-post-thumbnail","hentry","tag-actualite","tag-bizarre","tag-ce-que-je-crois","tag-echo","tag-ecriture","tag-humeur","tag-lumiere","tag-mystere","tag-obscur","tag-performance","tag-rencontre"],"yoast_head":"<!-- This site is optimized with the Yoast SEO plugin v27.1.1 - https:\/\/yoast.com\/product\/yoast-seo-wordpress\/ -->\n<title>Les salles d&#039;attente, en \u00e9cho \u00e0 &quot;Je suis contre la mort&quot;<\/title>\n<meta name=\"description\" content=\"Les salles d&#039;attente, en \u00e9cho \u00e0 &quot;Je suis contre la mort&quot;. Mix exp\u00e9rimental entre mots de Fran\u00e7ois Chaffin et images d&#039;Ernesto Timor, musique d&#039;Appat203.\" \/>\n<meta name=\"robots\" content=\"index, follow, max-snippet:-1, max-image-preview:large, max-video-preview:-1\" \/>\n<link rel=\"canonical\" href=\"https:\/\/www.ernestotimor.com\/irregular\/echographies\/les-salles-dattente-un-side-project-pour-je-suis-contre-la-mort-2015-2016\/\" \/>\n<meta property=\"og:locale\" content=\"fr_FR\" \/>\n<meta property=\"og:type\" content=\"article\" \/>\n<meta property=\"og:title\" content=\"Les salles d&#039;attente, en \u00e9cho \u00e0 &quot;Je suis contre la mort&quot;\" \/>\n<meta property=\"og:description\" content=\"Les salles d&#039;attente, en \u00e9cho \u00e0 &quot;Je suis contre la mort&quot;. Mix exp\u00e9rimental entre mots de Fran\u00e7ois Chaffin et images d&#039;Ernesto Timor, musique d&#039;Appat203.\" \/>\n<meta property=\"og:url\" content=\"https:\/\/www.ernestotimor.com\/irregular\/echographies\/les-salles-dattente-un-side-project-pour-je-suis-contre-la-mort-2015-2016\/\" \/>\n<meta property=\"og:site_name\" content=\"Ernesto Timor, photographe auteur\" \/>\n<meta property=\"article:publisher\" content=\"https:\/\/www.facebook.com\/Timor.Rocks\/\" \/>\n<meta property=\"article:modified_time\" content=\"2025-10-26T17:24:27+00:00\" \/>\n<meta property=\"og:image\" content=\"https:\/\/www.ernestotimor.com\/irregular\/wp-content\/uploads\/2015\/09\/1509-life0173_slide-salle-attente.jpg\" \/>\n\t<meta property=\"og:image:width\" content=\"1150\" \/>\n\t<meta property=\"og:image:height\" content=\"400\" \/>\n\t<meta property=\"og:image:type\" content=\"image\/jpeg\" \/>\n<meta name=\"twitter:card\" content=\"summary_large_image\" \/>\n<meta name=\"twitter:label1\" content=\"Dur\u00e9e de lecture estim\u00e9e\" \/>\n\t<meta name=\"twitter:data1\" content=\"3 minutes\" \/>\n<script type=\"application\/ld+json\" class=\"yoast-schema-graph\">{\"@context\":\"https:\/\/schema.org\",\"@graph\":[{\"@type\":\"WebPage\",\"@id\":\"https:\/\/www.ernestotimor.com\/irregular\/echographies\/les-salles-dattente-un-side-project-pour-je-suis-contre-la-mort-2015-2016\/\",\"url\":\"https:\/\/www.ernestotimor.com\/irregular\/echographies\/les-salles-dattente-un-side-project-pour-je-suis-contre-la-mort-2015-2016\/\",\"name\":\"Les salles d'attente, en \u00e9cho \u00e0 \\\"Je suis contre la mort\\\"\",\"isPartOf\":{\"@id\":\"https:\/\/www.ernestotimor.com\/irregular\/#website\"},\"primaryImageOfPage\":{\"@id\":\"https:\/\/www.ernestotimor.com\/irregular\/echographies\/les-salles-dattente-un-side-project-pour-je-suis-contre-la-mort-2015-2016\/#primaryimage\"},\"image\":{\"@id\":\"https:\/\/www.ernestotimor.com\/irregular\/echographies\/les-salles-dattente-un-side-project-pour-je-suis-contre-la-mort-2015-2016\/#primaryimage\"},\"thumbnailUrl\":\"https:\/\/www.ernestotimor.com\/irregular\/wp-content\/uploads\/2015\/09\/1509-life0173_slide-salle-attente.jpg\",\"datePublished\":\"2015-09-27T07:23:17+00:00\",\"dateModified\":\"2025-10-26T17:24:27+00:00\",\"description\":\"Les salles d'attente, en \u00e9cho \u00e0 \\\"Je suis contre la mort\\\". Mix exp\u00e9rimental entre mots de Fran\u00e7ois Chaffin et images d'Ernesto Timor, musique d'Appat203.\",\"breadcrumb\":{\"@id\":\"https:\/\/www.ernestotimor.com\/irregular\/echographies\/les-salles-dattente-un-side-project-pour-je-suis-contre-la-mort-2015-2016\/#breadcrumb\"},\"inLanguage\":\"fr-FR\",\"potentialAction\":[{\"@type\":\"ReadAction\",\"target\":[\"https:\/\/www.ernestotimor.com\/irregular\/echographies\/les-salles-dattente-un-side-project-pour-je-suis-contre-la-mort-2015-2016\/\"]}]},{\"@type\":\"ImageObject\",\"inLanguage\":\"fr-FR\",\"@id\":\"https:\/\/www.ernestotimor.com\/irregular\/echographies\/les-salles-dattente-un-side-project-pour-je-suis-contre-la-mort-2015-2016\/#primaryimage\",\"url\":\"https:\/\/www.ernestotimor.com\/irregular\/wp-content\/uploads\/2015\/09\/1509-life0173_slide-salle-attente.jpg\",\"contentUrl\":\"https:\/\/www.ernestotimor.com\/irregular\/wp-content\/uploads\/2015\/09\/1509-life0173_slide-salle-attente.jpg\",\"width\":1150,\"height\":400,\"caption\":\"Photo \u00a9 Ernesto Timor\"},{\"@type\":\"BreadcrumbList\",\"@id\":\"https:\/\/www.ernestotimor.com\/irregular\/echographies\/les-salles-dattente-un-side-project-pour-je-suis-contre-la-mort-2015-2016\/#breadcrumb\",\"itemListElement\":[{\"@type\":\"ListItem\",\"position\":1,\"name\":\"Accueil\",\"item\":\"https:\/\/www.ernestotimor.com\/irregular\/\"},{\"@type\":\"ListItem\",\"position\":2,\"name\":\"Echographies : Ernesto Timor &#038; friends\",\"item\":\"https:\/\/www.ernestotimor.com\/irregular\/echographies\/\"},{\"@type\":\"ListItem\",\"position\":3,\"name\":\"Les salles d&rsquo;attente : suites de films photographiques en \u00e9cho \u00e0 Je suis contre la mort, 2015-2016\"}]},{\"@type\":\"WebSite\",\"@id\":\"https:\/\/www.ernestotimor.com\/irregular\/#website\",\"url\":\"https:\/\/www.ernestotimor.com\/irregular\/\",\"name\":\"Ernesto Timor, photographe auteur\",\"description\":\"Travaux personnels, galeries d&#039;art et d&#039;essai\",\"publisher\":{\"@id\":\"https:\/\/www.ernestotimor.com\/irregular\/#organization\"},\"potentialAction\":[{\"@type\":\"SearchAction\",\"target\":{\"@type\":\"EntryPoint\",\"urlTemplate\":\"https:\/\/www.ernestotimor.com\/irregular\/?s={search_term_string}\"},\"query-input\":{\"@type\":\"PropertyValueSpecification\",\"valueRequired\":true,\"valueName\":\"search_term_string\"}}],\"inLanguage\":\"fr-FR\"},{\"@type\":\"Organization\",\"@id\":\"https:\/\/www.ernestotimor.com\/irregular\/#organization\",\"name\":\"Timor Rocks !\",\"url\":\"https:\/\/www.ernestotimor.com\/irregular\/\",\"logo\":{\"@type\":\"ImageObject\",\"inLanguage\":\"fr-FR\",\"@id\":\"https:\/\/www.ernestotimor.com\/irregular\/#\/schema\/logo\/image\/\",\"url\":\"https:\/\/www.ernestotimor.com\/irregular\/wp-content\/uploads\/2019\/09\/irregular-2019-logo-wp-2.png\",\"contentUrl\":\"https:\/\/www.ernestotimor.com\/irregular\/wp-content\/uploads\/2019\/09\/irregular-2019-logo-wp-2.png\",\"width\":240,\"height\":120,\"caption\":\"Timor Rocks !\"},\"image\":{\"@id\":\"https:\/\/www.ernestotimor.com\/irregular\/#\/schema\/logo\/image\/\"},\"sameAs\":[\"https:\/\/www.facebook.com\/Timor.Rocks\/\",\"http:\/\/fr.linkedin.com\/in\/timorrocks\",\"https:\/\/www.youtube.com\/user\/Theatredumenteur\"]}]}<\/script>\n<!-- \/ Yoast SEO plugin. -->","yoast_head_json":{"title":"Les salles d'attente, en \u00e9cho \u00e0 \"Je suis contre la mort\"","description":"Les salles d'attente, en \u00e9cho \u00e0 \"Je suis contre la mort\". Mix exp\u00e9rimental entre mots de Fran\u00e7ois Chaffin et images d'Ernesto Timor, musique d'Appat203.","robots":{"index":"index","follow":"follow","max-snippet":"max-snippet:-1","max-image-preview":"max-image-preview:large","max-video-preview":"max-video-preview:-1"},"canonical":"https:\/\/www.ernestotimor.com\/irregular\/echographies\/les-salles-dattente-un-side-project-pour-je-suis-contre-la-mort-2015-2016\/","og_locale":"fr_FR","og_type":"article","og_title":"Les salles d'attente, en \u00e9cho \u00e0 \"Je suis contre la mort\"","og_description":"Les salles d'attente, en \u00e9cho \u00e0 \"Je suis contre la mort\". Mix exp\u00e9rimental entre mots de Fran\u00e7ois Chaffin et images d'Ernesto Timor, musique d'Appat203.","og_url":"https:\/\/www.ernestotimor.com\/irregular\/echographies\/les-salles-dattente-un-side-project-pour-je-suis-contre-la-mort-2015-2016\/","og_site_name":"Ernesto Timor, photographe auteur","article_publisher":"https:\/\/www.facebook.com\/Timor.Rocks\/","article_modified_time":"2025-10-26T17:24:27+00:00","og_image":[{"width":1150,"height":400,"url":"https:\/\/www.ernestotimor.com\/irregular\/wp-content\/uploads\/2015\/09\/1509-life0173_slide-salle-attente.jpg","type":"image\/jpeg"}],"twitter_card":"summary_large_image","twitter_misc":{"Dur\u00e9e de lecture estim\u00e9e":"3 minutes"},"schema":{"@context":"https:\/\/schema.org","@graph":[{"@type":"WebPage","@id":"https:\/\/www.ernestotimor.com\/irregular\/echographies\/les-salles-dattente-un-side-project-pour-je-suis-contre-la-mort-2015-2016\/","url":"https:\/\/www.ernestotimor.com\/irregular\/echographies\/les-salles-dattente-un-side-project-pour-je-suis-contre-la-mort-2015-2016\/","name":"Les salles d'attente, en \u00e9cho \u00e0 \"Je suis contre la mort\"","isPartOf":{"@id":"https:\/\/www.ernestotimor.com\/irregular\/#website"},"primaryImageOfPage":{"@id":"https:\/\/www.ernestotimor.com\/irregular\/echographies\/les-salles-dattente-un-side-project-pour-je-suis-contre-la-mort-2015-2016\/#primaryimage"},"image":{"@id":"https:\/\/www.ernestotimor.com\/irregular\/echographies\/les-salles-dattente-un-side-project-pour-je-suis-contre-la-mort-2015-2016\/#primaryimage"},"thumbnailUrl":"https:\/\/www.ernestotimor.com\/irregular\/wp-content\/uploads\/2015\/09\/1509-life0173_slide-salle-attente.jpg","datePublished":"2015-09-27T07:23:17+00:00","dateModified":"2025-10-26T17:24:27+00:00","description":"Les salles d'attente, en \u00e9cho \u00e0 \"Je suis contre la mort\". Mix exp\u00e9rimental entre mots de Fran\u00e7ois Chaffin et images d'Ernesto Timor, musique d'Appat203.","breadcrumb":{"@id":"https:\/\/www.ernestotimor.com\/irregular\/echographies\/les-salles-dattente-un-side-project-pour-je-suis-contre-la-mort-2015-2016\/#breadcrumb"},"inLanguage":"fr-FR","potentialAction":[{"@type":"ReadAction","target":["https:\/\/www.ernestotimor.com\/irregular\/echographies\/les-salles-dattente-un-side-project-pour-je-suis-contre-la-mort-2015-2016\/"]}]},{"@type":"ImageObject","inLanguage":"fr-FR","@id":"https:\/\/www.ernestotimor.com\/irregular\/echographies\/les-salles-dattente-un-side-project-pour-je-suis-contre-la-mort-2015-2016\/#primaryimage","url":"https:\/\/www.ernestotimor.com\/irregular\/wp-content\/uploads\/2015\/09\/1509-life0173_slide-salle-attente.jpg","contentUrl":"https:\/\/www.ernestotimor.com\/irregular\/wp-content\/uploads\/2015\/09\/1509-life0173_slide-salle-attente.jpg","width":1150,"height":400,"caption":"Photo \u00a9 Ernesto Timor"},{"@type":"BreadcrumbList","@id":"https:\/\/www.ernestotimor.com\/irregular\/echographies\/les-salles-dattente-un-side-project-pour-je-suis-contre-la-mort-2015-2016\/#breadcrumb","itemListElement":[{"@type":"ListItem","position":1,"name":"Accueil","item":"https:\/\/www.ernestotimor.com\/irregular\/"},{"@type":"ListItem","position":2,"name":"Echographies : Ernesto Timor &#038; friends","item":"https:\/\/www.ernestotimor.com\/irregular\/echographies\/"},{"@type":"ListItem","position":3,"name":"Les salles d&rsquo;attente : suites de films photographiques en \u00e9cho \u00e0 Je suis contre la mort, 2015-2016"}]},{"@type":"WebSite","@id":"https:\/\/www.ernestotimor.com\/irregular\/#website","url":"https:\/\/www.ernestotimor.com\/irregular\/","name":"Ernesto Timor, photographe auteur","description":"Travaux personnels, galeries d&#039;art et d&#039;essai","publisher":{"@id":"https:\/\/www.ernestotimor.com\/irregular\/#organization"},"potentialAction":[{"@type":"SearchAction","target":{"@type":"EntryPoint","urlTemplate":"https:\/\/www.ernestotimor.com\/irregular\/?s={search_term_string}"},"query-input":{"@type":"PropertyValueSpecification","valueRequired":true,"valueName":"search_term_string"}}],"inLanguage":"fr-FR"},{"@type":"Organization","@id":"https:\/\/www.ernestotimor.com\/irregular\/#organization","name":"Timor Rocks !","url":"https:\/\/www.ernestotimor.com\/irregular\/","logo":{"@type":"ImageObject","inLanguage":"fr-FR","@id":"https:\/\/www.ernestotimor.com\/irregular\/#\/schema\/logo\/image\/","url":"https:\/\/www.ernestotimor.com\/irregular\/wp-content\/uploads\/2019\/09\/irregular-2019-logo-wp-2.png","contentUrl":"https:\/\/www.ernestotimor.com\/irregular\/wp-content\/uploads\/2019\/09\/irregular-2019-logo-wp-2.png","width":240,"height":120,"caption":"Timor Rocks !"},"image":{"@id":"https:\/\/www.ernestotimor.com\/irregular\/#\/schema\/logo\/image\/"},"sameAs":["https:\/\/www.facebook.com\/Timor.Rocks\/","http:\/\/fr.linkedin.com\/in\/timorrocks","https:\/\/www.youtube.com\/user\/Theatredumenteur"]}]}},"_links":{"self":[{"href":"https:\/\/www.ernestotimor.com\/irregular\/wp-json\/wp\/v2\/pages\/20607","targetHints":{"allow":["GET"]}}],"collection":[{"href":"https:\/\/www.ernestotimor.com\/irregular\/wp-json\/wp\/v2\/pages"}],"about":[{"href":"https:\/\/www.ernestotimor.com\/irregular\/wp-json\/wp\/v2\/types\/page"}],"author":[{"embeddable":true,"href":"https:\/\/www.ernestotimor.com\/irregular\/wp-json\/wp\/v2\/users\/2"}],"replies":[{"embeddable":true,"href":"https:\/\/www.ernestotimor.com\/irregular\/wp-json\/wp\/v2\/comments?post=20607"}],"version-history":[{"count":3,"href":"https:\/\/www.ernestotimor.com\/irregular\/wp-json\/wp\/v2\/pages\/20607\/revisions"}],"predecessor-version":[{"id":25464,"href":"https:\/\/www.ernestotimor.com\/irregular\/wp-json\/wp\/v2\/pages\/20607\/revisions\/25464"}],"up":[{"embeddable":true,"href":"https:\/\/www.ernestotimor.com\/irregular\/wp-json\/wp\/v2\/pages\/15388"}],"wp:featuredmedia":[{"embeddable":true,"href":"https:\/\/www.ernestotimor.com\/irregular\/wp-json\/wp\/v2\/media\/21936"}],"wp:attachment":[{"href":"https:\/\/www.ernestotimor.com\/irregular\/wp-json\/wp\/v2\/media?parent=20607"}],"wp:term":[{"taxonomy":"category","embeddable":true,"href":"https:\/\/www.ernestotimor.com\/irregular\/wp-json\/wp\/v2\/categories?post=20607"},{"taxonomy":"post_tag","embeddable":true,"href":"https:\/\/www.ernestotimor.com\/irregular\/wp-json\/wp\/v2\/tags?post=20607"}],"curies":[{"name":"wp","href":"https:\/\/api.w.org\/{rel}","templated":true}]}}