{"id":21110,"date":"2016-02-07T16:33:40","date_gmt":"2016-02-07T15:33:40","guid":{"rendered":"http:\/\/www.ernestotimor.com\/irregular\/?page_id=21110"},"modified":"2019-09-22T13:49:32","modified_gmt":"2019-09-22T11:49:32","slug":"lenfer","status":"publish","type":"page","link":"https:\/\/www.ernestotimor.com\/irregular\/retro\/lenfer\/","title":{"rendered":"L&rsquo;Enfer : la loi des s\u00e9ries"},"content":{"rendered":"<h4>Dans ces r\u00e9serves* git une tentative de <em>conservation<\/em> de ma pl\u00e9thorique collection de travaux s\u00e9riels, autour du corps pour une part importante. Au-del\u00e0 de l&rsquo;entreprise de catalogage, ce fut l&rsquo;occasion de red\u00e9couvrir, restaurer et parfois remasteriser un certain nombre de s\u00e9quences photographiques oubli\u00e9es, et parfois bonifi\u00e9es, dans les caves de mon ancien site.<br \/>\nMais apr\u00e8s m\u00fbre r\u00e9flexion, en ce printemps 2018, l&rsquo;op\u00e9ration portes ouvertes est termin\u00e9e.<br \/>\nJe continuerai bien s\u00fbr de rep\u00eacher ici certains travaux, anciens ou plus r\u00e9cents, et de les pr\u00e9senter mais en faisant l&rsquo;effort de les contextualiser un peu. Ce sera mieux que ce grand vrac, vous verrez&#8230;<\/h4>\n<p>* Terme moins croustillant mais tout compte fait plus juste que l&rsquo;Enfer (pour les plus jeunes, je rappelle que <em>l&rsquo;Enfer<\/em> est le terme qui d\u00e9signe la zone interdite et secr\u00e8te o\u00f9 toute grande biblioth\u00e8que renferme ses ouvrages trop sulfureux pour l&rsquo;\u00e9poque)\u2026<\/p>\n","protected":false},"excerpt":{"rendered":"<p>Dans ces r\u00e9serves* git une tentative de conservation de ma pl\u00e9thorique collection de travaux s\u00e9riels, autour du corps pour une part importante. Au-del\u00e0 de l&rsquo;entreprise de catalogage, ce fut l&rsquo;occasion de red\u00e9couvrir, restaurer et parfois remasteriser un certain nombre de s\u00e9quences photographiques oubli\u00e9es, et parfois bonifi\u00e9es, dans les caves de&hellip;<\/p>\n","protected":false},"author":2,"featured_media":0,"parent":10381,"menu_order":0,"comment_status":"closed","ping_status":"closed","template":"","meta":{"ngg_post_thumbnail":0,"footnotes":""},"categories":[],"tags":[],"class_list":["post-21110","page","type-page","status-publish","hentry"],"yoast_head":"<!-- This site is optimized with the Yoast SEO plugin v27.1.1 - https:\/\/yoast.com\/product\/yoast-seo-wordpress\/ -->\n<title>L&#039;Enfer : s\u00e9quences photographiques, s\u00e9ries - Ernesto Timor<\/title>\n<meta name=\"description\" content=\"Dans ces r\u00e9serves* git une tentative de conservation de ma pl\u00e9thorique collection de travaux s\u00e9riels, autour du corps pour une part importante. Au-del\u00e0 de\" \/>\n<meta name=\"robots\" content=\"index, follow, max-snippet:-1, max-image-preview:large, max-video-preview:-1\" \/>\n<link rel=\"canonical\" href=\"https:\/\/www.ernestotimor.com\/irregular\/retro\/lenfer\/\" \/>\n<meta property=\"og:locale\" content=\"fr_FR\" \/>\n<meta property=\"og:type\" content=\"article\" \/>\n<meta property=\"og:title\" content=\"L&#039;Enfer : s\u00e9quences photographiques, s\u00e9ries - Ernesto Timor\" \/>\n<meta property=\"og:description\" content=\"Dans ces r\u00e9serves* git une tentative de conservation de ma pl\u00e9thorique collection de travaux s\u00e9riels, autour du corps pour une part importante. Au-del\u00e0 de\" \/>\n<meta property=\"og:url\" content=\"https:\/\/www.ernestotimor.com\/irregular\/retro\/lenfer\/\" \/>\n<meta property=\"og:site_name\" content=\"Ernesto Timor, photographe auteur\" \/>\n<meta property=\"article:publisher\" content=\"https:\/\/www.facebook.com\/Timor.Rocks\/\" \/>\n<meta property=\"article:modified_time\" content=\"2019-09-22T11:49:32+00:00\" \/>\n<meta property=\"og:image\" content=\"https:\/\/www.ernestotimor.com\/irregular\/wp-content\/uploads\/2016\/02\/1111-life0163.jpg\" \/>\n\t<meta property=\"og:image:width\" content=\"700\" \/>\n\t<meta property=\"og:image:height\" content=\"466\" \/>\n\t<meta property=\"og:image:type\" content=\"image\/jpeg\" \/>\n<meta name=\"twitter:card\" content=\"summary_large_image\" \/>\n<meta name=\"twitter:label1\" content=\"Dur\u00e9e de lecture estim\u00e9e\" \/>\n\t<meta name=\"twitter:data1\" content=\"1 minute\" \/>\n<script type=\"application\/ld+json\" class=\"yoast-schema-graph\">{\"@context\":\"https:\/\/schema.org\",\"@graph\":[{\"@type\":\"WebPage\",\"@id\":\"https:\/\/www.ernestotimor.com\/irregular\/retro\/lenfer\/\",\"url\":\"https:\/\/www.ernestotimor.com\/irregular\/retro\/lenfer\/\",\"name\":\"L'Enfer : s\u00e9quences photographiques, s\u00e9ries - Ernesto Timor\",\"isPartOf\":{\"@id\":\"https:\/\/www.ernestotimor.com\/irregular\/#website\"},\"datePublished\":\"2016-02-07T15:33:40+00:00\",\"dateModified\":\"2019-09-22T11:49:32+00:00\",\"description\":\"Dans ces r\u00e9serves* git une tentative de conservation de ma pl\u00e9thorique collection de travaux s\u00e9riels, autour du corps pour une part importante. Au-del\u00e0 de\",\"breadcrumb\":{\"@id\":\"https:\/\/www.ernestotimor.com\/irregular\/retro\/lenfer\/#breadcrumb\"},\"inLanguage\":\"fr-FR\",\"potentialAction\":[{\"@type\":\"ReadAction\",\"target\":[\"https:\/\/www.ernestotimor.com\/irregular\/retro\/lenfer\/\"]}]},{\"@type\":\"BreadcrumbList\",\"@id\":\"https:\/\/www.ernestotimor.com\/irregular\/retro\/lenfer\/#breadcrumb\",\"itemListElement\":[{\"@type\":\"ListItem\",\"position\":1,\"name\":\"Accueil\",\"item\":\"https:\/\/www.ernestotimor.com\/irregular\/\"},{\"@type\":\"ListItem\",\"position\":2,\"name\":\"Le bonheur est dans le catalogue\",\"item\":\"https:\/\/www.ernestotimor.com\/irregular\/retro\/\"},{\"@type\":\"ListItem\",\"position\":3,\"name\":\"L&rsquo;Enfer : la loi des s\u00e9ries\"}]},{\"@type\":\"WebSite\",\"@id\":\"https:\/\/www.ernestotimor.com\/irregular\/#website\",\"url\":\"https:\/\/www.ernestotimor.com\/irregular\/\",\"name\":\"Ernesto Timor, photographe auteur\",\"description\":\"Travaux personnels, galeries d&#039;art et d&#039;essai\",\"publisher\":{\"@id\":\"https:\/\/www.ernestotimor.com\/irregular\/#organization\"},\"potentialAction\":[{\"@type\":\"SearchAction\",\"target\":{\"@type\":\"EntryPoint\",\"urlTemplate\":\"https:\/\/www.ernestotimor.com\/irregular\/?s={search_term_string}\"},\"query-input\":{\"@type\":\"PropertyValueSpecification\",\"valueRequired\":true,\"valueName\":\"search_term_string\"}}],\"inLanguage\":\"fr-FR\"},{\"@type\":\"Organization\",\"@id\":\"https:\/\/www.ernestotimor.com\/irregular\/#organization\",\"name\":\"Timor Rocks !\",\"url\":\"https:\/\/www.ernestotimor.com\/irregular\/\",\"logo\":{\"@type\":\"ImageObject\",\"inLanguage\":\"fr-FR\",\"@id\":\"https:\/\/www.ernestotimor.com\/irregular\/#\/schema\/logo\/image\/\",\"url\":\"https:\/\/www.ernestotimor.com\/irregular\/wp-content\/uploads\/2019\/09\/irregular-2019-logo-wp-2.png\",\"contentUrl\":\"https:\/\/www.ernestotimor.com\/irregular\/wp-content\/uploads\/2019\/09\/irregular-2019-logo-wp-2.png\",\"width\":240,\"height\":120,\"caption\":\"Timor Rocks !\"},\"image\":{\"@id\":\"https:\/\/www.ernestotimor.com\/irregular\/#\/schema\/logo\/image\/\"},\"sameAs\":[\"https:\/\/www.facebook.com\/Timor.Rocks\/\",\"http:\/\/fr.linkedin.com\/in\/timorrocks\",\"https:\/\/www.youtube.com\/user\/Theatredumenteur\"]}]}<\/script>\n<!-- \/ Yoast SEO plugin. -->","yoast_head_json":{"title":"L'Enfer : s\u00e9quences photographiques, s\u00e9ries - Ernesto Timor","description":"Dans ces r\u00e9serves* git une tentative de conservation de ma pl\u00e9thorique collection de travaux s\u00e9riels, autour du corps pour une part importante. Au-del\u00e0 de","robots":{"index":"index","follow":"follow","max-snippet":"max-snippet:-1","max-image-preview":"max-image-preview:large","max-video-preview":"max-video-preview:-1"},"canonical":"https:\/\/www.ernestotimor.com\/irregular\/retro\/lenfer\/","og_locale":"fr_FR","og_type":"article","og_title":"L'Enfer : s\u00e9quences photographiques, s\u00e9ries - Ernesto Timor","og_description":"Dans ces r\u00e9serves* git une tentative de conservation de ma pl\u00e9thorique collection de travaux s\u00e9riels, autour du corps pour une part importante. Au-del\u00e0 de","og_url":"https:\/\/www.ernestotimor.com\/irregular\/retro\/lenfer\/","og_site_name":"Ernesto Timor, photographe auteur","article_publisher":"https:\/\/www.facebook.com\/Timor.Rocks\/","article_modified_time":"2019-09-22T11:49:32+00:00","og_image":[{"width":700,"height":466,"url":"https:\/\/www.ernestotimor.com\/irregular\/wp-content\/uploads\/2016\/02\/1111-life0163.jpg","type":"image\/jpeg"}],"twitter_card":"summary_large_image","twitter_misc":{"Dur\u00e9e de lecture estim\u00e9e":"1 minute"},"schema":{"@context":"https:\/\/schema.org","@graph":[{"@type":"WebPage","@id":"https:\/\/www.ernestotimor.com\/irregular\/retro\/lenfer\/","url":"https:\/\/www.ernestotimor.com\/irregular\/retro\/lenfer\/","name":"L'Enfer : s\u00e9quences photographiques, s\u00e9ries - Ernesto Timor","isPartOf":{"@id":"https:\/\/www.ernestotimor.com\/irregular\/#website"},"datePublished":"2016-02-07T15:33:40+00:00","dateModified":"2019-09-22T11:49:32+00:00","description":"Dans ces r\u00e9serves* git une tentative de conservation de ma pl\u00e9thorique collection de travaux s\u00e9riels, autour du corps pour une part importante. Au-del\u00e0 de","breadcrumb":{"@id":"https:\/\/www.ernestotimor.com\/irregular\/retro\/lenfer\/#breadcrumb"},"inLanguage":"fr-FR","potentialAction":[{"@type":"ReadAction","target":["https:\/\/www.ernestotimor.com\/irregular\/retro\/lenfer\/"]}]},{"@type":"BreadcrumbList","@id":"https:\/\/www.ernestotimor.com\/irregular\/retro\/lenfer\/#breadcrumb","itemListElement":[{"@type":"ListItem","position":1,"name":"Accueil","item":"https:\/\/www.ernestotimor.com\/irregular\/"},{"@type":"ListItem","position":2,"name":"Le bonheur est dans le catalogue","item":"https:\/\/www.ernestotimor.com\/irregular\/retro\/"},{"@type":"ListItem","position":3,"name":"L&rsquo;Enfer : la loi des s\u00e9ries"}]},{"@type":"WebSite","@id":"https:\/\/www.ernestotimor.com\/irregular\/#website","url":"https:\/\/www.ernestotimor.com\/irregular\/","name":"Ernesto Timor, photographe auteur","description":"Travaux personnels, galeries d&#039;art et d&#039;essai","publisher":{"@id":"https:\/\/www.ernestotimor.com\/irregular\/#organization"},"potentialAction":[{"@type":"SearchAction","target":{"@type":"EntryPoint","urlTemplate":"https:\/\/www.ernestotimor.com\/irregular\/?s={search_term_string}"},"query-input":{"@type":"PropertyValueSpecification","valueRequired":true,"valueName":"search_term_string"}}],"inLanguage":"fr-FR"},{"@type":"Organization","@id":"https:\/\/www.ernestotimor.com\/irregular\/#organization","name":"Timor Rocks !","url":"https:\/\/www.ernestotimor.com\/irregular\/","logo":{"@type":"ImageObject","inLanguage":"fr-FR","@id":"https:\/\/www.ernestotimor.com\/irregular\/#\/schema\/logo\/image\/","url":"https:\/\/www.ernestotimor.com\/irregular\/wp-content\/uploads\/2019\/09\/irregular-2019-logo-wp-2.png","contentUrl":"https:\/\/www.ernestotimor.com\/irregular\/wp-content\/uploads\/2019\/09\/irregular-2019-logo-wp-2.png","width":240,"height":120,"caption":"Timor Rocks !"},"image":{"@id":"https:\/\/www.ernestotimor.com\/irregular\/#\/schema\/logo\/image\/"},"sameAs":["https:\/\/www.facebook.com\/Timor.Rocks\/","http:\/\/fr.linkedin.com\/in\/timorrocks","https:\/\/www.youtube.com\/user\/Theatredumenteur"]}]}},"_links":{"self":[{"href":"https:\/\/www.ernestotimor.com\/irregular\/wp-json\/wp\/v2\/pages\/21110","targetHints":{"allow":["GET"]}}],"collection":[{"href":"https:\/\/www.ernestotimor.com\/irregular\/wp-json\/wp\/v2\/pages"}],"about":[{"href":"https:\/\/www.ernestotimor.com\/irregular\/wp-json\/wp\/v2\/types\/page"}],"author":[{"embeddable":true,"href":"https:\/\/www.ernestotimor.com\/irregular\/wp-json\/wp\/v2\/users\/2"}],"replies":[{"embeddable":true,"href":"https:\/\/www.ernestotimor.com\/irregular\/wp-json\/wp\/v2\/comments?post=21110"}],"version-history":[{"count":0,"href":"https:\/\/www.ernestotimor.com\/irregular\/wp-json\/wp\/v2\/pages\/21110\/revisions"}],"up":[{"embeddable":true,"href":"https:\/\/www.ernestotimor.com\/irregular\/wp-json\/wp\/v2\/pages\/10381"}],"wp:attachment":[{"href":"https:\/\/www.ernestotimor.com\/irregular\/wp-json\/wp\/v2\/media?parent=21110"}],"wp:term":[{"taxonomy":"category","embeddable":true,"href":"https:\/\/www.ernestotimor.com\/irregular\/wp-json\/wp\/v2\/categories?post=21110"},{"taxonomy":"post_tag","embeddable":true,"href":"https:\/\/www.ernestotimor.com\/irregular\/wp-json\/wp\/v2\/tags?post=21110"}],"curies":[{"name":"wp","href":"https:\/\/api.w.org\/{rel}","templated":true}]}}