{"id":23861,"date":"2017-08-16T17:39:42","date_gmt":"2017-08-16T15:39:42","guid":{"rendered":"http:\/\/www.ernestotimor.com\/irregular\/?page_id=23861"},"modified":"2019-09-22T13:57:46","modified_gmt":"2019-09-22T11:57:46","slug":"le-demolisseur-sur-rendez-vous-et-autres-metiers-reves","status":"publish","type":"page","link":"https:\/\/www.ernestotimor.com\/irregular\/echographies\/le-demolisseur-sur-rendez-vous-et-autres-metiers-reves\/","title":{"rendered":"<em>Le d\u00e9molisseur sur rendez-vous, et autres m\u00e9tiers r\u00eav\u00e9s<\/em>"},"content":{"rendered":"<h4>Dans la tradition des clich\u00e9s de travailleurs posant avec la solennit\u00e9 de leur fonction, je r\u00e9alise une galerie de portraits d\u2019anonymes qui figurent des m\u00e9tiers imaginaires. Il se pr\u00e9sentent \u00e0 nous avec leur pr\u00e9nom v\u00e9ritable et la profession qu\u2019ils se sont choisie, incarnation \u00e9ph\u00e9m\u00e8re d\u2019une vocation impossible ou allusion grin\u00e7ante au monde du labeur r\u00e9el. La sc\u00e8ne est sobre et plausible : rien de plus qu\u2019un geste, un outil improbable, une fa\u00e7on d\u2019\u00eatre, un milieu naturel\u2026<\/h4>\n<p>Les textes accompagnant ces portraits sont sign\u00e9s Fran\u00e7ois Chaffin, r\u00e9sonant avec sa cr\u00e9ation de <a href=\"https:\/\/www.theatre-du-menteur.com\/les-spectacles\/51-mots-pour-dire-la-sueur\/\">51 mots pour dire la sueur<\/a>, farce po\u00e9tique et politique autour du travail, spectacle cr\u00e9\u00e9 d\u00e9but 2019.&nbsp;D\u2019abord d\u00e9riv\u00e9es du texte du spectacle, ces pr\u00e9sentations fictives se sont nourries par la suite de ce que lui inspiraient les diverses personnalit\u00e9s photographi\u00e9es, une sorte de <em>gueule de l&#8217;emploi <\/em>\u00e0 l&rsquo;envers, en somme\u2026<\/p>\n<p>Pour un aper\u00e7u texte\/image au complet, avec une s\u00e9lection de photos compl\u00e9t\u00e9es des textes \u00e9crits par Fran\u00e7ois Chaffin, rendez-vous sur le site du<a href=\"https:\/\/www.theatre-du-menteur.com\/les-spectacles\/51-mots-pour-dire-la-sueur\/la-gueule-de-lemploi-la-galerie\/\">Th\u00e9\u00e2tre du Menteur<\/a>\u2026<\/p>\n<hr>\n<p>&nbsp;<\/p>\n<div class=\"su-row\">\n<div class=\"su-column su-column-size-1-2\"><div class=\"su-column-inner su-u-clearfix su-u-trim\">\n<img loading=\"lazy\" decoding=\"async\" class=\"alignnone size-large wp-image-25057\" src=\"https:\/\/www.ernestotimor.com\/irregular\/wp-content\/uploads\/2019\/06\/timor-expos-aff-1901b-362x512.jpg\" alt=\"\" width=\"362\" height=\"512\" srcset=\"https:\/\/www.ernestotimor.com\/irregular\/wp-content\/uploads\/2019\/06\/timor-expos-aff-1901b-362x512.jpg 362w, https:\/\/www.ernestotimor.com\/irregular\/wp-content\/uploads\/2019\/06\/timor-expos-aff-1901b-212x300.jpg 212w, https:\/\/www.ernestotimor.com\/irregular\/wp-content\/uploads\/2019\/06\/timor-expos-aff-1901b-106x150.jpg 106w, https:\/\/www.ernestotimor.com\/irregular\/wp-content\/uploads\/2019\/06\/timor-expos-aff-1901b.jpg 495w\" sizes=\"auto, (max-width: 362px) 100vw, 362px\" \/><\/p>\n<h5>L&rsquo;exposition, dates 2019-2020<\/h5>\n<ul style=\"list-style-type: square;\">\n<li>Centre culturel de Nangis (77), du 23 janvier au 6 f\u00e9vrier<\/li>\n<li>Dialogues en humanit\u00e9, Parc de la T\u00eate d&rsquo;Or, Lyon, du 5 au 7 juillet (grande roseraie, zone E du festival, de 10 \u00e0 20h)<\/li>\n<li>Centre culturel <a href=\"http:\/\/www.lepolaris.org\/exposition-flash\/\">Le Polaris<\/a>, Corbas (69), du 5 au 20 d\u00e9cembre (vernissage jeudi 5)<\/li>\n<li>Galerie de la mezzanine de l&rsquo;H\u00f4tel de ville, Guyancourt (78), du 5 mars au 18 avril 2020<\/li>\n<li>autres contacts en cours\u2026<\/li>\n<\/ul>\n<p>Dossier complet <a href=\"https:\/\/www.ernestotimor.com\/irregular\/a-propos\/contact\/\">sur demande<\/a>\u2026<br \/>\n<\/div><\/div>\n<div class=\"su-column su-column-size-1-2\"><div class=\"su-column-inner su-u-clearfix su-u-trim\">\nngg_shortcode_0_placeholder\n<\/div><\/div>\n<\/div>\n<hr>\n<p>&nbsp;<\/p>\nngg_shortcode_1_placeholder\n","protected":false},"excerpt":{"rendered":"<p>Dans la tradition des clich\u00e9s de travailleurs posant avec la solennit\u00e9 de leur fonction, je r\u00e9alise une galerie de portraits d\u2019anonymes qui figurent des m\u00e9tiers imaginaires. Il se pr\u00e9sentent \u00e0 nous avec leur pr\u00e9nom v\u00e9ritable et la profession qu\u2019ils se sont choisie, incarnation \u00e9ph\u00e9m\u00e8re d\u2019une vocation impossible ou allusion grin\u00e7ante&hellip;<\/p>\n","protected":false},"author":2,"featured_media":24643,"parent":15388,"menu_order":0,"comment_status":"closed","ping_status":"closed","template":"","meta":{"ngg_post_thumbnail":0,"footnotes":""},"categories":[],"tags":[48,144,182,209,278,308,76,50,34],"class_list":["post-23861","page","type-page","status-publish","has-post-thumbnail","hentry","tag-ce-que-je-crois","tag-demarche","tag-echo","tag-ecriture","tag-litterature","tag-a-quoi-je-sers","tag-mystere","tag-portrait","tag-rencontre"],"yoast_head":"<!-- This site is optimized with the Yoast SEO plugin v27.1.1 - https:\/\/yoast.com\/product\/yoast-seo-wordpress\/ -->\n<title>Le d\u00e9molisseur sur rendez-vous, et autres m\u00e9tiers r\u00eav\u00e9s \u2022 Ernesto Timor + Fran\u00e7ois Chaffin<\/title>\n<meta name=\"description\" content=\"Portraits de travailleurs imaginaires, en \u00e9cho au spectacle &quot;51 mots pour dire la sueur&quot;, avec fiches de postes sign\u00e9es Fran\u00e7ois Chaffin, 2018-2019.\" \/>\n<meta name=\"robots\" content=\"index, follow, max-snippet:-1, max-image-preview:large, max-video-preview:-1\" \/>\n<link rel=\"canonical\" href=\"https:\/\/www.ernestotimor.com\/irregular\/echographies\/le-demolisseur-sur-rendez-vous-et-autres-metiers-reves\/\" \/>\n<meta property=\"og:locale\" content=\"fr_FR\" \/>\n<meta property=\"og:type\" content=\"article\" \/>\n<meta property=\"og:title\" content=\"Le d\u00e9molisseur sur rendez-vous, et autres m\u00e9tiers r\u00eav\u00e9s \u2022 Ernesto Timor + Fran\u00e7ois Chaffin\" \/>\n<meta property=\"og:description\" content=\"Portraits de travailleurs imaginaires, en \u00e9cho au spectacle &quot;51 mots pour dire la sueur&quot;, avec fiches de postes sign\u00e9es Fran\u00e7ois Chaffin, 2018-2019.\" \/>\n<meta property=\"og:url\" content=\"https:\/\/www.ernestotimor.com\/irregular\/echographies\/le-demolisseur-sur-rendez-vous-et-autres-metiers-reves\/\" \/>\n<meta property=\"og:site_name\" content=\"Ernesto Timor, photographe auteur\" \/>\n<meta property=\"article:publisher\" content=\"https:\/\/www.facebook.com\/Timor.Rocks\/\" \/>\n<meta property=\"article:modified_time\" content=\"2019-09-22T11:57:46+00:00\" \/>\n<meta property=\"og:image\" content=\"https:\/\/www.ernestotimor.com\/irregular\/wp-content\/uploads\/2018\/02\/1712-manu-metiers0398_slide-mda.jpg\" \/>\n\t<meta property=\"og:image:width\" content=\"1150\" \/>\n\t<meta property=\"og:image:height\" content=\"400\" \/>\n\t<meta property=\"og:image:type\" content=\"image\/jpeg\" \/>\n<meta name=\"twitter:card\" content=\"summary_large_image\" \/>\n<meta name=\"twitter:label1\" content=\"Dur\u00e9e de lecture estim\u00e9e\" \/>\n\t<meta name=\"twitter:data1\" content=\"1 minute\" \/>\n<script type=\"application\/ld+json\" class=\"yoast-schema-graph\">{\"@context\":\"https:\/\/schema.org\",\"@graph\":[{\"@type\":\"WebPage\",\"@id\":\"https:\/\/www.ernestotimor.com\/irregular\/echographies\/le-demolisseur-sur-rendez-vous-et-autres-metiers-reves\/\",\"url\":\"https:\/\/www.ernestotimor.com\/irregular\/echographies\/le-demolisseur-sur-rendez-vous-et-autres-metiers-reves\/\",\"name\":\"Le d\u00e9molisseur sur rendez-vous, et autres m\u00e9tiers r\u00eav\u00e9s \u2022 Ernesto Timor + Fran\u00e7ois Chaffin\",\"isPartOf\":{\"@id\":\"https:\/\/www.ernestotimor.com\/irregular\/#website\"},\"primaryImageOfPage\":{\"@id\":\"https:\/\/www.ernestotimor.com\/irregular\/echographies\/le-demolisseur-sur-rendez-vous-et-autres-metiers-reves\/#primaryimage\"},\"image\":{\"@id\":\"https:\/\/www.ernestotimor.com\/irregular\/echographies\/le-demolisseur-sur-rendez-vous-et-autres-metiers-reves\/#primaryimage\"},\"thumbnailUrl\":\"https:\/\/www.ernestotimor.com\/irregular\/wp-content\/uploads\/2018\/02\/1712-manu-metiers0398_slide-mda.jpg\",\"datePublished\":\"2017-08-16T15:39:42+00:00\",\"dateModified\":\"2019-09-22T11:57:46+00:00\",\"description\":\"Portraits de travailleurs imaginaires, en \u00e9cho au spectacle \\\"51 mots pour dire la sueur\\\", avec fiches de postes sign\u00e9es Fran\u00e7ois Chaffin, 2018-2019.\",\"breadcrumb\":{\"@id\":\"https:\/\/www.ernestotimor.com\/irregular\/echographies\/le-demolisseur-sur-rendez-vous-et-autres-metiers-reves\/#breadcrumb\"},\"inLanguage\":\"fr-FR\",\"potentialAction\":[{\"@type\":\"ReadAction\",\"target\":[\"https:\/\/www.ernestotimor.com\/irregular\/echographies\/le-demolisseur-sur-rendez-vous-et-autres-metiers-reves\/\"]}]},{\"@type\":\"ImageObject\",\"inLanguage\":\"fr-FR\",\"@id\":\"https:\/\/www.ernestotimor.com\/irregular\/echographies\/le-demolisseur-sur-rendez-vous-et-autres-metiers-reves\/#primaryimage\",\"url\":\"https:\/\/www.ernestotimor.com\/irregular\/wp-content\/uploads\/2018\/02\/1712-manu-metiers0398_slide-mda.jpg\",\"contentUrl\":\"https:\/\/www.ernestotimor.com\/irregular\/wp-content\/uploads\/2018\/02\/1712-manu-metiers0398_slide-mda.jpg\",\"width\":1150,\"height\":400},{\"@type\":\"BreadcrumbList\",\"@id\":\"https:\/\/www.ernestotimor.com\/irregular\/echographies\/le-demolisseur-sur-rendez-vous-et-autres-metiers-reves\/#breadcrumb\",\"itemListElement\":[{\"@type\":\"ListItem\",\"position\":1,\"name\":\"Accueil\",\"item\":\"https:\/\/www.ernestotimor.com\/irregular\/\"},{\"@type\":\"ListItem\",\"position\":2,\"name\":\"Echographies : Ernesto Timor &#038; friends\",\"item\":\"https:\/\/www.ernestotimor.com\/irregular\/echographies\/\"},{\"@type\":\"ListItem\",\"position\":3,\"name\":\"Le d\u00e9molisseur sur rendez-vous, et autres m\u00e9tiers r\u00eav\u00e9s\"}]},{\"@type\":\"WebSite\",\"@id\":\"https:\/\/www.ernestotimor.com\/irregular\/#website\",\"url\":\"https:\/\/www.ernestotimor.com\/irregular\/\",\"name\":\"Ernesto Timor, photographe auteur\",\"description\":\"Travaux personnels, galeries d&#039;art et d&#039;essai\",\"publisher\":{\"@id\":\"https:\/\/www.ernestotimor.com\/irregular\/#organization\"},\"potentialAction\":[{\"@type\":\"SearchAction\",\"target\":{\"@type\":\"EntryPoint\",\"urlTemplate\":\"https:\/\/www.ernestotimor.com\/irregular\/?s={search_term_string}\"},\"query-input\":{\"@type\":\"PropertyValueSpecification\",\"valueRequired\":true,\"valueName\":\"search_term_string\"}}],\"inLanguage\":\"fr-FR\"},{\"@type\":\"Organization\",\"@id\":\"https:\/\/www.ernestotimor.com\/irregular\/#organization\",\"name\":\"Timor Rocks !\",\"url\":\"https:\/\/www.ernestotimor.com\/irregular\/\",\"logo\":{\"@type\":\"ImageObject\",\"inLanguage\":\"fr-FR\",\"@id\":\"https:\/\/www.ernestotimor.com\/irregular\/#\/schema\/logo\/image\/\",\"url\":\"https:\/\/www.ernestotimor.com\/irregular\/wp-content\/uploads\/2019\/09\/irregular-2019-logo-wp-2.png\",\"contentUrl\":\"https:\/\/www.ernestotimor.com\/irregular\/wp-content\/uploads\/2019\/09\/irregular-2019-logo-wp-2.png\",\"width\":240,\"height\":120,\"caption\":\"Timor Rocks !\"},\"image\":{\"@id\":\"https:\/\/www.ernestotimor.com\/irregular\/#\/schema\/logo\/image\/\"},\"sameAs\":[\"https:\/\/www.facebook.com\/Timor.Rocks\/\",\"http:\/\/fr.linkedin.com\/in\/timorrocks\",\"https:\/\/www.youtube.com\/user\/Theatredumenteur\"]}]}<\/script>\n<!-- \/ Yoast SEO plugin. -->","yoast_head_json":{"title":"Le d\u00e9molisseur sur rendez-vous, et autres m\u00e9tiers r\u00eav\u00e9s \u2022 Ernesto Timor + Fran\u00e7ois Chaffin","description":"Portraits de travailleurs imaginaires, en \u00e9cho au spectacle \"51 mots pour dire la sueur\", avec fiches de postes sign\u00e9es Fran\u00e7ois Chaffin, 2018-2019.","robots":{"index":"index","follow":"follow","max-snippet":"max-snippet:-1","max-image-preview":"max-image-preview:large","max-video-preview":"max-video-preview:-1"},"canonical":"https:\/\/www.ernestotimor.com\/irregular\/echographies\/le-demolisseur-sur-rendez-vous-et-autres-metiers-reves\/","og_locale":"fr_FR","og_type":"article","og_title":"Le d\u00e9molisseur sur rendez-vous, et autres m\u00e9tiers r\u00eav\u00e9s \u2022 Ernesto Timor + Fran\u00e7ois Chaffin","og_description":"Portraits de travailleurs imaginaires, en \u00e9cho au spectacle \"51 mots pour dire la sueur\", avec fiches de postes sign\u00e9es Fran\u00e7ois Chaffin, 2018-2019.","og_url":"https:\/\/www.ernestotimor.com\/irregular\/echographies\/le-demolisseur-sur-rendez-vous-et-autres-metiers-reves\/","og_site_name":"Ernesto Timor, photographe auteur","article_publisher":"https:\/\/www.facebook.com\/Timor.Rocks\/","article_modified_time":"2019-09-22T11:57:46+00:00","og_image":[{"width":1150,"height":400,"url":"https:\/\/www.ernestotimor.com\/irregular\/wp-content\/uploads\/2018\/02\/1712-manu-metiers0398_slide-mda.jpg","type":"image\/jpeg"}],"twitter_card":"summary_large_image","twitter_misc":{"Dur\u00e9e de lecture estim\u00e9e":"1 minute"},"schema":{"@context":"https:\/\/schema.org","@graph":[{"@type":"WebPage","@id":"https:\/\/www.ernestotimor.com\/irregular\/echographies\/le-demolisseur-sur-rendez-vous-et-autres-metiers-reves\/","url":"https:\/\/www.ernestotimor.com\/irregular\/echographies\/le-demolisseur-sur-rendez-vous-et-autres-metiers-reves\/","name":"Le d\u00e9molisseur sur rendez-vous, et autres m\u00e9tiers r\u00eav\u00e9s \u2022 Ernesto Timor + Fran\u00e7ois Chaffin","isPartOf":{"@id":"https:\/\/www.ernestotimor.com\/irregular\/#website"},"primaryImageOfPage":{"@id":"https:\/\/www.ernestotimor.com\/irregular\/echographies\/le-demolisseur-sur-rendez-vous-et-autres-metiers-reves\/#primaryimage"},"image":{"@id":"https:\/\/www.ernestotimor.com\/irregular\/echographies\/le-demolisseur-sur-rendez-vous-et-autres-metiers-reves\/#primaryimage"},"thumbnailUrl":"https:\/\/www.ernestotimor.com\/irregular\/wp-content\/uploads\/2018\/02\/1712-manu-metiers0398_slide-mda.jpg","datePublished":"2017-08-16T15:39:42+00:00","dateModified":"2019-09-22T11:57:46+00:00","description":"Portraits de travailleurs imaginaires, en \u00e9cho au spectacle \"51 mots pour dire la sueur\", avec fiches de postes sign\u00e9es Fran\u00e7ois Chaffin, 2018-2019.","breadcrumb":{"@id":"https:\/\/www.ernestotimor.com\/irregular\/echographies\/le-demolisseur-sur-rendez-vous-et-autres-metiers-reves\/#breadcrumb"},"inLanguage":"fr-FR","potentialAction":[{"@type":"ReadAction","target":["https:\/\/www.ernestotimor.com\/irregular\/echographies\/le-demolisseur-sur-rendez-vous-et-autres-metiers-reves\/"]}]},{"@type":"ImageObject","inLanguage":"fr-FR","@id":"https:\/\/www.ernestotimor.com\/irregular\/echographies\/le-demolisseur-sur-rendez-vous-et-autres-metiers-reves\/#primaryimage","url":"https:\/\/www.ernestotimor.com\/irregular\/wp-content\/uploads\/2018\/02\/1712-manu-metiers0398_slide-mda.jpg","contentUrl":"https:\/\/www.ernestotimor.com\/irregular\/wp-content\/uploads\/2018\/02\/1712-manu-metiers0398_slide-mda.jpg","width":1150,"height":400},{"@type":"BreadcrumbList","@id":"https:\/\/www.ernestotimor.com\/irregular\/echographies\/le-demolisseur-sur-rendez-vous-et-autres-metiers-reves\/#breadcrumb","itemListElement":[{"@type":"ListItem","position":1,"name":"Accueil","item":"https:\/\/www.ernestotimor.com\/irregular\/"},{"@type":"ListItem","position":2,"name":"Echographies : Ernesto Timor &#038; friends","item":"https:\/\/www.ernestotimor.com\/irregular\/echographies\/"},{"@type":"ListItem","position":3,"name":"Le d\u00e9molisseur sur rendez-vous, et autres m\u00e9tiers r\u00eav\u00e9s"}]},{"@type":"WebSite","@id":"https:\/\/www.ernestotimor.com\/irregular\/#website","url":"https:\/\/www.ernestotimor.com\/irregular\/","name":"Ernesto Timor, photographe auteur","description":"Travaux personnels, galeries d&#039;art et d&#039;essai","publisher":{"@id":"https:\/\/www.ernestotimor.com\/irregular\/#organization"},"potentialAction":[{"@type":"SearchAction","target":{"@type":"EntryPoint","urlTemplate":"https:\/\/www.ernestotimor.com\/irregular\/?s={search_term_string}"},"query-input":{"@type":"PropertyValueSpecification","valueRequired":true,"valueName":"search_term_string"}}],"inLanguage":"fr-FR"},{"@type":"Organization","@id":"https:\/\/www.ernestotimor.com\/irregular\/#organization","name":"Timor Rocks !","url":"https:\/\/www.ernestotimor.com\/irregular\/","logo":{"@type":"ImageObject","inLanguage":"fr-FR","@id":"https:\/\/www.ernestotimor.com\/irregular\/#\/schema\/logo\/image\/","url":"https:\/\/www.ernestotimor.com\/irregular\/wp-content\/uploads\/2019\/09\/irregular-2019-logo-wp-2.png","contentUrl":"https:\/\/www.ernestotimor.com\/irregular\/wp-content\/uploads\/2019\/09\/irregular-2019-logo-wp-2.png","width":240,"height":120,"caption":"Timor Rocks !"},"image":{"@id":"https:\/\/www.ernestotimor.com\/irregular\/#\/schema\/logo\/image\/"},"sameAs":["https:\/\/www.facebook.com\/Timor.Rocks\/","http:\/\/fr.linkedin.com\/in\/timorrocks","https:\/\/www.youtube.com\/user\/Theatredumenteur"]}]}},"_links":{"self":[{"href":"https:\/\/www.ernestotimor.com\/irregular\/wp-json\/wp\/v2\/pages\/23861","targetHints":{"allow":["GET"]}}],"collection":[{"href":"https:\/\/www.ernestotimor.com\/irregular\/wp-json\/wp\/v2\/pages"}],"about":[{"href":"https:\/\/www.ernestotimor.com\/irregular\/wp-json\/wp\/v2\/types\/page"}],"author":[{"embeddable":true,"href":"https:\/\/www.ernestotimor.com\/irregular\/wp-json\/wp\/v2\/users\/2"}],"replies":[{"embeddable":true,"href":"https:\/\/www.ernestotimor.com\/irregular\/wp-json\/wp\/v2\/comments?post=23861"}],"version-history":[{"count":0,"href":"https:\/\/www.ernestotimor.com\/irregular\/wp-json\/wp\/v2\/pages\/23861\/revisions"}],"up":[{"embeddable":true,"href":"https:\/\/www.ernestotimor.com\/irregular\/wp-json\/wp\/v2\/pages\/15388"}],"wp:featuredmedia":[{"embeddable":true,"href":"https:\/\/www.ernestotimor.com\/irregular\/wp-json\/wp\/v2\/media\/24643"}],"wp:attachment":[{"href":"https:\/\/www.ernestotimor.com\/irregular\/wp-json\/wp\/v2\/media?parent=23861"}],"wp:term":[{"taxonomy":"category","embeddable":true,"href":"https:\/\/www.ernestotimor.com\/irregular\/wp-json\/wp\/v2\/categories?post=23861"},{"taxonomy":"post_tag","embeddable":true,"href":"https:\/\/www.ernestotimor.com\/irregular\/wp-json\/wp\/v2\/tags?post=23861"}],"curies":[{"name":"wp","href":"https:\/\/api.w.org\/{rel}","templated":true}]}}