{"id":1090,"date":"2019-09-27T11:21:51","date_gmt":"2019-09-27T09:21:51","guid":{"rendered":"https:\/\/www.ernestotimor.com\/on-a-deux-vies\/?page_id=1090"},"modified":"2019-09-27T11:21:51","modified_gmt":"2019-09-27T09:21:51","slug":"le-journal-laboratoire-dernesto-timor","status":"publish","type":"page","link":"https:\/\/www.ernestotimor.com\/on-a-deux-vies\/","title":{"rendered":"Le journal-laboratoire d&rsquo;Ernesto Timor"},"content":{"rendered":"<p>Ce journal photographique a pris le relais de mon <em> Irregular photoblog<\/em> (2003-2018, RIP&nbsp;&#160;!).<\/p>\n<p>Au programme&nbsp;&#160;: c\u00f4t\u00e9 image, de plus grands formats et des s\u00e9ries qui d\u00e9filent quand l\u2019image unique ne suffit pas&nbsp;&#160;; c\u00f4t\u00e9 texte, de l\u2019\u00e9criture nettement plus loquace\u2026<\/p>\n<p>N\u00e9 de l\u2019envie de r\u00e9inventer pleinement quelque chose de \u00ab&#160;&nbsp;nouveau et int\u00e9ressant&nbsp;&#160;\u00bb, ceci se veut un terrain de jeu photographique, un genre de stimulant cr\u00e9atif personnel qui, aura peut-\u00eatre la chance de parler aussi aux visiteurs-euses qui prennent le temps de la curiosit\u00e9\u2026<\/p>\n","protected":false},"excerpt":{"rendered":"<p> &hellip;<\/p>\n","protected":false},"author":1,"featured_media":0,"parent":0,"menu_order":0,"comment_status":"closed","ping_status":"closed","template":"plus-templates\/template-blog.php","meta":{"ngg_post_thumbnail":0,"footnotes":""},"categories":[],"tags":[],"class_list":["post-1090","page","type-page","status-publish","hentry"],"yoast_head":"<!-- This site is optimized with the Yoast SEO plugin v27.1.1 - https:\/\/yoast.com\/product\/yoast-seo-wordpress\/ -->\n<title>Le journal-laboratoire d&#039;Ernesto Timor - On a deux vies<\/title>\n<meta name=\"robots\" content=\"index, follow, max-snippet:-1, max-image-preview:large, max-video-preview:-1\" \/>\n<link rel=\"canonical\" href=\"https:\/\/www.ernestotimor.com\/on-a-deux-vies\/\" \/>\n<meta property=\"og:locale\" content=\"fr_FR\" \/>\n<meta property=\"og:type\" content=\"article\" \/>\n<meta property=\"og:title\" content=\"Le journal-laboratoire d&#039;Ernesto Timor - On a deux vies\" \/>\n<meta property=\"og:description\" content=\"&hellip;\" \/>\n<meta property=\"og:url\" content=\"https:\/\/www.ernestotimor.com\/on-a-deux-vies\/\" \/>\n<meta property=\"og:site_name\" content=\"On a deux vies\" \/>\n<meta property=\"article:publisher\" content=\"https:\/\/www.facebook.com\/Timor.Rocks\" \/>\n<meta name=\"twitter:card\" content=\"summary_large_image\" \/>\n<script type=\"application\/ld+json\" class=\"yoast-schema-graph\">{\"@context\":\"https:\/\/schema.org\",\"@graph\":[{\"@type\":\"WebPage\",\"@id\":\"https:\/\/www.ernestotimor.com\/on-a-deux-vies\/\",\"url\":\"https:\/\/www.ernestotimor.com\/on-a-deux-vies\/\",\"name\":\"Le journal-laboratoire d'Ernesto Timor - On a deux vies\",\"isPartOf\":{\"@id\":\"https:\/\/www.ernestotimor.com\/on-a-deux-vies\/#website\"},\"datePublished\":\"2019-09-27T09:21:51+00:00\",\"breadcrumb\":{\"@id\":\"https:\/\/www.ernestotimor.com\/on-a-deux-vies\/#breadcrumb\"},\"inLanguage\":\"fr-FR\",\"potentialAction\":[{\"@type\":\"ReadAction\",\"target\":[\"https:\/\/www.ernestotimor.com\/on-a-deux-vies\/\"]}]},{\"@type\":\"BreadcrumbList\",\"@id\":\"https:\/\/www.ernestotimor.com\/on-a-deux-vies\/#breadcrumb\",\"itemListElement\":[{\"@type\":\"ListItem\",\"position\":1,\"name\":\"Accueil\",\"item\":\"https:\/\/www.ernestotimor.com\/on-a-deux-vies\/\"},{\"@type\":\"ListItem\",\"position\":2,\"name\":\"Le journal-laboratoire d&rsquo;Ernesto Timor\"}]},{\"@type\":\"WebSite\",\"@id\":\"https:\/\/www.ernestotimor.com\/on-a-deux-vies\/#website\",\"url\":\"https:\/\/www.ernestotimor.com\/on-a-deux-vies\/\",\"name\":\"On a deux vies\",\"description\":\"Le journal-laboratoire du photographe Ernesto Timor\",\"publisher\":{\"@id\":\"https:\/\/www.ernestotimor.com\/on-a-deux-vies\/#organization\"},\"potentialAction\":[{\"@type\":\"SearchAction\",\"target\":{\"@type\":\"EntryPoint\",\"urlTemplate\":\"https:\/\/www.ernestotimor.com\/on-a-deux-vies\/?s={search_term_string}\"},\"query-input\":{\"@type\":\"PropertyValueSpecification\",\"valueRequired\":true,\"valueName\":\"search_term_string\"}}],\"inLanguage\":\"fr-FR\"},{\"@type\":\"Organization\",\"@id\":\"https:\/\/www.ernestotimor.com\/on-a-deux-vies\/#organization\",\"name\":\"On a deux vies\",\"url\":\"https:\/\/www.ernestotimor.com\/on-a-deux-vies\/\",\"logo\":{\"@type\":\"ImageObject\",\"inLanguage\":\"fr-FR\",\"@id\":\"https:\/\/www.ernestotimor.com\/on-a-deux-vies\/#\/schema\/logo\/image\/\",\"url\":\"https:\/\/www.ernestotimor.com\/on-a-deux-vies\/wp-content\/uploads\/2018\/04\/2-vi-logo.jpg\",\"contentUrl\":\"https:\/\/www.ernestotimor.com\/on-a-deux-vies\/wp-content\/uploads\/2018\/04\/2-vi-logo.jpg\",\"width\":240,\"height\":250,\"caption\":\"On a deux vies\"},\"image\":{\"@id\":\"https:\/\/www.ernestotimor.com\/on-a-deux-vies\/#\/schema\/logo\/image\/\"},\"sameAs\":[\"https:\/\/www.facebook.com\/Timor.Rocks\"]}]}<\/script>\n<!-- \/ Yoast SEO plugin. -->","yoast_head_json":{"title":"Le journal-laboratoire d'Ernesto Timor - On a deux vies","robots":{"index":"index","follow":"follow","max-snippet":"max-snippet:-1","max-image-preview":"max-image-preview:large","max-video-preview":"max-video-preview:-1"},"canonical":"https:\/\/www.ernestotimor.com\/on-a-deux-vies\/","og_locale":"fr_FR","og_type":"article","og_title":"Le journal-laboratoire d'Ernesto Timor - On a deux vies","og_description":"&hellip;","og_url":"https:\/\/www.ernestotimor.com\/on-a-deux-vies\/","og_site_name":"On a deux vies","article_publisher":"https:\/\/www.facebook.com\/Timor.Rocks","twitter_card":"summary_large_image","schema":{"@context":"https:\/\/schema.org","@graph":[{"@type":"WebPage","@id":"https:\/\/www.ernestotimor.com\/on-a-deux-vies\/","url":"https:\/\/www.ernestotimor.com\/on-a-deux-vies\/","name":"Le journal-laboratoire d'Ernesto Timor - On a deux vies","isPartOf":{"@id":"https:\/\/www.ernestotimor.com\/on-a-deux-vies\/#website"},"datePublished":"2019-09-27T09:21:51+00:00","breadcrumb":{"@id":"https:\/\/www.ernestotimor.com\/on-a-deux-vies\/#breadcrumb"},"inLanguage":"fr-FR","potentialAction":[{"@type":"ReadAction","target":["https:\/\/www.ernestotimor.com\/on-a-deux-vies\/"]}]},{"@type":"BreadcrumbList","@id":"https:\/\/www.ernestotimor.com\/on-a-deux-vies\/#breadcrumb","itemListElement":[{"@type":"ListItem","position":1,"name":"Accueil","item":"https:\/\/www.ernestotimor.com\/on-a-deux-vies\/"},{"@type":"ListItem","position":2,"name":"Le journal-laboratoire d&rsquo;Ernesto Timor"}]},{"@type":"WebSite","@id":"https:\/\/www.ernestotimor.com\/on-a-deux-vies\/#website","url":"https:\/\/www.ernestotimor.com\/on-a-deux-vies\/","name":"On a deux vies","description":"Le journal-laboratoire du photographe Ernesto Timor","publisher":{"@id":"https:\/\/www.ernestotimor.com\/on-a-deux-vies\/#organization"},"potentialAction":[{"@type":"SearchAction","target":{"@type":"EntryPoint","urlTemplate":"https:\/\/www.ernestotimor.com\/on-a-deux-vies\/?s={search_term_string}"},"query-input":{"@type":"PropertyValueSpecification","valueRequired":true,"valueName":"search_term_string"}}],"inLanguage":"fr-FR"},{"@type":"Organization","@id":"https:\/\/www.ernestotimor.com\/on-a-deux-vies\/#organization","name":"On a deux vies","url":"https:\/\/www.ernestotimor.com\/on-a-deux-vies\/","logo":{"@type":"ImageObject","inLanguage":"fr-FR","@id":"https:\/\/www.ernestotimor.com\/on-a-deux-vies\/#\/schema\/logo\/image\/","url":"https:\/\/www.ernestotimor.com\/on-a-deux-vies\/wp-content\/uploads\/2018\/04\/2-vi-logo.jpg","contentUrl":"https:\/\/www.ernestotimor.com\/on-a-deux-vies\/wp-content\/uploads\/2018\/04\/2-vi-logo.jpg","width":240,"height":250,"caption":"On a deux vies"},"image":{"@id":"https:\/\/www.ernestotimor.com\/on-a-deux-vies\/#\/schema\/logo\/image\/"},"sameAs":["https:\/\/www.facebook.com\/Timor.Rocks"]}]}},"_links":{"self":[{"href":"https:\/\/www.ernestotimor.com\/on-a-deux-vies\/wp-json\/wp\/v2\/pages\/1090","targetHints":{"allow":["GET"]}}],"collection":[{"href":"https:\/\/www.ernestotimor.com\/on-a-deux-vies\/wp-json\/wp\/v2\/pages"}],"about":[{"href":"https:\/\/www.ernestotimor.com\/on-a-deux-vies\/wp-json\/wp\/v2\/types\/page"}],"author":[{"embeddable":true,"href":"https:\/\/www.ernestotimor.com\/on-a-deux-vies\/wp-json\/wp\/v2\/users\/1"}],"replies":[{"embeddable":true,"href":"https:\/\/www.ernestotimor.com\/on-a-deux-vies\/wp-json\/wp\/v2\/comments?post=1090"}],"version-history":[{"count":0,"href":"https:\/\/www.ernestotimor.com\/on-a-deux-vies\/wp-json\/wp\/v2\/pages\/1090\/revisions"}],"wp:attachment":[{"href":"https:\/\/www.ernestotimor.com\/on-a-deux-vies\/wp-json\/wp\/v2\/media?parent=1090"}],"wp:term":[{"taxonomy":"category","embeddable":true,"href":"https:\/\/www.ernestotimor.com\/on-a-deux-vies\/wp-json\/wp\/v2\/categories?post=1090"},{"taxonomy":"post_tag","embeddable":true,"href":"https:\/\/www.ernestotimor.com\/on-a-deux-vies\/wp-json\/wp\/v2\/tags?post=1090"}],"curies":[{"name":"wp","href":"https:\/\/api.w.org\/{rel}","templated":true}]}}