{"id":100,"date":"2021-09-04T16:30:26","date_gmt":"2021-09-04T14:30:26","guid":{"rendered":"https:\/\/www.ernestotimor.com\/vues-partagees\/?page_id=100"},"modified":"2023-09-11T15:40:51","modified_gmt":"2023-09-11T13:40:51","slug":"ete-21-parlophonies-mix","status":"publish","type":"page","link":"https:\/\/www.ernestotimor.com\/vues-partagees\/ete-21-parlophonies-mix\/","title":{"rendered":"Et\u00e9 21 : Parlophonies Mix"},"content":{"rendered":"<h4><a href=\"https:\/\/www.ernestotimor.com\/vues-partagees\/wp-content\/uploads\/2021\/09\/TAG-prog-depliant-festival-aout-extrait-timor.jpg\"><img loading=\"lazy\" decoding=\"async\" class=\"alignright wp-image-104 size-medium\" src=\"https:\/\/www.ernestotimor.com\/vues-partagees\/wp-content\/uploads\/2021\/09\/TAG-prog-depliant-festival-aout-extrait-timor-500x355.jpg\" alt=\"\" width=\"500\" height=\"355\" srcset=\"https:\/\/www.ernestotimor.com\/vues-partagees\/wp-content\/uploads\/2021\/09\/TAG-prog-depliant-festival-aout-extrait-timor-500x355.jpg 500w, https:\/\/www.ernestotimor.com\/vues-partagees\/wp-content\/uploads\/2021\/09\/TAG-prog-depliant-festival-aout-extrait-timor-768x545.jpg 768w, https:\/\/www.ernestotimor.com\/vues-partagees\/wp-content\/uploads\/2021\/09\/TAG-prog-depliant-festival-aout-extrait-timor-1536x1090.jpg 1536w, https:\/\/www.ernestotimor.com\/vues-partagees\/wp-content\/uploads\/2021\/09\/TAG-prog-depliant-festival-aout-extrait-timor-423x300.jpg 423w, https:\/\/www.ernestotimor.com\/vues-partagees\/wp-content\/uploads\/2021\/09\/TAG-prog-depliant-festival-aout-extrait-timor.jpg 1600w\" sizes=\"auto, (max-width: 500px) 100vw, 500px\" \/><\/a>Premi\u00e8re restitution publique du projet : projection au festival Parlophonies, Grigny ao\u00fbt 21<\/h4>\n<p>Sur le plateau du <a href=\"https:\/\/www.amin-theatre.fr\/le-tag\/parlophonies-lete-du-tag\/\">TAG<\/a> momentan\u00e9ment reconverti en salle de projection, une soir\u00e9e Ernesto Timor intitul\u00e9e <em>La photo fait son cin\u00e9ma !<\/em><\/p>\n<p>Une vir\u00e9e visuelle et sonore sur des marges peu explor\u00e9es, entre r\u00e9alisme photographique, po\u00e9sie sonore, et \u00e9motions diverses \u00e0 forte section rythmique.<\/p>\n<p>En 1<sup>re<\/sup> partie, une visite de chantier de <em>Vues partag\u00e9es<\/em>.>En 2<sup>e<\/sup> partie, une s\u00e9lection de clips r\u00e9alis\u00e9s en collaboration avec d\u2019autres comparses plus bruyants\u2026&nbsp;<\/p>\n<h4>Aux fen\u00eatres de Grigny<\/h4>\n<p><a href=\"https:\/\/www.ernestotimor.com\/vues-partagees\/wp-content\/uploads\/2021\/09\/parlophonies-soireee-projection-feuille-de-salle.png\"><img loading=\"lazy\" decoding=\"async\" class=\"alignright size-medium wp-image-101\" src=\"https:\/\/www.ernestotimor.com\/vues-partagees\/wp-content\/uploads\/2021\/09\/parlophonies-soireee-projection-feuille-de-salle-500x355.png\" alt=\"\" width=\"500\" height=\"355\" srcset=\"https:\/\/www.ernestotimor.com\/vues-partagees\/wp-content\/uploads\/2021\/09\/parlophonies-soireee-projection-feuille-de-salle-500x355.png 500w, https:\/\/www.ernestotimor.com\/vues-partagees\/wp-content\/uploads\/2021\/09\/parlophonies-soireee-projection-feuille-de-salle-768x545.png 768w, https:\/\/www.ernestotimor.com\/vues-partagees\/wp-content\/uploads\/2021\/09\/parlophonies-soireee-projection-feuille-de-salle-1536x1090.png 1536w, https:\/\/www.ernestotimor.com\/vues-partagees\/wp-content\/uploads\/2021\/09\/parlophonies-soireee-projection-feuille-de-salle-423x300.png 423w, https:\/\/www.ernestotimor.com\/vues-partagees\/wp-content\/uploads\/2021\/09\/parlophonies-soireee-projection-feuille-de-salle.png 1600w\" sizes=\"auto, (max-width: 500px) 100vw, 500px\" \/><\/a>En compl\u00e9ment \u00e0 la projection : diffusion, dans un salon d&rsquo;\u00e9coute install\u00e9 au foyer, d\u2019un \u00e9chantillon du volet sonore du projet<em>.<\/em><\/p>\n<p>En effet, chaque portrait se double d\u2019un entretien avec le photographe (\u00e9galement dot\u00e9 d\u2019oreilles et de micro)\u2026 Ces paroles spontan\u00e9es, r\u00e9colt\u00e9es elles aussi \u00e0 la fen\u00eatre, nourriront \u00e0 terme la bande son de la projection et de l\u2019exposition finale\u2026 et\/ou autres formes de podcast \u00e0 inventer&nbsp;!<\/p>\n<p>Ce premier montage d&rsquo;une douzaine de minutes est un parcours \u00e0 travers les t\u00e9moignages de celles et ceux qui se sont d\u00e9j\u00e0 pr\u00eat\u00e9(e)s au jeu \u00e0 Grigny.<\/p>\n<div class=\"short-cry well well-small\">\n<audio class=\"wp-audio-shortcode\" id=\"audio-100-1\" preload=\"auto\" style=\"width: 100%;\" controls=\"controls\"><source type=\"audio\/mpeg\" src=\"https:\/\/www.ernestotimor.com\/vues-partagees\/wp-content\/uploads\/2021\/09\/VP-Grigny-tout-le-monde.mp3?_=1\" \/><a href=\"https:\/\/www.ernestotimor.com\/vues-partagees\/wp-content\/uploads\/2021\/09\/VP-Grigny-tout-le-monde.mp3\">https:\/\/www.ernestotimor.com\/vues-partagees\/wp-content\/uploads\/2021\/09\/VP-Grigny-tout-le-monde.mp3<\/a><\/audio>\n<hr class=\"short-cry divider height-1 margin-top-20 margin-bottom-20\" \/>\n<p class=\"copyrights\">Avec, par ordre d\u2019apparition : Chris, Lesly, Max, Fatima, Akichan, Sonia, Youssouf, Fatna (merci \u00e0 l&rsquo;association Sous Tous les Toits du Monde).<br \/>\nPrise de son et montage : Ernesto Timor. Avec l&rsquo;oreille ext\u00e9rieure d&rsquo;Appat203.<\/p>\n<\/div>\n","protected":false},"excerpt":{"rendered":"<p>Premi\u00e8re restitution publique du projet au festival Parlophonies, \u00e0 Grigny en ao\u00fbt 21.<br \/>\nUne projection d&rsquo;\u00e9tape que vous pouvez visionner en ligne, mais aussi, en bonus, des \u00e9chantillons sonores des rencontres \u00e0 la Grande Borne\u2026<\/p>\n","protected":false},"author":1,"featured_media":118,"parent":0,"menu_order":2,"comment_status":"closed","ping_status":"closed","template":"","meta":{"_monsterinsights_skip_tracking":false,"_monsterinsights_sitenote_active":false,"_monsterinsights_sitenote_note":"","_monsterinsights_sitenote_category":0,"ngg_post_thumbnail":0,"footnotes":""},"categories":[2],"tags":[],"class_list":["post-100","page","type-page","status-publish","has-post-thumbnail","hentry","category-la-totale"],"yoast_head":"<!-- This site is optimized with the Yoast SEO plugin v27.1.1 - https:\/\/yoast.com\/product\/yoast-seo-wordpress\/ -->\n<title>Et\u00e9 21 : Parlophonies Mix - Le point de vue de ma fen\u00eatre<\/title>\n<meta name=\"robots\" content=\"index, follow, max-snippet:-1, max-image-preview:large, max-video-preview:-1\" \/>\n<link rel=\"canonical\" href=\"https:\/\/www.ernestotimor.com\/vues-partagees\/ete-21-parlophonies-mix\/\" \/>\n<meta property=\"og:locale\" content=\"fr_FR\" \/>\n<meta property=\"og:type\" content=\"article\" \/>\n<meta property=\"og:title\" content=\"Et\u00e9 21 : Parlophonies Mix - Le point de vue de ma fen\u00eatre\" \/>\n<meta property=\"og:description\" content=\"Premi\u00e8re restitution publique du projet au festival Parlophonies, \u00e0 Grigny en ao\u00fbt 21. Une projection d&#039;\u00e9tape que vous pouvez visionner en ligne, mais aussi, en bonus, des \u00e9chantillons sonores des rencontres \u00e0 la Grande Borne\u2026\" \/>\n<meta property=\"og:url\" content=\"https:\/\/www.ernestotimor.com\/vues-partagees\/ete-21-parlophonies-mix\/\" \/>\n<meta property=\"og:site_name\" content=\"Le point de vue de ma fen\u00eatre\" \/>\n<meta property=\"article:modified_time\" content=\"2023-09-11T13:40:51+00:00\" \/>\n<meta property=\"og:image\" content=\"https:\/\/www.ernestotimor.com\/vues-partagees\/wp-content\/uploads\/2021\/09\/2103-vues-partagees5703-16.jpg\" \/>\n\t<meta property=\"og:image:width\" content=\"1600\" \/>\n\t<meta property=\"og:image:height\" content=\"1068\" \/>\n\t<meta property=\"og:image:type\" content=\"image\/jpeg\" \/>\n<meta name=\"twitter:card\" content=\"summary_large_image\" \/>\n<meta name=\"twitter:label1\" content=\"Dur\u00e9e de lecture estim\u00e9e\" \/>\n\t<meta name=\"twitter:data1\" content=\"2 minutes\" \/>\n<script type=\"application\/ld+json\" class=\"yoast-schema-graph\">{\"@context\":\"https:\/\/schema.org\",\"@graph\":[{\"@type\":\"WebPage\",\"@id\":\"https:\/\/www.ernestotimor.com\/vues-partagees\/ete-21-parlophonies-mix\/\",\"url\":\"https:\/\/www.ernestotimor.com\/vues-partagees\/ete-21-parlophonies-mix\/\",\"name\":\"Et\u00e9 21 : Parlophonies Mix - Le point de vue de ma fen\u00eatre\",\"isPartOf\":{\"@id\":\"http:\/\/www.ernestotimor.com\/vues-partagees\/#website\"},\"primaryImageOfPage\":{\"@id\":\"https:\/\/www.ernestotimor.com\/vues-partagees\/ete-21-parlophonies-mix\/#primaryimage\"},\"image\":{\"@id\":\"https:\/\/www.ernestotimor.com\/vues-partagees\/ete-21-parlophonies-mix\/#primaryimage\"},\"thumbnailUrl\":\"https:\/\/www.ernestotimor.com\/vues-partagees\/wp-content\/uploads\/2021\/09\/2103-vues-partagees5703-16.jpg\",\"datePublished\":\"2021-09-04T14:30:26+00:00\",\"dateModified\":\"2023-09-11T13:40:51+00:00\",\"breadcrumb\":{\"@id\":\"https:\/\/www.ernestotimor.com\/vues-partagees\/ete-21-parlophonies-mix\/#breadcrumb\"},\"inLanguage\":\"fr-FR\",\"potentialAction\":[{\"@type\":\"ReadAction\",\"target\":[\"https:\/\/www.ernestotimor.com\/vues-partagees\/ete-21-parlophonies-mix\/\"]}]},{\"@type\":\"ImageObject\",\"inLanguage\":\"fr-FR\",\"@id\":\"https:\/\/www.ernestotimor.com\/vues-partagees\/ete-21-parlophonies-mix\/#primaryimage\",\"url\":\"https:\/\/www.ernestotimor.com\/vues-partagees\/wp-content\/uploads\/2021\/09\/2103-vues-partagees5703-16.jpg\",\"contentUrl\":\"https:\/\/www.ernestotimor.com\/vues-partagees\/wp-content\/uploads\/2021\/09\/2103-vues-partagees5703-16.jpg\",\"width\":1600,\"height\":1068},{\"@type\":\"BreadcrumbList\",\"@id\":\"https:\/\/www.ernestotimor.com\/vues-partagees\/ete-21-parlophonies-mix\/#breadcrumb\",\"itemListElement\":[{\"@type\":\"ListItem\",\"position\":1,\"name\":\"Accueil\",\"item\":\"http:\/\/www.ernestotimor.com\/vues-partagees\/\"},{\"@type\":\"ListItem\",\"position\":2,\"name\":\"Et\u00e9 21 : Parlophonies Mix\"}]},{\"@type\":\"WebSite\",\"@id\":\"http:\/\/www.ernestotimor.com\/vues-partagees\/#website\",\"url\":\"http:\/\/www.ernestotimor.com\/vues-partagees\/\",\"name\":\"Le point de vue de ma fen\u00eatre\",\"description\":\"Vues partag\u00e9es\",\"potentialAction\":[{\"@type\":\"SearchAction\",\"target\":{\"@type\":\"EntryPoint\",\"urlTemplate\":\"http:\/\/www.ernestotimor.com\/vues-partagees\/?s={search_term_string}\"},\"query-input\":{\"@type\":\"PropertyValueSpecification\",\"valueRequired\":true,\"valueName\":\"search_term_string\"}}],\"inLanguage\":\"fr-FR\"}]}<\/script>\n<!-- \/ Yoast SEO plugin. -->","yoast_head_json":{"title":"Et\u00e9 21 : Parlophonies Mix - Le point de vue de ma fen\u00eatre","robots":{"index":"index","follow":"follow","max-snippet":"max-snippet:-1","max-image-preview":"max-image-preview:large","max-video-preview":"max-video-preview:-1"},"canonical":"https:\/\/www.ernestotimor.com\/vues-partagees\/ete-21-parlophonies-mix\/","og_locale":"fr_FR","og_type":"article","og_title":"Et\u00e9 21 : Parlophonies Mix - Le point de vue de ma fen\u00eatre","og_description":"Premi\u00e8re restitution publique du projet au festival Parlophonies, \u00e0 Grigny en ao\u00fbt 21. Une projection d'\u00e9tape que vous pouvez visionner en ligne, mais aussi, en bonus, des \u00e9chantillons sonores des rencontres \u00e0 la Grande Borne\u2026","og_url":"https:\/\/www.ernestotimor.com\/vues-partagees\/ete-21-parlophonies-mix\/","og_site_name":"Le point de vue de ma fen\u00eatre","article_modified_time":"2023-09-11T13:40:51+00:00","og_image":[{"width":1600,"height":1068,"url":"https:\/\/www.ernestotimor.com\/vues-partagees\/wp-content\/uploads\/2021\/09\/2103-vues-partagees5703-16.jpg","type":"image\/jpeg"}],"twitter_card":"summary_large_image","twitter_misc":{"Dur\u00e9e de lecture estim\u00e9e":"2 minutes"},"schema":{"@context":"https:\/\/schema.org","@graph":[{"@type":"WebPage","@id":"https:\/\/www.ernestotimor.com\/vues-partagees\/ete-21-parlophonies-mix\/","url":"https:\/\/www.ernestotimor.com\/vues-partagees\/ete-21-parlophonies-mix\/","name":"Et\u00e9 21 : Parlophonies Mix - Le point de vue de ma fen\u00eatre","isPartOf":{"@id":"http:\/\/www.ernestotimor.com\/vues-partagees\/#website"},"primaryImageOfPage":{"@id":"https:\/\/www.ernestotimor.com\/vues-partagees\/ete-21-parlophonies-mix\/#primaryimage"},"image":{"@id":"https:\/\/www.ernestotimor.com\/vues-partagees\/ete-21-parlophonies-mix\/#primaryimage"},"thumbnailUrl":"https:\/\/www.ernestotimor.com\/vues-partagees\/wp-content\/uploads\/2021\/09\/2103-vues-partagees5703-16.jpg","datePublished":"2021-09-04T14:30:26+00:00","dateModified":"2023-09-11T13:40:51+00:00","breadcrumb":{"@id":"https:\/\/www.ernestotimor.com\/vues-partagees\/ete-21-parlophonies-mix\/#breadcrumb"},"inLanguage":"fr-FR","potentialAction":[{"@type":"ReadAction","target":["https:\/\/www.ernestotimor.com\/vues-partagees\/ete-21-parlophonies-mix\/"]}]},{"@type":"ImageObject","inLanguage":"fr-FR","@id":"https:\/\/www.ernestotimor.com\/vues-partagees\/ete-21-parlophonies-mix\/#primaryimage","url":"https:\/\/www.ernestotimor.com\/vues-partagees\/wp-content\/uploads\/2021\/09\/2103-vues-partagees5703-16.jpg","contentUrl":"https:\/\/www.ernestotimor.com\/vues-partagees\/wp-content\/uploads\/2021\/09\/2103-vues-partagees5703-16.jpg","width":1600,"height":1068},{"@type":"BreadcrumbList","@id":"https:\/\/www.ernestotimor.com\/vues-partagees\/ete-21-parlophonies-mix\/#breadcrumb","itemListElement":[{"@type":"ListItem","position":1,"name":"Accueil","item":"http:\/\/www.ernestotimor.com\/vues-partagees\/"},{"@type":"ListItem","position":2,"name":"Et\u00e9 21 : Parlophonies Mix"}]},{"@type":"WebSite","@id":"http:\/\/www.ernestotimor.com\/vues-partagees\/#website","url":"http:\/\/www.ernestotimor.com\/vues-partagees\/","name":"Le point de vue de ma fen\u00eatre","description":"Vues partag\u00e9es","potentialAction":[{"@type":"SearchAction","target":{"@type":"EntryPoint","urlTemplate":"http:\/\/www.ernestotimor.com\/vues-partagees\/?s={search_term_string}"},"query-input":{"@type":"PropertyValueSpecification","valueRequired":true,"valueName":"search_term_string"}}],"inLanguage":"fr-FR"}]}},"jetpack_sharing_enabled":true,"_links":{"self":[{"href":"https:\/\/www.ernestotimor.com\/vues-partagees\/wp-json\/wp\/v2\/pages\/100","targetHints":{"allow":["GET"]}}],"collection":[{"href":"https:\/\/www.ernestotimor.com\/vues-partagees\/wp-json\/wp\/v2\/pages"}],"about":[{"href":"https:\/\/www.ernestotimor.com\/vues-partagees\/wp-json\/wp\/v2\/types\/page"}],"author":[{"embeddable":true,"href":"https:\/\/www.ernestotimor.com\/vues-partagees\/wp-json\/wp\/v2\/users\/1"}],"replies":[{"embeddable":true,"href":"https:\/\/www.ernestotimor.com\/vues-partagees\/wp-json\/wp\/v2\/comments?post=100"}],"version-history":[{"count":3,"href":"https:\/\/www.ernestotimor.com\/vues-partagees\/wp-json\/wp\/v2\/pages\/100\/revisions"}],"predecessor-version":[{"id":593,"href":"https:\/\/www.ernestotimor.com\/vues-partagees\/wp-json\/wp\/v2\/pages\/100\/revisions\/593"}],"wp:featuredmedia":[{"embeddable":true,"href":"https:\/\/www.ernestotimor.com\/vues-partagees\/wp-json\/wp\/v2\/media\/118"}],"wp:attachment":[{"href":"https:\/\/www.ernestotimor.com\/vues-partagees\/wp-json\/wp\/v2\/media?parent=100"}],"wp:term":[{"taxonomy":"category","embeddable":true,"href":"https:\/\/www.ernestotimor.com\/vues-partagees\/wp-json\/wp\/v2\/categories?post=100"},{"taxonomy":"post_tag","embeddable":true,"href":"https:\/\/www.ernestotimor.com\/vues-partagees\/wp-json\/wp\/v2\/tags?post=100"}],"curies":[{"name":"wp","href":"https:\/\/api.w.org\/{rel}","templated":true}]}}