{"id":96,"date":"2025-09-01T16:07:40","date_gmt":"2025-09-01T14:07:40","guid":{"rendered":"https:\/\/www.ernestotimor.com\/vues-partagees\/?page_id=96"},"modified":"2025-11-19T10:24:31","modified_gmt":"2025-11-19T09:24:31","slug":"professionnels","status":"publish","type":"page","link":"https:\/\/www.ernestotimor.com\/vues-partagees\/professionnels\/","title":{"rendered":"Dossier professionnel"},"content":{"rendered":"<p>Retrouvez les \u00e9l\u00e9ments de pr\u00e9sentation g\u00e9n\u00e9rale de ce site et des suppl\u00e9ments pouvant int\u00e9resser les professionnels (calendrier, partenariats, exemples d&rsquo;intervention en territoire\u2026) en un document unique \u00e0 feuilleter ou t\u00e9l\u00e9charger.<\/p>\n<p><iframe class=\"fp-iframe\" style=\"border: 0px; width: 100%; height: 600px;\" src=\"https:\/\/heyzine.com\/flip-book\/4dfaf6f387.html\" scrolling=\"no\" allowfullscreen=\"allowfullscreen\"><\/iframe><\/p>\n","protected":false},"excerpt":{"rendered":"<p>Retrouvez les \u00e9l\u00e9ments de pr\u00e9sentation g\u00e9n\u00e9rale de ce site et des suppl\u00e9ments pouvant int\u00e9resser les professionnels (calendrier, partenariats, exemples d&rsquo;intervention en territoire\u2026) regroup\u00e9s en un dossier \u00e0 feuilleter ou t\u00e9l\u00e9charger (pdf).<\/p>\n","protected":false},"author":1,"featured_media":217,"parent":0,"menu_order":10,"comment_status":"closed","ping_status":"closed","template":"","meta":{"_monsterinsights_skip_tracking":false,"_monsterinsights_sitenote_active":false,"_monsterinsights_sitenote_note":"","_monsterinsights_sitenote_category":0,"ngg_post_thumbnail":0,"footnotes":""},"categories":[2],"tags":[],"class_list":["post-96","page","type-page","status-publish","has-post-thumbnail","hentry","category-la-totale"],"yoast_head":"<!-- This site is optimized with the Yoast SEO plugin v27.1.1 - https:\/\/yoast.com\/product\/yoast-seo-wordpress\/ -->\n<title>Dossier professionnel - Le point de vue de ma fen\u00eatre<\/title>\n<meta name=\"robots\" content=\"index, follow, max-snippet:-1, max-image-preview:large, max-video-preview:-1\" \/>\n<link rel=\"canonical\" href=\"https:\/\/www.ernestotimor.com\/vues-partagees\/professionnels\/\" \/>\n<meta property=\"og:locale\" content=\"fr_FR\" \/>\n<meta property=\"og:type\" content=\"article\" \/>\n<meta property=\"og:title\" content=\"Dossier professionnel - Le point de vue de ma fen\u00eatre\" \/>\n<meta property=\"og:description\" content=\"Retrouvez les \u00e9l\u00e9ments de pr\u00e9sentation g\u00e9n\u00e9rale de ce site et des suppl\u00e9ments pouvant int\u00e9resser les professionnels (calendrier, partenariats, exemples d&#039;intervention en territoire\u2026) regroup\u00e9s en un dossier \u00e0 feuilleter ou t\u00e9l\u00e9charger (pdf).\" \/>\n<meta property=\"og:url\" content=\"https:\/\/www.ernestotimor.com\/vues-partagees\/professionnels\/\" \/>\n<meta property=\"og:site_name\" content=\"Le point de vue de ma fen\u00eatre\" \/>\n<meta property=\"article:modified_time\" content=\"2025-11-19T09:24:31+00:00\" \/>\n<meta property=\"og:image\" content=\"https:\/\/www.ernestotimor.com\/vues-partagees\/wp-content\/uploads\/2022\/05\/2011-vues-partagees7635-16.jpg\" \/>\n\t<meta property=\"og:image:width\" content=\"1600\" \/>\n\t<meta property=\"og:image:height\" content=\"1068\" \/>\n\t<meta property=\"og:image:type\" content=\"image\/jpeg\" \/>\n<meta name=\"twitter:card\" content=\"summary_large_image\" \/>\n<meta name=\"twitter:label1\" content=\"Dur\u00e9e de lecture estim\u00e9e\" \/>\n\t<meta name=\"twitter:data1\" content=\"1 minute\" \/>\n<script type=\"application\/ld+json\" class=\"yoast-schema-graph\">{\"@context\":\"https:\/\/schema.org\",\"@graph\":[{\"@type\":\"WebPage\",\"@id\":\"https:\/\/www.ernestotimor.com\/vues-partagees\/professionnels\/\",\"url\":\"https:\/\/www.ernestotimor.com\/vues-partagees\/professionnels\/\",\"name\":\"Dossier professionnel - Le point de vue de ma fen\u00eatre\",\"isPartOf\":{\"@id\":\"http:\/\/www.ernestotimor.com\/vues-partagees\/#website\"},\"primaryImageOfPage\":{\"@id\":\"https:\/\/www.ernestotimor.com\/vues-partagees\/professionnels\/#primaryimage\"},\"image\":{\"@id\":\"https:\/\/www.ernestotimor.com\/vues-partagees\/professionnels\/#primaryimage\"},\"thumbnailUrl\":\"https:\/\/www.ernestotimor.com\/vues-partagees\/wp-content\/uploads\/2022\/05\/2011-vues-partagees7635-16.jpg\",\"datePublished\":\"2025-09-01T14:07:40+00:00\",\"dateModified\":\"2025-11-19T09:24:31+00:00\",\"breadcrumb\":{\"@id\":\"https:\/\/www.ernestotimor.com\/vues-partagees\/professionnels\/#breadcrumb\"},\"inLanguage\":\"fr-FR\",\"potentialAction\":[{\"@type\":\"ReadAction\",\"target\":[\"https:\/\/www.ernestotimor.com\/vues-partagees\/professionnels\/\"]}]},{\"@type\":\"ImageObject\",\"inLanguage\":\"fr-FR\",\"@id\":\"https:\/\/www.ernestotimor.com\/vues-partagees\/professionnels\/#primaryimage\",\"url\":\"https:\/\/www.ernestotimor.com\/vues-partagees\/wp-content\/uploads\/2022\/05\/2011-vues-partagees7635-16.jpg\",\"contentUrl\":\"https:\/\/www.ernestotimor.com\/vues-partagees\/wp-content\/uploads\/2022\/05\/2011-vues-partagees7635-16.jpg\",\"width\":1600,\"height\":1068},{\"@type\":\"BreadcrumbList\",\"@id\":\"https:\/\/www.ernestotimor.com\/vues-partagees\/professionnels\/#breadcrumb\",\"itemListElement\":[{\"@type\":\"ListItem\",\"position\":1,\"name\":\"Accueil\",\"item\":\"http:\/\/www.ernestotimor.com\/vues-partagees\/\"},{\"@type\":\"ListItem\",\"position\":2,\"name\":\"Dossier professionnel\"}]},{\"@type\":\"WebSite\",\"@id\":\"http:\/\/www.ernestotimor.com\/vues-partagees\/#website\",\"url\":\"http:\/\/www.ernestotimor.com\/vues-partagees\/\",\"name\":\"Le point de vue de ma fen\u00eatre\",\"description\":\"Vues partag\u00e9es\",\"potentialAction\":[{\"@type\":\"SearchAction\",\"target\":{\"@type\":\"EntryPoint\",\"urlTemplate\":\"http:\/\/www.ernestotimor.com\/vues-partagees\/?s={search_term_string}\"},\"query-input\":{\"@type\":\"PropertyValueSpecification\",\"valueRequired\":true,\"valueName\":\"search_term_string\"}}],\"inLanguage\":\"fr-FR\"}]}<\/script>\n<!-- \/ Yoast SEO plugin. -->","yoast_head_json":{"title":"Dossier professionnel - Le point de vue de ma fen\u00eatre","robots":{"index":"index","follow":"follow","max-snippet":"max-snippet:-1","max-image-preview":"max-image-preview:large","max-video-preview":"max-video-preview:-1"},"canonical":"https:\/\/www.ernestotimor.com\/vues-partagees\/professionnels\/","og_locale":"fr_FR","og_type":"article","og_title":"Dossier professionnel - Le point de vue de ma fen\u00eatre","og_description":"Retrouvez les \u00e9l\u00e9ments de pr\u00e9sentation g\u00e9n\u00e9rale de ce site et des suppl\u00e9ments pouvant int\u00e9resser les professionnels (calendrier, partenariats, exemples d'intervention en territoire\u2026) regroup\u00e9s en un dossier \u00e0 feuilleter ou t\u00e9l\u00e9charger (pdf).","og_url":"https:\/\/www.ernestotimor.com\/vues-partagees\/professionnels\/","og_site_name":"Le point de vue de ma fen\u00eatre","article_modified_time":"2025-11-19T09:24:31+00:00","og_image":[{"width":1600,"height":1068,"url":"https:\/\/www.ernestotimor.com\/vues-partagees\/wp-content\/uploads\/2022\/05\/2011-vues-partagees7635-16.jpg","type":"image\/jpeg"}],"twitter_card":"summary_large_image","twitter_misc":{"Dur\u00e9e de lecture estim\u00e9e":"1 minute"},"schema":{"@context":"https:\/\/schema.org","@graph":[{"@type":"WebPage","@id":"https:\/\/www.ernestotimor.com\/vues-partagees\/professionnels\/","url":"https:\/\/www.ernestotimor.com\/vues-partagees\/professionnels\/","name":"Dossier professionnel - Le point de vue de ma fen\u00eatre","isPartOf":{"@id":"http:\/\/www.ernestotimor.com\/vues-partagees\/#website"},"primaryImageOfPage":{"@id":"https:\/\/www.ernestotimor.com\/vues-partagees\/professionnels\/#primaryimage"},"image":{"@id":"https:\/\/www.ernestotimor.com\/vues-partagees\/professionnels\/#primaryimage"},"thumbnailUrl":"https:\/\/www.ernestotimor.com\/vues-partagees\/wp-content\/uploads\/2022\/05\/2011-vues-partagees7635-16.jpg","datePublished":"2025-09-01T14:07:40+00:00","dateModified":"2025-11-19T09:24:31+00:00","breadcrumb":{"@id":"https:\/\/www.ernestotimor.com\/vues-partagees\/professionnels\/#breadcrumb"},"inLanguage":"fr-FR","potentialAction":[{"@type":"ReadAction","target":["https:\/\/www.ernestotimor.com\/vues-partagees\/professionnels\/"]}]},{"@type":"ImageObject","inLanguage":"fr-FR","@id":"https:\/\/www.ernestotimor.com\/vues-partagees\/professionnels\/#primaryimage","url":"https:\/\/www.ernestotimor.com\/vues-partagees\/wp-content\/uploads\/2022\/05\/2011-vues-partagees7635-16.jpg","contentUrl":"https:\/\/www.ernestotimor.com\/vues-partagees\/wp-content\/uploads\/2022\/05\/2011-vues-partagees7635-16.jpg","width":1600,"height":1068},{"@type":"BreadcrumbList","@id":"https:\/\/www.ernestotimor.com\/vues-partagees\/professionnels\/#breadcrumb","itemListElement":[{"@type":"ListItem","position":1,"name":"Accueil","item":"http:\/\/www.ernestotimor.com\/vues-partagees\/"},{"@type":"ListItem","position":2,"name":"Dossier professionnel"}]},{"@type":"WebSite","@id":"http:\/\/www.ernestotimor.com\/vues-partagees\/#website","url":"http:\/\/www.ernestotimor.com\/vues-partagees\/","name":"Le point de vue de ma fen\u00eatre","description":"Vues partag\u00e9es","potentialAction":[{"@type":"SearchAction","target":{"@type":"EntryPoint","urlTemplate":"http:\/\/www.ernestotimor.com\/vues-partagees\/?s={search_term_string}"},"query-input":{"@type":"PropertyValueSpecification","valueRequired":true,"valueName":"search_term_string"}}],"inLanguage":"fr-FR"}]}},"jetpack_sharing_enabled":true,"_links":{"self":[{"href":"https:\/\/www.ernestotimor.com\/vues-partagees\/wp-json\/wp\/v2\/pages\/96","targetHints":{"allow":["GET"]}}],"collection":[{"href":"https:\/\/www.ernestotimor.com\/vues-partagees\/wp-json\/wp\/v2\/pages"}],"about":[{"href":"https:\/\/www.ernestotimor.com\/vues-partagees\/wp-json\/wp\/v2\/types\/page"}],"author":[{"embeddable":true,"href":"https:\/\/www.ernestotimor.com\/vues-partagees\/wp-json\/wp\/v2\/users\/1"}],"replies":[{"embeddable":true,"href":"https:\/\/www.ernestotimor.com\/vues-partagees\/wp-json\/wp\/v2\/comments?post=96"}],"version-history":[{"count":15,"href":"https:\/\/www.ernestotimor.com\/vues-partagees\/wp-json\/wp\/v2\/pages\/96\/revisions"}],"predecessor-version":[{"id":829,"href":"https:\/\/www.ernestotimor.com\/vues-partagees\/wp-json\/wp\/v2\/pages\/96\/revisions\/829"}],"wp:featuredmedia":[{"embeddable":true,"href":"https:\/\/www.ernestotimor.com\/vues-partagees\/wp-json\/wp\/v2\/media\/217"}],"wp:attachment":[{"href":"https:\/\/www.ernestotimor.com\/vues-partagees\/wp-json\/wp\/v2\/media?parent=96"}],"wp:term":[{"taxonomy":"category","embeddable":true,"href":"https:\/\/www.ernestotimor.com\/vues-partagees\/wp-json\/wp\/v2\/categories?post=96"},{"taxonomy":"post_tag","embeddable":true,"href":"https:\/\/www.ernestotimor.com\/vues-partagees\/wp-json\/wp\/v2\/tags?post=96"}],"curies":[{"name":"wp","href":"https:\/\/api.w.org\/{rel}","templated":true}]}}